{"id":128340,"date":"2026-05-07T01:12:19","date_gmt":"2026-05-07T04:12:19","guid":{"rendered":"https:\/\/www.hediyepazar.com\/?product=arac-havalandirma-telefon-tutucu-tek-elle-kullanim-telefon-standi"},"modified":"2026-05-07T01:12:19","modified_gmt":"2026-05-07T04:12:19","slug":"arac-havalandirma-telefon-tutucu-tek-elle-kullanim-telefon-standi","status":"publish","type":"product","link":"https:\/\/www.hediyepazar.com\/?product=arac-havalandirma-telefon-tutucu-tek-elle-kullanim-telefon-standi","title":{"rendered":"Ara\u00e7 Havaland\u0131rma Telefon Tutucu Tek Elle Kullan\u0131m Telefon Stand\u0131"},"content":{"rendered":"<p>Ara\u00e7 telefon tutucu, telefonunuzu ara\u00e7 i\u00e7erisinde g\u00fcvenli \u015fekilde sabitlemek i\u00e7in tasarlanm\u0131\u015f kullan\u0131\u015fl\u0131 bir aksesuard\u0131r. Havaland\u0131rma \u0131zgaras\u0131na monte edilen yap\u0131s\u0131 sayesinde kolay kurulum sa\u011flar.360 derece d\u00f6nebilen ba\u015fl\u0131k sayesinde telefonunuzu farkl\u0131 a\u00e7\u0131larda kullanabilirsiniz. Bu sayede navigasyon ve medya kullan\u0131m\u0131n\u0131 daha rahat ger\u00e7ekle\u015ftirebilirsiniz.Otomatik kilitli klips sistemi telefonu yerle\u015ftirdi\u011finizde cihaz\u0131 sabit tutar ve sars\u0131nt\u0131l\u0131 yollarda bile g\u00fcvenli kullan\u0131m sa\u011flar.Bir\u00e7ok ak\u0131ll\u0131 telefon modeli ile uyumlu tasar\u0131m\u0131 sayesinde geni\u015f kullan\u0131m alan\u0131 sunar.<\/p>\n","protected":false},"excerpt":{"rendered":"<p>Ara\u00e7 telefon tutucu, telefonunuzu ara\u00e7 i\u00e7erisinde g\u00fcvenli \u015fekilde sabitlemek i\u00e7in tasarlanm\u0131\u015f kullan\u0131\u015fl\u0131 bir aksesuard\u0131r. Havaland\u0131rma \u0131zgaras\u0131na monte edilen yap\u0131s\u0131 sayesinde kolay kurulum sa\u011flar.360 derece d\u00f6nebilen ba\u015fl\u0131k sayesinde telefonunuzu farkl\u0131 a\u00e7\u0131larda kullanabilirsiniz. Bu sayede navigasyon ve medya kullan\u0131m\u0131n\u0131 daha rahat ger\u00e7ekle\u015ftirebilirsiniz.Otomatik kilitli klips sistemi telefonu yerle\u015ftirdi\u011finizde cihaz\u0131 sabit tutar ve sars\u0131nt\u0131l\u0131 yollarda bile g\u00fcvenli kullan\u0131m sa\u011flar.Bir\u00e7ok&#8230;<\/p>\n","protected":false},"featured_media":128339,"comment_status":"open","ping_status":"closed","template":"","meta":{"_kad_post_transparent":"","_kad_post_title":"","_kad_post_layout":"","_kad_post_sidebar_id":"","_kad_post_content_style":"","_kad_post_vertical_padding":"","_kad_post_feature":"","_kad_post_feature_position":"","_kad_post_header":false,"_kad_post_footer":false,"_kad_post_classname":""},"product_brand":[],"product_cat":[14983],"product_tag":[],"class_list":{"0":"post-128340","1":"product","2":"type-product","3":"status-publish","4":"has-post-thumbnail","6":"product_cat-telefon-tutucu-telefon-tutucu","8":"first","9":"instock","10":"purchasable","11":"product-type-simple","12":"entry","13":"content-bg","14":"loop-entry"},"_links":{"self":[{"href":"https:\/\/www.hediyepazar.com\/index.php?rest_route=\/wp\/v2\/product\/128340","targetHints":{"allow":["GET"]}}],"collection":[{"href":"https:\/\/www.hediyepazar.com\/index.php?rest_route=\/wp\/v2\/product"}],"about":[{"href":"https:\/\/www.hediyepazar.com\/index.php?rest_route=\/wp\/v2\/types\/product"}],"replies":[{"embeddable":true,"href":"https:\/\/www.hediyepazar.com\/index.php?rest_route=%2Fwp%2Fv2%2Fcomments&post=128340"}],"wp:featuredmedia":[{"embeddable":true,"href":"https:\/\/www.hediyepazar.com\/index.php?rest_route=\/wp\/v2\/media\/128339"}],"wp:attachment":[{"href":"https:\/\/www.hediyepazar.com\/index.php?rest_route=%2Fwp%2Fv2%2Fmedia&parent=128340"}],"wp:term":[{"taxonomy":"product_brand","embeddable":true,"href":"https:\/\/www.hediyepazar.com\/index.php?rest_route=%2Fwp%2Fv2%2Fproduct_brand&post=128340"},{"taxonomy":"product_cat","embeddable":true,"href":"https:\/\/www.hediyepazar.com\/index.php?rest_route=%2Fwp%2Fv2%2Fproduct_cat&post=128340"},{"taxonomy":"product_tag","embeddable":true,"href":"https:\/\/www.hediyepazar.com\/index.php?rest_route=%2Fwp%2Fv2%2Fproduct_tag&post=128340"}],"curies":[{"name":"wp","href":"https:\/\/api.w.org\/{rel}","templated":true}]}}