{"id":128342,"date":"2026-05-07T01:13:02","date_gmt":"2026-05-07T04:13:02","guid":{"rendered":"https:\/\/www.hediyepazar.com\/?product=360-doner-arac-telefon-tutucu-otomatik-kilit-mekanizmali-stand"},"modified":"2026-05-07T01:13:02","modified_gmt":"2026-05-07T04:13:02","slug":"360-doner-arac-telefon-tutucu-otomatik-kilit-mekanizmali-stand","status":"publish","type":"product","link":"https:\/\/www.hediyepazar.com\/?product=360-doner-arac-telefon-tutucu-otomatik-kilit-mekanizmali-stand","title":{"rendered":"360\u00b0 D\u00f6ner Ara\u00e7 Telefon Tutucu Otomatik Kilit Mekanizmal\u0131 Stand"},"content":{"rendered":"<p>Ara\u00e7 i\u00e7i telefon stand\u0131, s\u00fcr\u00fc\u015f s\u0131ras\u0131nda telefonunuzu sabit tutarak daha g\u00fcvenli bir kullan\u0131m sunar. Havaland\u0131rma \u0131zgaras\u0131na kolayca tak\u0131labilen montaj sistemi sayesinde ara\u00e7 i\u00e7erisinde pratik kullan\u0131m sa\u011flar.360 derece d\u00f6nebilen tasar\u0131m\u0131 sayesinde telefonunuzu istedi\u011finiz a\u00e7\u0131ya ayarlayabilirsiniz. Bu \u00f6zellik navigasyon ve telefon g\u00f6r\u00fc\u015fmelerinde kullan\u0131m kolayl\u0131\u011f\u0131 sa\u011flar.Otomatik kilit sistemi sayesinde telefon tutucuya yerle\u015ftirilen cihaz g\u00fcvenli \u015fekilde sabitlenir.4 ila 6.8 in\u00e7 aras\u0131ndaki ak\u0131ll\u0131 telefonlarla uyumlu yap\u0131s\u0131 sayesinde geni\u015f kullan\u0131m imkan\u0131 sunar.<\/p>\n","protected":false},"excerpt":{"rendered":"<p>Ara\u00e7 i\u00e7i telefon stand\u0131, s\u00fcr\u00fc\u015f s\u0131ras\u0131nda telefonunuzu sabit tutarak daha g\u00fcvenli bir kullan\u0131m sunar. Havaland\u0131rma \u0131zgaras\u0131na kolayca tak\u0131labilen montaj sistemi sayesinde ara\u00e7 i\u00e7erisinde pratik kullan\u0131m sa\u011flar.360 derece d\u00f6nebilen tasar\u0131m\u0131 sayesinde telefonunuzu istedi\u011finiz a\u00e7\u0131ya ayarlayabilirsiniz. Bu \u00f6zellik navigasyon ve telefon g\u00f6r\u00fc\u015fmelerinde kullan\u0131m kolayl\u0131\u011f\u0131 sa\u011flar.Otomatik kilit sistemi sayesinde telefon tutucuya yerle\u015ftirilen cihaz g\u00fcvenli \u015fekilde sabitlenir.4 ila 6.8&#8230;<\/p>\n","protected":false},"featured_media":128341,"comment_status":"open","ping_status":"closed","template":"","meta":{"_kad_post_transparent":"","_kad_post_title":"","_kad_post_layout":"","_kad_post_sidebar_id":"","_kad_post_content_style":"","_kad_post_vertical_padding":"","_kad_post_feature":"","_kad_post_feature_position":"","_kad_post_header":false,"_kad_post_footer":false,"_kad_post_classname":""},"product_brand":[],"product_cat":[14983],"product_tag":[],"class_list":{"0":"post-128342","1":"product","2":"type-product","3":"status-publish","4":"has-post-thumbnail","6":"product_cat-telefon-tutucu-telefon-tutucu","8":"first","9":"instock","10":"purchasable","11":"product-type-simple","12":"entry","13":"content-bg","14":"loop-entry"},"_links":{"self":[{"href":"https:\/\/www.hediyepazar.com\/index.php?rest_route=\/wp\/v2\/product\/128342","targetHints":{"allow":["GET"]}}],"collection":[{"href":"https:\/\/www.hediyepazar.com\/index.php?rest_route=\/wp\/v2\/product"}],"about":[{"href":"https:\/\/www.hediyepazar.com\/index.php?rest_route=\/wp\/v2\/types\/product"}],"replies":[{"embeddable":true,"href":"https:\/\/www.hediyepazar.com\/index.php?rest_route=%2Fwp%2Fv2%2Fcomments&post=128342"}],"wp:featuredmedia":[{"embeddable":true,"href":"https:\/\/www.hediyepazar.com\/index.php?rest_route=\/wp\/v2\/media\/128341"}],"wp:attachment":[{"href":"https:\/\/www.hediyepazar.com\/index.php?rest_route=%2Fwp%2Fv2%2Fmedia&parent=128342"}],"wp:term":[{"taxonomy":"product_brand","embeddable":true,"href":"https:\/\/www.hediyepazar.com\/index.php?rest_route=%2Fwp%2Fv2%2Fproduct_brand&post=128342"},{"taxonomy":"product_cat","embeddable":true,"href":"https:\/\/www.hediyepazar.com\/index.php?rest_route=%2Fwp%2Fv2%2Fproduct_cat&post=128342"},{"taxonomy":"product_tag","embeddable":true,"href":"https:\/\/www.hediyepazar.com\/index.php?rest_route=%2Fwp%2Fv2%2Fproduct_tag&post=128342"}],"curies":[{"name":"wp","href":"https:\/\/api.w.org\/{rel}","templated":true}]}}