{"id":128356,"date":"2026-05-07T01:14:18","date_gmt":"2026-05-07T04:14:18","guid":{"rendered":"https:\/\/www.hediyepazar.com\/?product=manyetik-arac-telefon-tutucu-360-derece-doner-guclu-miknatisli-stand"},"modified":"2026-05-07T01:14:18","modified_gmt":"2026-05-07T04:14:18","slug":"manyetik-arac-telefon-tutucu-360-derece-doner-guclu-miknatisli-stand","status":"publish","type":"product","link":"https:\/\/www.hediyepazar.com\/?product=manyetik-arac-telefon-tutucu-360-derece-doner-guclu-miknatisli-stand","title":{"rendered":"Manyetik Ara\u00e7 Telefon Tutucu 360 Derece D\u00f6ner G\u00fc\u00e7l\u00fc M\u0131knat\u0131sl\u0131 Stand"},"content":{"rendered":"<p>Ara\u00e7 i\u00e7i manyetik telefon tutucu, s\u00fcr\u00fc\u015f s\u0131ras\u0131nda telefonunuzu g\u00fcvenli ve sabit bir \u015fekilde kullanabilmeniz i\u00e7in tasarlanm\u0131\u015f pratik bir ara\u00e7 aksesuar\u0131d\u0131r. Modern al\u00fcminyum ala\u015f\u0131m malzemeden \u00fcretilmi\u015f dayan\u0131kl\u0131 g\u00f6vdesi sayesinde uzun s\u00fcreli kullan\u0131m sunar ve ara\u00e7 i\u00e7erisinde \u015f\u0131k bir g\u00f6r\u00fcn\u00fcm sa\u011flar.G\u00fc\u00e7l\u00fc m\u0131knat\u0131s yap\u0131s\u0131 telefonunuzu sa\u011flam \u015fekilde tutarak ani frenlerde veya sars\u0131nt\u0131l\u0131 yollarda bile g\u00fcvenli kullan\u0131m sa\u011flar. Bu sayede navigasyon, arama ve m\u00fczik kontrol\u00fc gibi i\u015flemleri rahatl\u0131kla ger\u00e7ekle\u015ftirebilirsiniz.360 derece d\u00f6nebilen ba\u015fl\u0131k sistemi sayesinde telefonunuzu istedi\u011finiz a\u00e7\u0131ya kolayca ayarlayabilirsiniz. Bu \u00f6zellik s\u00fcr\u00fc\u015f s\u0131ras\u0131nda en ideal g\u00f6r\u00fcnt\u00fcleme a\u00e7\u0131s\u0131n\u0131 elde etmenize yard\u0131mc\u0131 olur.Evrensel uyumlulu\u011fa sahip tasar\u0131m\u0131 sayesinde farkl\u0131 telefon modelleri ile kullan\u0131labilir. Pakete dahil olan metal halka sayesinde manyetik \u00f6zelli\u011fi olmayan cihazlarla da uyumlu \u015fekilde kullan\u0131labilir.<\/p>\n","protected":false},"excerpt":{"rendered":"<p>Ara\u00e7 i\u00e7i manyetik telefon tutucu, s\u00fcr\u00fc\u015f s\u0131ras\u0131nda telefonunuzu g\u00fcvenli ve sabit bir \u015fekilde kullanabilmeniz i\u00e7in tasarlanm\u0131\u015f pratik bir ara\u00e7 aksesuar\u0131d\u0131r. Modern al\u00fcminyum ala\u015f\u0131m malzemeden \u00fcretilmi\u015f dayan\u0131kl\u0131 g\u00f6vdesi sayesinde uzun s\u00fcreli kullan\u0131m sunar ve ara\u00e7 i\u00e7erisinde \u015f\u0131k bir g\u00f6r\u00fcn\u00fcm sa\u011flar.G\u00fc\u00e7l\u00fc m\u0131knat\u0131s yap\u0131s\u0131 telefonunuzu sa\u011flam \u015fekilde tutarak ani frenlerde veya sars\u0131nt\u0131l\u0131 yollarda bile g\u00fcvenli kullan\u0131m sa\u011flar. Bu&#8230;<\/p>\n","protected":false},"featured_media":128355,"comment_status":"open","ping_status":"closed","template":"","meta":{"_kad_post_transparent":"","_kad_post_title":"","_kad_post_layout":"","_kad_post_sidebar_id":"","_kad_post_content_style":"","_kad_post_vertical_padding":"","_kad_post_feature":"","_kad_post_feature_position":"","_kad_post_header":false,"_kad_post_footer":false,"_kad_post_classname":""},"product_brand":[],"product_cat":[14983],"product_tag":[],"class_list":{"0":"post-128356","1":"product","2":"type-product","3":"status-publish","4":"has-post-thumbnail","6":"product_cat-telefon-tutucu-telefon-tutucu","8":"first","9":"instock","10":"purchasable","11":"product-type-simple","12":"entry","13":"content-bg","14":"loop-entry"},"_links":{"self":[{"href":"https:\/\/www.hediyepazar.com\/index.php?rest_route=\/wp\/v2\/product\/128356","targetHints":{"allow":["GET"]}}],"collection":[{"href":"https:\/\/www.hediyepazar.com\/index.php?rest_route=\/wp\/v2\/product"}],"about":[{"href":"https:\/\/www.hediyepazar.com\/index.php?rest_route=\/wp\/v2\/types\/product"}],"replies":[{"embeddable":true,"href":"https:\/\/www.hediyepazar.com\/index.php?rest_route=%2Fwp%2Fv2%2Fcomments&post=128356"}],"wp:featuredmedia":[{"embeddable":true,"href":"https:\/\/www.hediyepazar.com\/index.php?rest_route=\/wp\/v2\/media\/128355"}],"wp:attachment":[{"href":"https:\/\/www.hediyepazar.com\/index.php?rest_route=%2Fwp%2Fv2%2Fmedia&parent=128356"}],"wp:term":[{"taxonomy":"product_brand","embeddable":true,"href":"https:\/\/www.hediyepazar.com\/index.php?rest_route=%2Fwp%2Fv2%2Fproduct_brand&post=128356"},{"taxonomy":"product_cat","embeddable":true,"href":"https:\/\/www.hediyepazar.com\/index.php?rest_route=%2Fwp%2Fv2%2Fproduct_cat&post=128356"},{"taxonomy":"product_tag","embeddable":true,"href":"https:\/\/www.hediyepazar.com\/index.php?rest_route=%2Fwp%2Fv2%2Fproduct_tag&post=128356"}],"curies":[{"name":"wp","href":"https:\/\/api.w.org\/{rel}","templated":true}]}}