{"id":128360,"date":"2026-05-07T01:14:58","date_gmt":"2026-05-07T04:14:58","guid":{"rendered":"https:\/\/www.hediyepazar.com\/?product=katlanabilir-manyetik-telefon-tutucu-arac-konsol-telefon-standi"},"modified":"2026-05-07T01:14:58","modified_gmt":"2026-05-07T04:14:58","slug":"katlanabilir-manyetik-telefon-tutucu-arac-konsol-telefon-standi","status":"publish","type":"product","link":"https:\/\/www.hediyepazar.com\/?product=katlanabilir-manyetik-telefon-tutucu-arac-konsol-telefon-standi","title":{"rendered":"Katlanabilir Manyetik Telefon Tutucu Ara\u00e7 Konsol Telefon Stand\u0131"},"content":{"rendered":"<p>Ara\u00e7 telefon tutucu, s\u00fcr\u00fc\u015f s\u0131ras\u0131nda telefonunuzu sabit tutarak daha g\u00fcvenli bir kullan\u0131m sa\u011flayan pratik bir ara\u00e7 i\u00e7i aksesuar\u0131d\u0131r. G\u00fc\u00e7l\u00fc m\u0131knat\u0131s yap\u0131s\u0131 sayesinde telefonunuzu sa\u011flam \u015fekilde sabitler ve sars\u0131nt\u0131l\u0131 yollarda bile stabil kullan\u0131m sunar.D\u00f6ner ba\u015fl\u0131k sistemi sayesinde telefonun a\u00e7\u0131s\u0131 kolayca ayarlanabilir. Bu sayede navigasyon, m\u00fczik veya arama i\u015flemleri s\u0131ras\u0131nda telefonu rahat \u015fekilde g\u00f6r\u00fcnt\u00fcleyebilirsiniz.Katlanabilir tasar\u0131m\u0131 sayesinde kullan\u0131lmad\u0131\u011f\u0131nda kolayca katlan\u0131r ve yer kaplamaz. Bu \u00f6zellik \u00fcr\u00fcn\u00fc hem pratik hem de ta\u015f\u0131nabilir hale getirir.Ara\u00e7 i\u00e7inde farkl\u0131 y\u00fczeylerde kullan\u0131labilecek \u015fekilde tasarlanm\u0131\u015ft\u0131r.<\/p>\n","protected":false},"excerpt":{"rendered":"<p>Ara\u00e7 telefon tutucu, s\u00fcr\u00fc\u015f s\u0131ras\u0131nda telefonunuzu sabit tutarak daha g\u00fcvenli bir kullan\u0131m sa\u011flayan pratik bir ara\u00e7 i\u00e7i aksesuar\u0131d\u0131r. G\u00fc\u00e7l\u00fc m\u0131knat\u0131s yap\u0131s\u0131 sayesinde telefonunuzu sa\u011flam \u015fekilde sabitler ve sars\u0131nt\u0131l\u0131 yollarda bile stabil kullan\u0131m sunar.D\u00f6ner ba\u015fl\u0131k sistemi sayesinde telefonun a\u00e7\u0131s\u0131 kolayca ayarlanabilir. Bu sayede navigasyon, m\u00fczik veya arama i\u015flemleri s\u0131ras\u0131nda telefonu rahat \u015fekilde g\u00f6r\u00fcnt\u00fcleyebilirsiniz.Katlanabilir tasar\u0131m\u0131 sayesinde kullan\u0131lmad\u0131\u011f\u0131nda&#8230;<\/p>\n","protected":false},"featured_media":128359,"comment_status":"open","ping_status":"closed","template":"","meta":{"_kad_post_transparent":"","_kad_post_title":"","_kad_post_layout":"","_kad_post_sidebar_id":"","_kad_post_content_style":"","_kad_post_vertical_padding":"","_kad_post_feature":"","_kad_post_feature_position":"","_kad_post_header":false,"_kad_post_footer":false,"_kad_post_classname":""},"product_brand":[],"product_cat":[14983],"product_tag":[],"class_list":{"0":"post-128360","1":"product","2":"type-product","3":"status-publish","4":"has-post-thumbnail","6":"product_cat-telefon-tutucu-telefon-tutucu","8":"first","9":"instock","10":"purchasable","11":"product-type-simple","12":"entry","13":"content-bg","14":"loop-entry"},"_links":{"self":[{"href":"https:\/\/www.hediyepazar.com\/index.php?rest_route=\/wp\/v2\/product\/128360","targetHints":{"allow":["GET"]}}],"collection":[{"href":"https:\/\/www.hediyepazar.com\/index.php?rest_route=\/wp\/v2\/product"}],"about":[{"href":"https:\/\/www.hediyepazar.com\/index.php?rest_route=\/wp\/v2\/types\/product"}],"replies":[{"embeddable":true,"href":"https:\/\/www.hediyepazar.com\/index.php?rest_route=%2Fwp%2Fv2%2Fcomments&post=128360"}],"wp:featuredmedia":[{"embeddable":true,"href":"https:\/\/www.hediyepazar.com\/index.php?rest_route=\/wp\/v2\/media\/128359"}],"wp:attachment":[{"href":"https:\/\/www.hediyepazar.com\/index.php?rest_route=%2Fwp%2Fv2%2Fmedia&parent=128360"}],"wp:term":[{"taxonomy":"product_brand","embeddable":true,"href":"https:\/\/www.hediyepazar.com\/index.php?rest_route=%2Fwp%2Fv2%2Fproduct_brand&post=128360"},{"taxonomy":"product_cat","embeddable":true,"href":"https:\/\/www.hediyepazar.com\/index.php?rest_route=%2Fwp%2Fv2%2Fproduct_cat&post=128360"},{"taxonomy":"product_tag","embeddable":true,"href":"https:\/\/www.hediyepazar.com\/index.php?rest_route=%2Fwp%2Fv2%2Fproduct_tag&post=128360"}],"curies":[{"name":"wp","href":"https:\/\/api.w.org\/{rel}","templated":true}]}}