{"id":128362,"date":"2026-05-07T01:15:05","date_gmt":"2026-05-07T04:15:05","guid":{"rendered":"https:\/\/www.hediyepazar.com\/?product=guclu-miknatisli-arac-telefon-tutucu-360-derece-doner-stand"},"modified":"2026-05-07T01:15:05","modified_gmt":"2026-05-07T04:15:05","slug":"guclu-miknatisli-arac-telefon-tutucu-360-derece-doner-stand","status":"publish","type":"product","link":"https:\/\/www.hediyepazar.com\/?product=guclu-miknatisli-arac-telefon-tutucu-360-derece-doner-stand","title":{"rendered":"G\u00fc\u00e7l\u00fc M\u0131knat\u0131sl\u0131 Ara\u00e7 Telefon Tutucu 360 Derece D\u00f6ner Stand"},"content":{"rendered":"<p>Manyetik ara\u00e7 telefon stand\u0131, s\u00fcr\u00fc\u015f s\u0131ras\u0131nda telefonunuzu sabit tutarak navigasyon ve \u00e7a\u011fr\u0131 kullan\u0131m\u0131n\u0131 daha g\u00fcvenli hale getirir. G\u00fc\u00e7l\u00fc m\u0131knat\u0131s sistemi sayesinde telefonunuzu sa\u011flam \u015fekilde tutar ve s\u00fcr\u00fc\u015f s\u0131ras\u0131nda d\u00fc\u015fmesini \u00f6nler.360 derece d\u00f6nebilen mekanizmas\u0131 sayesinde telefonun a\u00e7\u0131s\u0131 kolayca ayarlanabilir. Bu \u00f6zellik farkl\u0131 s\u00fcr\u00fc\u015f pozisyonlar\u0131na g\u00f6re kullan\u0131m kolayl\u0131\u011f\u0131 sa\u011flar.Katlanabilir tasar\u0131m\u0131 sayesinde kullan\u0131lmad\u0131\u011f\u0131nda k\u00fc\u00e7\u00fck bir boyuta katlanabilir ve ara\u00e7 i\u00e7inde fazla yer kaplamaz. Bu sayede pratik ve d\u00fczenli bir kullan\u0131m sunar.Dayan\u0131kl\u0131 yap\u0131s\u0131 sayesinde uzun s\u00fcreli kullan\u0131m i\u00e7in uygun bir ara\u00e7 aksesuar\u0131d\u0131r.<\/p>\n","protected":false},"excerpt":{"rendered":"<p>Manyetik ara\u00e7 telefon stand\u0131, s\u00fcr\u00fc\u015f s\u0131ras\u0131nda telefonunuzu sabit tutarak navigasyon ve \u00e7a\u011fr\u0131 kullan\u0131m\u0131n\u0131 daha g\u00fcvenli hale getirir. G\u00fc\u00e7l\u00fc m\u0131knat\u0131s sistemi sayesinde telefonunuzu sa\u011flam \u015fekilde tutar ve s\u00fcr\u00fc\u015f s\u0131ras\u0131nda d\u00fc\u015fmesini \u00f6nler.360 derece d\u00f6nebilen mekanizmas\u0131 sayesinde telefonun a\u00e7\u0131s\u0131 kolayca ayarlanabilir. Bu \u00f6zellik farkl\u0131 s\u00fcr\u00fc\u015f pozisyonlar\u0131na g\u00f6re kullan\u0131m kolayl\u0131\u011f\u0131 sa\u011flar.Katlanabilir tasar\u0131m\u0131 sayesinde kullan\u0131lmad\u0131\u011f\u0131nda k\u00fc\u00e7\u00fck bir boyuta katlanabilir ve&#8230;<\/p>\n","protected":false},"featured_media":128361,"comment_status":"open","ping_status":"closed","template":"","meta":{"_kad_post_transparent":"","_kad_post_title":"","_kad_post_layout":"","_kad_post_sidebar_id":"","_kad_post_content_style":"","_kad_post_vertical_padding":"","_kad_post_feature":"","_kad_post_feature_position":"","_kad_post_header":false,"_kad_post_footer":false,"_kad_post_classname":""},"product_brand":[],"product_cat":[14983],"product_tag":[],"class_list":{"0":"post-128362","1":"product","2":"type-product","3":"status-publish","4":"has-post-thumbnail","6":"product_cat-telefon-tutucu-telefon-tutucu","8":"first","9":"instock","10":"purchasable","11":"product-type-simple","12":"entry","13":"content-bg","14":"loop-entry"},"_links":{"self":[{"href":"https:\/\/www.hediyepazar.com\/index.php?rest_route=\/wp\/v2\/product\/128362","targetHints":{"allow":["GET"]}}],"collection":[{"href":"https:\/\/www.hediyepazar.com\/index.php?rest_route=\/wp\/v2\/product"}],"about":[{"href":"https:\/\/www.hediyepazar.com\/index.php?rest_route=\/wp\/v2\/types\/product"}],"replies":[{"embeddable":true,"href":"https:\/\/www.hediyepazar.com\/index.php?rest_route=%2Fwp%2Fv2%2Fcomments&post=128362"}],"wp:featuredmedia":[{"embeddable":true,"href":"https:\/\/www.hediyepazar.com\/index.php?rest_route=\/wp\/v2\/media\/128361"}],"wp:attachment":[{"href":"https:\/\/www.hediyepazar.com\/index.php?rest_route=%2Fwp%2Fv2%2Fmedia&parent=128362"}],"wp:term":[{"taxonomy":"product_brand","embeddable":true,"href":"https:\/\/www.hediyepazar.com\/index.php?rest_route=%2Fwp%2Fv2%2Fproduct_brand&post=128362"},{"taxonomy":"product_cat","embeddable":true,"href":"https:\/\/www.hediyepazar.com\/index.php?rest_route=%2Fwp%2Fv2%2Fproduct_cat&post=128362"},{"taxonomy":"product_tag","embeddable":true,"href":"https:\/\/www.hediyepazar.com\/index.php?rest_route=%2Fwp%2Fv2%2Fproduct_tag&post=128362"}],"curies":[{"name":"wp","href":"https:\/\/api.w.org\/{rel}","templated":true}]}}