{"id":128364,"date":"2026-05-07T01:15:12","date_gmt":"2026-05-07T04:15:12","guid":{"rendered":"https:\/\/www.hediyepazar.com\/?product=arac-ici-manyetik-telefon-tutucu-katlanabilir-navigasyon-standi-2"},"modified":"2026-05-07T01:15:12","modified_gmt":"2026-05-07T04:15:12","slug":"arac-ici-manyetik-telefon-tutucu-katlanabilir-navigasyon-standi-2","status":"publish","type":"product","link":"https:\/\/www.hediyepazar.com\/?product=arac-ici-manyetik-telefon-tutucu-katlanabilir-navigasyon-standi-2","title":{"rendered":"Ara\u00e7 \u0130\u00e7i Manyetik Telefon Tutucu Katlanabilir Navigasyon Stand\u0131"},"content":{"rendered":"<p>Ara\u00e7 i\u00e7i manyetik telefon tutucu, s\u00fcr\u00fc\u015f s\u0131ras\u0131nda telefonunuzu g\u00fcvenli bir \u015fekilde sabitlemek i\u00e7in tasarlanm\u0131\u015f pratik bir ara\u00e7 aksesuar\u0131d\u0131r. G\u00fc\u00e7l\u00fc m\u0131knat\u0131s yap\u0131s\u0131 sayesinde telefonunuzu sa\u011flam \u015fekilde tutarak sars\u0131nt\u0131l\u0131 yollarda bile g\u00fcvenli kullan\u0131m sa\u011flar.360 derece d\u00f6nebilen ba\u015fl\u0131\u011f\u0131 sayesinde telefonunuzu yatay veya dikey konumda kullanabilirsiniz. Bu \u00f6zellik \u00f6zellikle navigasyon kullan\u0131m\u0131nda b\u00fcy\u00fck kolayl\u0131k sa\u011flar.Katlanabilir mekanizmas\u0131 sayesinde kullan\u0131lmad\u0131\u011f\u0131nda kolayca katlanarak yer kaplamaz. Kompakt tasar\u0131m\u0131 sayesinde ara\u00e7 i\u00e7inde d\u00fczenli bir g\u00f6r\u00fcn\u00fcm sa\u011flar.Ara\u00e7 konsolu, torpido veya d\u00fcz y\u00fczeylere kolayca sabitlenebilir.<\/p>\n","protected":false},"excerpt":{"rendered":"<p>Ara\u00e7 i\u00e7i manyetik telefon tutucu, s\u00fcr\u00fc\u015f s\u0131ras\u0131nda telefonunuzu g\u00fcvenli bir \u015fekilde sabitlemek i\u00e7in tasarlanm\u0131\u015f pratik bir ara\u00e7 aksesuar\u0131d\u0131r. G\u00fc\u00e7l\u00fc m\u0131knat\u0131s yap\u0131s\u0131 sayesinde telefonunuzu sa\u011flam \u015fekilde tutarak sars\u0131nt\u0131l\u0131 yollarda bile g\u00fcvenli kullan\u0131m sa\u011flar.360 derece d\u00f6nebilen ba\u015fl\u0131\u011f\u0131 sayesinde telefonunuzu yatay veya dikey konumda kullanabilirsiniz. Bu \u00f6zellik \u00f6zellikle navigasyon kullan\u0131m\u0131nda b\u00fcy\u00fck kolayl\u0131k sa\u011flar.Katlanabilir mekanizmas\u0131 sayesinde kullan\u0131lmad\u0131\u011f\u0131nda kolayca katlanarak&#8230;<\/p>\n","protected":false},"featured_media":128363,"comment_status":"open","ping_status":"closed","template":"","meta":{"_kad_post_transparent":"","_kad_post_title":"","_kad_post_layout":"","_kad_post_sidebar_id":"","_kad_post_content_style":"","_kad_post_vertical_padding":"","_kad_post_feature":"","_kad_post_feature_position":"","_kad_post_header":false,"_kad_post_footer":false,"_kad_post_classname":""},"product_brand":[],"product_cat":[14983],"product_tag":[],"class_list":{"0":"post-128364","1":"product","2":"type-product","3":"status-publish","4":"has-post-thumbnail","6":"product_cat-telefon-tutucu-telefon-tutucu","8":"first","9":"instock","10":"purchasable","11":"product-type-simple","12":"entry","13":"content-bg","14":"loop-entry"},"_links":{"self":[{"href":"https:\/\/www.hediyepazar.com\/index.php?rest_route=\/wp\/v2\/product\/128364","targetHints":{"allow":["GET"]}}],"collection":[{"href":"https:\/\/www.hediyepazar.com\/index.php?rest_route=\/wp\/v2\/product"}],"about":[{"href":"https:\/\/www.hediyepazar.com\/index.php?rest_route=\/wp\/v2\/types\/product"}],"replies":[{"embeddable":true,"href":"https:\/\/www.hediyepazar.com\/index.php?rest_route=%2Fwp%2Fv2%2Fcomments&post=128364"}],"wp:featuredmedia":[{"embeddable":true,"href":"https:\/\/www.hediyepazar.com\/index.php?rest_route=\/wp\/v2\/media\/128363"}],"wp:attachment":[{"href":"https:\/\/www.hediyepazar.com\/index.php?rest_route=%2Fwp%2Fv2%2Fmedia&parent=128364"}],"wp:term":[{"taxonomy":"product_brand","embeddable":true,"href":"https:\/\/www.hediyepazar.com\/index.php?rest_route=%2Fwp%2Fv2%2Fproduct_brand&post=128364"},{"taxonomy":"product_cat","embeddable":true,"href":"https:\/\/www.hediyepazar.com\/index.php?rest_route=%2Fwp%2Fv2%2Fproduct_cat&post=128364"},{"taxonomy":"product_tag","embeddable":true,"href":"https:\/\/www.hediyepazar.com\/index.php?rest_route=%2Fwp%2Fv2%2Fproduct_tag&post=128364"}],"curies":[{"name":"wp","href":"https:\/\/api.w.org\/{rel}","templated":true}]}}