{"id":128366,"date":"2026-05-07T01:15:17","date_gmt":"2026-05-07T04:15:17","guid":{"rendered":"https:\/\/www.hediyepazar.com\/?product=manyetik-arac-telefon-tutucu-360-doner-katlanabilir-telefon-standi"},"modified":"2026-05-07T01:15:17","modified_gmt":"2026-05-07T04:15:17","slug":"manyetik-arac-telefon-tutucu-360-doner-katlanabilir-telefon-standi","status":"publish","type":"product","link":"https:\/\/www.hediyepazar.com\/?product=manyetik-arac-telefon-tutucu-360-doner-katlanabilir-telefon-standi","title":{"rendered":"Manyetik Ara\u00e7 Telefon Tutucu 360\u00b0 D\u00f6ner Katlanabilir Telefon Stand\u0131"},"content":{"rendered":"<p>Manyetik ara\u00e7 telefon tutucu, s\u00fcr\u00fc\u015f s\u0131ras\u0131nda telefonunuzu g\u00fcvenli ve sabit \u015fekilde kullanman\u0131za yard\u0131mc\u0131 olan pratik bir ara\u00e7 aksesuar\u0131d\u0131r. G\u00fc\u00e7l\u00fc m\u0131knat\u0131s teknolojisi sayesinde telefonunuzu sa\u011flam \u015fekilde tutarak ani frenlerde veya bozuk yollarda bile cihaz\u0131n sabit kalmas\u0131n\u0131 sa\u011flar.360 derece d\u00f6nebilen ba\u015fl\u0131k yap\u0131s\u0131 sayesinde telefonunuzu istedi\u011finiz a\u00e7\u0131ya kolayca ayarlayabilirsiniz. Bu \u00f6zellik navigasyon kullan\u0131rken daha rahat bir g\u00f6r\u00fc\u015f a\u00e7\u0131s\u0131 sunar ve s\u00fcr\u00fc\u015f s\u0131ras\u0131nda konfor sa\u011flar.Katlanabilir tasar\u0131m\u0131 sayesinde kullan\u0131lmad\u0131\u011f\u0131nda yer kaplamaz ve kolayca ta\u015f\u0131nabilir. Kompakt yap\u0131s\u0131 sayesinde ara\u00e7 i\u00e7inde minimal bir g\u00f6r\u00fcn\u00fcm sunar.Dayan\u0131kl\u0131 malzemeden \u00fcretilmi\u015f yap\u0131s\u0131 sayesinde uzun s\u00fcreli kullan\u0131m sunar ve ara\u00e7 i\u00e7i telefon kullan\u0131m\u0131n\u0131 daha g\u00fcvenli hale getirir.<\/p>\n","protected":false},"excerpt":{"rendered":"<p>Manyetik ara\u00e7 telefon tutucu, s\u00fcr\u00fc\u015f s\u0131ras\u0131nda telefonunuzu g\u00fcvenli ve sabit \u015fekilde kullanman\u0131za yard\u0131mc\u0131 olan pratik bir ara\u00e7 aksesuar\u0131d\u0131r. G\u00fc\u00e7l\u00fc m\u0131knat\u0131s teknolojisi sayesinde telefonunuzu sa\u011flam \u015fekilde tutarak ani frenlerde veya bozuk yollarda bile cihaz\u0131n sabit kalmas\u0131n\u0131 sa\u011flar.360 derece d\u00f6nebilen ba\u015fl\u0131k yap\u0131s\u0131 sayesinde telefonunuzu istedi\u011finiz a\u00e7\u0131ya kolayca ayarlayabilirsiniz. Bu \u00f6zellik navigasyon kullan\u0131rken daha rahat bir g\u00f6r\u00fc\u015f a\u00e7\u0131s\u0131&#8230;<\/p>\n","protected":false},"featured_media":128365,"comment_status":"open","ping_status":"closed","template":"","meta":{"_kad_post_transparent":"","_kad_post_title":"","_kad_post_layout":"","_kad_post_sidebar_id":"","_kad_post_content_style":"","_kad_post_vertical_padding":"","_kad_post_feature":"","_kad_post_feature_position":"","_kad_post_header":false,"_kad_post_footer":false,"_kad_post_classname":""},"product_brand":[],"product_cat":[14983],"product_tag":[],"class_list":{"0":"post-128366","1":"product","2":"type-product","3":"status-publish","4":"has-post-thumbnail","6":"product_cat-telefon-tutucu-telefon-tutucu","8":"first","9":"instock","10":"purchasable","11":"product-type-simple","12":"entry","13":"content-bg","14":"loop-entry"},"_links":{"self":[{"href":"https:\/\/www.hediyepazar.com\/index.php?rest_route=\/wp\/v2\/product\/128366","targetHints":{"allow":["GET"]}}],"collection":[{"href":"https:\/\/www.hediyepazar.com\/index.php?rest_route=\/wp\/v2\/product"}],"about":[{"href":"https:\/\/www.hediyepazar.com\/index.php?rest_route=\/wp\/v2\/types\/product"}],"replies":[{"embeddable":true,"href":"https:\/\/www.hediyepazar.com\/index.php?rest_route=%2Fwp%2Fv2%2Fcomments&post=128366"}],"wp:featuredmedia":[{"embeddable":true,"href":"https:\/\/www.hediyepazar.com\/index.php?rest_route=\/wp\/v2\/media\/128365"}],"wp:attachment":[{"href":"https:\/\/www.hediyepazar.com\/index.php?rest_route=%2Fwp%2Fv2%2Fmedia&parent=128366"}],"wp:term":[{"taxonomy":"product_brand","embeddable":true,"href":"https:\/\/www.hediyepazar.com\/index.php?rest_route=%2Fwp%2Fv2%2Fproduct_brand&post=128366"},{"taxonomy":"product_cat","embeddable":true,"href":"https:\/\/www.hediyepazar.com\/index.php?rest_route=%2Fwp%2Fv2%2Fproduct_cat&post=128366"},{"taxonomy":"product_tag","embeddable":true,"href":"https:\/\/www.hediyepazar.com\/index.php?rest_route=%2Fwp%2Fv2%2Fproduct_tag&post=128366"}],"curies":[{"name":"wp","href":"https:\/\/api.w.org\/{rel}","templated":true}]}}