{"id":128382,"date":"2026-05-07T01:19:20","date_gmt":"2026-05-07T04:19:20","guid":{"rendered":"https:\/\/www.hediyepazar.com\/?product=cocuk-odasi-yildiz-projektoru-renk-degistiren-gece-lambasi"},"modified":"2026-05-07T01:19:20","modified_gmt":"2026-05-07T04:19:20","slug":"cocuk-odasi-yildiz-projektoru-renk-degistiren-gece-lambasi","status":"publish","type":"product","link":"https:\/\/www.hediyepazar.com\/?product=cocuk-odasi-yildiz-projektoru-renk-degistiren-gece-lambasi","title":{"rendered":"\u00c7ocuk Odas\u0131 Y\u0131ld\u0131z Projekt\u00f6r\u00fc Renk De\u011fi\u015ftiren Gece Lambas\u0131"},"content":{"rendered":"<p>Tavana y\u0131ld\u0131z yans\u0131tan projeksiyon gece lambas\u0131, odan\u0131zda etkileyici bir galaksi atmosferi olu\u015fturmak i\u00e7in tasarlanm\u0131\u015ft\u0131r. \u0130\u00e7 y\u00fczeyindeki yans\u0131t\u0131c\u0131 yap\u0131 sayesinde LED \u0131\u015f\u0131klar duvarlara ve tavana y\u0131ld\u0131z \u015feklinde yay\u0131l\u0131r.I\u015f\u0131k renklerinin otomatik olarak de\u011fi\u015fmesi sayesinde g\u00f6rsel olarak etkileyici bir atmosfer olu\u015fturur. Bu \u00f6zellik hem dekoratif kullan\u0131m hem de gece lambas\u0131 olarak kullan\u0131m i\u00e7in olduk\u00e7a idealdir.\u00dcr\u00fcn \u00fcst k\u0131sm\u0131ndaki d\u00f6ner kapak sayesinde \u0131\u015f\u0131k yo\u011funlu\u011fu ayarlanabilir ve yans\u0131man\u0131n daha yo\u011fun \u015fekilde tavana aktar\u0131lmas\u0131 sa\u011flanabilir. Bu sayede farkl\u0131 \u0131\u015f\u0131k efektleri elde etmek m\u00fcmk\u00fcnd\u00fcr.Kompakt boyutlar\u0131 sayesinde kolay ta\u015f\u0131nabilir ve masa, komodin veya raf \u00fczerinde rahatl\u0131kla kullan\u0131labilir. Ev dekorasyonu ve gece ayd\u0131nlatmas\u0131 i\u00e7in \u015f\u0131k bir tamamlay\u0131c\u0131d\u0131r.<\/p>\n","protected":false},"excerpt":{"rendered":"<p>Tavana y\u0131ld\u0131z yans\u0131tan projeksiyon gece lambas\u0131, odan\u0131zda etkileyici bir galaksi atmosferi olu\u015fturmak i\u00e7in tasarlanm\u0131\u015ft\u0131r. \u0130\u00e7 y\u00fczeyindeki yans\u0131t\u0131c\u0131 yap\u0131 sayesinde LED \u0131\u015f\u0131klar duvarlara ve tavana y\u0131ld\u0131z \u015feklinde yay\u0131l\u0131r.I\u015f\u0131k renklerinin otomatik olarak de\u011fi\u015fmesi sayesinde g\u00f6rsel olarak etkileyici bir atmosfer olu\u015fturur. Bu \u00f6zellik hem dekoratif kullan\u0131m hem de gece lambas\u0131 olarak kullan\u0131m i\u00e7in olduk\u00e7a idealdir.\u00dcr\u00fcn \u00fcst k\u0131sm\u0131ndaki d\u00f6ner&#8230;<\/p>\n","protected":false},"featured_media":128381,"comment_status":"open","ping_status":"closed","template":"","meta":{"_kad_post_transparent":"","_kad_post_title":"","_kad_post_layout":"","_kad_post_sidebar_id":"","_kad_post_content_style":"","_kad_post_vertical_padding":"","_kad_post_feature":"","_kad_post_feature_position":"","_kad_post_header":false,"_kad_post_footer":false,"_kad_post_classname":""},"product_brand":[],"product_cat":[14967],"product_tag":[],"class_list":{"0":"post-128382","1":"product","2":"type-product","3":"status-publish","4":"has-post-thumbnail","6":"product_cat-gece-lambasi-gece-lambasi","8":"first","9":"instock","10":"purchasable","11":"product-type-simple","12":"entry","13":"content-bg","14":"loop-entry"},"_links":{"self":[{"href":"https:\/\/www.hediyepazar.com\/index.php?rest_route=\/wp\/v2\/product\/128382","targetHints":{"allow":["GET"]}}],"collection":[{"href":"https:\/\/www.hediyepazar.com\/index.php?rest_route=\/wp\/v2\/product"}],"about":[{"href":"https:\/\/www.hediyepazar.com\/index.php?rest_route=\/wp\/v2\/types\/product"}],"replies":[{"embeddable":true,"href":"https:\/\/www.hediyepazar.com\/index.php?rest_route=%2Fwp%2Fv2%2Fcomments&post=128382"}],"wp:featuredmedia":[{"embeddable":true,"href":"https:\/\/www.hediyepazar.com\/index.php?rest_route=\/wp\/v2\/media\/128381"}],"wp:attachment":[{"href":"https:\/\/www.hediyepazar.com\/index.php?rest_route=%2Fwp%2Fv2%2Fmedia&parent=128382"}],"wp:term":[{"taxonomy":"product_brand","embeddable":true,"href":"https:\/\/www.hediyepazar.com\/index.php?rest_route=%2Fwp%2Fv2%2Fproduct_brand&post=128382"},{"taxonomy":"product_cat","embeddable":true,"href":"https:\/\/www.hediyepazar.com\/index.php?rest_route=%2Fwp%2Fv2%2Fproduct_cat&post=128382"},{"taxonomy":"product_tag","embeddable":true,"href":"https:\/\/www.hediyepazar.com\/index.php?rest_route=%2Fwp%2Fv2%2Fproduct_tag&post=128382"}],"curies":[{"name":"wp","href":"https:\/\/api.w.org\/{rel}","templated":true}]}}