{"id":128388,"date":"2026-05-07T01:19:38","date_gmt":"2026-05-07T04:19:38","guid":{"rendered":"https:\/\/www.hediyepazar.com\/?product=trafik-guvenlik-seti-araclar-icin-zorunlu-acil-durum-ekipmanlari"},"modified":"2026-05-07T01:19:38","modified_gmt":"2026-05-07T04:19:38","slug":"trafik-guvenlik-seti-araclar-icin-zorunlu-acil-durum-ekipmanlari","status":"publish","type":"product","link":"https:\/\/www.hediyepazar.com\/?product=trafik-guvenlik-seti-araclar-icin-zorunlu-acil-durum-ekipmanlari","title":{"rendered":"Trafik G\u00fcvenlik Seti Ara\u00e7lar \u0130\u00e7in Zorunlu Acil Durum Ekipmanlar\u0131"},"content":{"rendered":"<p>Trafikte g\u00fcvenli\u011finizi art\u0131rmak ve olas\u0131 acil durumlara kar\u015f\u0131 haz\u0131rl\u0131kl\u0131 olmak i\u00e7in Trafik Seti \u00f6nemli bir rol oynar. Ara\u00e7 i\u00e7erisinde bulunmas\u0131 gereken temel ekipmanlar\u0131 bir araya getiren bu set, pratik ve kullan\u0131\u015fl\u0131 yap\u0131s\u0131yla dikkat \u00e7eker.Set i\u00e7erisinde yer alan yang\u0131n t\u00fcp\u00fc, ara\u00e7ta olu\u015fabilecek yang\u0131nlara kar\u015f\u0131 h\u0131zl\u0131 m\u00fcdahale imkan\u0131 sunar. Reflekt\u00f6r ekipmanlar\u0131 ise \u00f6zellikle gece s\u00fcr\u00fc\u015flerinde g\u00f6r\u00fcn\u00fcrl\u00fc\u011f\u00fc art\u0131rarak g\u00fcvenli\u011finizi sa\u011flar. Bu sayede olas\u0131 kazalar\u0131n \u00f6n\u00fcne ge\u00e7ebilirsiniz.Kompakt ve ta\u015f\u0131nabilir tasar\u0131m\u0131 sayesinde ara\u00e7 i\u00e7erisinde kolayca muhafaza edilebilir. Dayan\u0131kl\u0131 \u00e7anta yap\u0131s\u0131, uzun s\u00fcreli kullan\u0131m sa\u011flar. \u015eeffaf ve fermuarl\u0131 tasar\u0131m\u0131 sayesinde \u00fcr\u00fcnlere h\u0131zl\u0131 ve kolay eri\u015fim m\u00fcmk\u00fcnd\u00fcr.Ara\u00e7 muayene i\u015flemlerinde gerekli olan ekipmanlar\u0131 i\u00e7ermesi, kullan\u0131c\u0131lar i\u00e7in b\u00fcy\u00fck avantaj sa\u011flar. Bu set, sadece bir g\u00fcvenlik \u00fcr\u00fcn\u00fc de\u011fil, ayn\u0131 zamanda bilin\u00e7li s\u00fcr\u00fc\u015f\u00fcn bir par\u00e7as\u0131d\u0131r. Her ara\u00e7ta bulunmas\u0131 gereken temel bir ekipmand\u0131r.<\/p>\n","protected":false},"excerpt":{"rendered":"<p>Trafikte g\u00fcvenli\u011finizi art\u0131rmak ve olas\u0131 acil durumlara kar\u015f\u0131 haz\u0131rl\u0131kl\u0131 olmak i\u00e7in Trafik Seti \u00f6nemli bir rol oynar. Ara\u00e7 i\u00e7erisinde bulunmas\u0131 gereken temel ekipmanlar\u0131 bir araya getiren bu set, pratik ve kullan\u0131\u015fl\u0131 yap\u0131s\u0131yla dikkat \u00e7eker.Set i\u00e7erisinde yer alan yang\u0131n t\u00fcp\u00fc, ara\u00e7ta olu\u015fabilecek yang\u0131nlara kar\u015f\u0131 h\u0131zl\u0131 m\u00fcdahale imkan\u0131 sunar. Reflekt\u00f6r ekipmanlar\u0131 ise \u00f6zellikle gece s\u00fcr\u00fc\u015flerinde g\u00f6r\u00fcn\u00fcrl\u00fc\u011f\u00fc art\u0131rarak&#8230;<\/p>\n","protected":false},"featured_media":128387,"comment_status":"open","ping_status":"closed","template":"","meta":{"_kad_post_transparent":"","_kad_post_title":"","_kad_post_layout":"","_kad_post_sidebar_id":"","_kad_post_content_style":"","_kad_post_vertical_padding":"","_kad_post_feature":"","_kad_post_feature_position":"","_kad_post_header":false,"_kad_post_footer":false,"_kad_post_classname":""},"product_brand":[],"product_cat":[15053],"product_tag":[],"class_list":{"0":"post-128388","1":"product","2":"type-product","3":"status-publish","4":"has-post-thumbnail","6":"product_cat-oto-bakim-seti-oto-bakim-seti-2","8":"first","9":"instock","10":"purchasable","11":"product-type-simple","12":"entry","13":"content-bg","14":"loop-entry"},"_links":{"self":[{"href":"https:\/\/www.hediyepazar.com\/index.php?rest_route=\/wp\/v2\/product\/128388","targetHints":{"allow":["GET"]}}],"collection":[{"href":"https:\/\/www.hediyepazar.com\/index.php?rest_route=\/wp\/v2\/product"}],"about":[{"href":"https:\/\/www.hediyepazar.com\/index.php?rest_route=\/wp\/v2\/types\/product"}],"replies":[{"embeddable":true,"href":"https:\/\/www.hediyepazar.com\/index.php?rest_route=%2Fwp%2Fv2%2Fcomments&post=128388"}],"wp:featuredmedia":[{"embeddable":true,"href":"https:\/\/www.hediyepazar.com\/index.php?rest_route=\/wp\/v2\/media\/128387"}],"wp:attachment":[{"href":"https:\/\/www.hediyepazar.com\/index.php?rest_route=%2Fwp%2Fv2%2Fmedia&parent=128388"}],"wp:term":[{"taxonomy":"product_brand","embeddable":true,"href":"https:\/\/www.hediyepazar.com\/index.php?rest_route=%2Fwp%2Fv2%2Fproduct_brand&post=128388"},{"taxonomy":"product_cat","embeddable":true,"href":"https:\/\/www.hediyepazar.com\/index.php?rest_route=%2Fwp%2Fv2%2Fproduct_cat&post=128388"},{"taxonomy":"product_tag","embeddable":true,"href":"https:\/\/www.hediyepazar.com\/index.php?rest_route=%2Fwp%2Fv2%2Fproduct_tag&post=128388"}],"curies":[{"name":"wp","href":"https:\/\/api.w.org\/{rel}","templated":true}]}}