{"id":128390,"date":"2026-05-07T01:21:02","date_gmt":"2026-05-07T04:21:02","guid":{"rendered":"https:\/\/www.hediyepazar.com\/?product=arac-ici-guvenlik-trafik-seti-tam-donanimli-acil-mudahale-paketi"},"modified":"2026-05-07T01:21:02","modified_gmt":"2026-05-07T04:21:02","slug":"arac-ici-guvenlik-trafik-seti-tam-donanimli-acil-mudahale-paketi","status":"publish","type":"product","link":"https:\/\/www.hediyepazar.com\/?product=arac-ici-guvenlik-trafik-seti-tam-donanimli-acil-mudahale-paketi","title":{"rendered":"Ara\u00e7 \u0130\u00e7i G\u00fcvenlik Trafik Seti Tam Donan\u0131ml\u0131 Acil M\u00fcdahale Paketi"},"content":{"rendered":"<p>Trafik g\u00fcvenli\u011fi, sadece dikkatli s\u00fcr\u00fc\u015fle de\u011fil ayn\u0131 zamanda haz\u0131rl\u0131kl\u0131 olmakla sa\u011flan\u0131r. Trafik Seti, ara\u00e7 kullan\u0131c\u0131lar\u0131n\u0131n her an kar\u015f\u0131la\u015fabilece\u011fi acil durumlara kar\u015f\u0131 kapsaml\u0131 bir \u00e7\u00f6z\u00fcm sunar. \u0130\u00e7eri\u011finde bulunan ekipmanlar sayesinde, beklenmedik durumlarda h\u0131zl\u0131 ve etkili m\u00fcdahale imkan\u0131 sa\u011flar.Set i\u00e7erisinde bulunan yang\u0131n s\u00f6nd\u00fcrme t\u00fcp\u00fc, ara\u00e7 yang\u0131nlar\u0131na kar\u015f\u0131 ilk m\u00fcdahale i\u00e7in vazge\u00e7ilmezdir. Reflekt\u00f6rler ise yol kenar\u0131nda kald\u0131\u011f\u0131n\u0131zda di\u011fer s\u00fcr\u00fcc\u00fclerin sizi fark etmesini sa\u011flar. Bu da olas\u0131 kazalar\u0131n \u00f6n\u00fcne ge\u00e7ilmesine yard\u0131mc\u0131 olur.Kullan\u0131c\u0131 dostu tasar\u0131m\u0131 sayesinde t\u00fcm ekipmanlar d\u00fczenli bir \u015fekilde yerle\u015ftirilmi\u015ftir. Ta\u015f\u0131ma \u00e7antas\u0131, dayan\u0131kl\u0131 yap\u0131s\u0131yla uzun s\u00fcreli kullan\u0131m sunar. Kompakt yap\u0131s\u0131 sayesinde ara\u00e7 i\u00e7inde fazla yer kaplamaz ve her zaman haz\u0131r durumda bulunur.Ara\u00e7 muayene s\u00fcre\u00e7lerinde gerekli ekipmanlar\u0131 i\u00e7ermesi, \u00fcr\u00fcn\u00fc daha da avantajl\u0131 hale getirir. Hem bireysel hem de ticari ara\u00e7 kullan\u0131c\u0131lar\u0131 i\u00e7in ideal bir tercihtir. G\u00fcvenli s\u00fcr\u00fc\u015f i\u00e7in bu set, vazge\u00e7ilmez bir yard\u0131mc\u0131d\u0131r.<\/p>\n","protected":false},"excerpt":{"rendered":"<p>Trafik g\u00fcvenli\u011fi, sadece dikkatli s\u00fcr\u00fc\u015fle de\u011fil ayn\u0131 zamanda haz\u0131rl\u0131kl\u0131 olmakla sa\u011flan\u0131r. Trafik Seti, ara\u00e7 kullan\u0131c\u0131lar\u0131n\u0131n her an kar\u015f\u0131la\u015fabilece\u011fi acil durumlara kar\u015f\u0131 kapsaml\u0131 bir \u00e7\u00f6z\u00fcm sunar. \u0130\u00e7eri\u011finde bulunan ekipmanlar sayesinde, beklenmedik durumlarda h\u0131zl\u0131 ve etkili m\u00fcdahale imkan\u0131 sa\u011flar.Set i\u00e7erisinde bulunan yang\u0131n s\u00f6nd\u00fcrme t\u00fcp\u00fc, ara\u00e7 yang\u0131nlar\u0131na kar\u015f\u0131 ilk m\u00fcdahale i\u00e7in vazge\u00e7ilmezdir. Reflekt\u00f6rler ise yol kenar\u0131nda kald\u0131\u011f\u0131n\u0131zda di\u011fer&#8230;<\/p>\n","protected":false},"featured_media":128389,"comment_status":"open","ping_status":"closed","template":"","meta":{"_kad_post_transparent":"","_kad_post_title":"","_kad_post_layout":"","_kad_post_sidebar_id":"","_kad_post_content_style":"","_kad_post_vertical_padding":"","_kad_post_feature":"","_kad_post_feature_position":"","_kad_post_header":false,"_kad_post_footer":false,"_kad_post_classname":""},"product_brand":[],"product_cat":[15053],"product_tag":[],"class_list":{"0":"post-128390","1":"product","2":"type-product","3":"status-publish","4":"has-post-thumbnail","6":"product_cat-oto-bakim-seti-oto-bakim-seti-2","8":"first","9":"instock","10":"purchasable","11":"product-type-simple","12":"entry","13":"content-bg","14":"loop-entry"},"_links":{"self":[{"href":"https:\/\/www.hediyepazar.com\/index.php?rest_route=\/wp\/v2\/product\/128390","targetHints":{"allow":["GET"]}}],"collection":[{"href":"https:\/\/www.hediyepazar.com\/index.php?rest_route=\/wp\/v2\/product"}],"about":[{"href":"https:\/\/www.hediyepazar.com\/index.php?rest_route=\/wp\/v2\/types\/product"}],"replies":[{"embeddable":true,"href":"https:\/\/www.hediyepazar.com\/index.php?rest_route=%2Fwp%2Fv2%2Fcomments&post=128390"}],"wp:featuredmedia":[{"embeddable":true,"href":"https:\/\/www.hediyepazar.com\/index.php?rest_route=\/wp\/v2\/media\/128389"}],"wp:attachment":[{"href":"https:\/\/www.hediyepazar.com\/index.php?rest_route=%2Fwp%2Fv2%2Fmedia&parent=128390"}],"wp:term":[{"taxonomy":"product_brand","embeddable":true,"href":"https:\/\/www.hediyepazar.com\/index.php?rest_route=%2Fwp%2Fv2%2Fproduct_brand&post=128390"},{"taxonomy":"product_cat","embeddable":true,"href":"https:\/\/www.hediyepazar.com\/index.php?rest_route=%2Fwp%2Fv2%2Fproduct_cat&post=128390"},{"taxonomy":"product_tag","embeddable":true,"href":"https:\/\/www.hediyepazar.com\/index.php?rest_route=%2Fwp%2Fv2%2Fproduct_tag&post=128390"}],"curies":[{"name":"wp","href":"https:\/\/api.w.org\/{rel}","templated":true}]}}