{"id":128392,"date":"2026-05-07T01:21:07","date_gmt":"2026-05-07T04:21:07","guid":{"rendered":"https:\/\/www.hediyepazar.com\/?product=acil-durum-trafik-seti-reflektor-yangin-tupu-ve-guvenlik-ekipmanlari"},"modified":"2026-05-07T01:21:07","modified_gmt":"2026-05-07T04:21:07","slug":"acil-durum-trafik-seti-reflektor-yangin-tupu-ve-guvenlik-ekipmanlari","status":"publish","type":"product","link":"https:\/\/www.hediyepazar.com\/?product=acil-durum-trafik-seti-reflektor-yangin-tupu-ve-guvenlik-ekipmanlari","title":{"rendered":"Acil Durum Trafik Seti Reflekt\u00f6r Yang\u0131n T\u00fcp\u00fc ve G\u00fcvenlik Ekipmanlar\u0131"},"content":{"rendered":"<p>G\u00fcn\u00fcm\u00fczde trafikte kar\u015f\u0131la\u015f\u0131lan risklerin artmas\u0131, ara\u00e7 i\u00e7erisinde gerekli g\u00fcvenlik ekipmanlar\u0131n\u0131n bulundurulmas\u0131n\u0131 zorunlu hale getirmi\u015ftir. Trafik Seti, bu ihtiyaca cevap veren pratik ve kapsaml\u0131 bir \u00e7\u00f6z\u00fcmd\u00fcr. Olas\u0131 acil durumlarda h\u0131zl\u0131 m\u00fcdahale edebilmek i\u00e7in gerekli olan ekipmanlar\u0131 bir araya getirir.Set i\u00e7erisinde yer alan yang\u0131n t\u00fcp\u00fc, olas\u0131 ara\u00e7 yang\u0131nlar\u0131nda ilk m\u00fcdahale i\u00e7in b\u00fcy\u00fck \u00f6nem ta\u015f\u0131r. Reflekt\u00f6rler ise arac\u0131n\u0131z\u0131n yolda kald\u0131\u011f\u0131 durumlarda di\u011fer s\u00fcr\u00fcc\u00fcler taraf\u0131ndan fark edilmenizi sa\u011flar. Bu sayede ikinci bir kazan\u0131n \u00f6n\u00fcne ge\u00e7ilebilir. Ayr\u0131ca set i\u00e7erisindeki di\u011fer ekipmanlar da g\u00fcnl\u00fck kullan\u0131mda b\u00fcy\u00fck kolayl\u0131k sa\u011flar.Ergonomik tasar\u0131m\u0131 sayesinde ara\u00e7 bagaj\u0131nda kolayca ta\u015f\u0131nabilir. T\u00fcm ekipmanlar d\u00fczenli bir \u015fekilde yerle\u015ftirilmi\u015ftir ve ihtiya\u00e7 an\u0131nda h\u0131zl\u0131 eri\u015fim sa\u011flar. Dayan\u0131kl\u0131 malzemesi sayesinde uzun s\u00fcreli kullan\u0131m sunar.Bu \u00fcr\u00fcn, ara\u00e7 muayene s\u00fcre\u00e7lerinde gerekli olan ekipmanlar\u0131 i\u00e7ermesi a\u00e7\u0131s\u0131ndan da avantaj sa\u011flar. Hem g\u00fcvenlik hem de yasal gereklilikler a\u00e7\u0131s\u0131ndan \u00f6nemli bir \u00fcr\u00fcnd\u00fcr. G\u00fcvenli s\u00fcr\u00fc\u015f deneyimi i\u00e7in her ara\u00e7ta bulunmas\u0131 gereken temel ekipmanlardan biridir.<\/p>\n","protected":false},"excerpt":{"rendered":"<p>G\u00fcn\u00fcm\u00fczde trafikte kar\u015f\u0131la\u015f\u0131lan risklerin artmas\u0131, ara\u00e7 i\u00e7erisinde gerekli g\u00fcvenlik ekipmanlar\u0131n\u0131n bulundurulmas\u0131n\u0131 zorunlu hale getirmi\u015ftir. Trafik Seti, bu ihtiyaca cevap veren pratik ve kapsaml\u0131 bir \u00e7\u00f6z\u00fcmd\u00fcr. Olas\u0131 acil durumlarda h\u0131zl\u0131 m\u00fcdahale edebilmek i\u00e7in gerekli olan ekipmanlar\u0131 bir araya getirir.Set i\u00e7erisinde yer alan yang\u0131n t\u00fcp\u00fc, olas\u0131 ara\u00e7 yang\u0131nlar\u0131nda ilk m\u00fcdahale i\u00e7in b\u00fcy\u00fck \u00f6nem ta\u015f\u0131r. Reflekt\u00f6rler ise arac\u0131n\u0131z\u0131n&#8230;<\/p>\n","protected":false},"featured_media":128391,"comment_status":"open","ping_status":"closed","template":"","meta":{"_kad_post_transparent":"","_kad_post_title":"","_kad_post_layout":"","_kad_post_sidebar_id":"","_kad_post_content_style":"","_kad_post_vertical_padding":"","_kad_post_feature":"","_kad_post_feature_position":"","_kad_post_header":false,"_kad_post_footer":false,"_kad_post_classname":""},"product_brand":[],"product_cat":[15053],"product_tag":[],"class_list":{"0":"post-128392","1":"product","2":"type-product","3":"status-publish","4":"has-post-thumbnail","6":"product_cat-oto-bakim-seti-oto-bakim-seti-2","8":"first","9":"instock","10":"purchasable","11":"product-type-simple","12":"entry","13":"content-bg","14":"loop-entry"},"_links":{"self":[{"href":"https:\/\/www.hediyepazar.com\/index.php?rest_route=\/wp\/v2\/product\/128392","targetHints":{"allow":["GET"]}}],"collection":[{"href":"https:\/\/www.hediyepazar.com\/index.php?rest_route=\/wp\/v2\/product"}],"about":[{"href":"https:\/\/www.hediyepazar.com\/index.php?rest_route=\/wp\/v2\/types\/product"}],"replies":[{"embeddable":true,"href":"https:\/\/www.hediyepazar.com\/index.php?rest_route=%2Fwp%2Fv2%2Fcomments&post=128392"}],"wp:featuredmedia":[{"embeddable":true,"href":"https:\/\/www.hediyepazar.com\/index.php?rest_route=\/wp\/v2\/media\/128391"}],"wp:attachment":[{"href":"https:\/\/www.hediyepazar.com\/index.php?rest_route=%2Fwp%2Fv2%2Fmedia&parent=128392"}],"wp:term":[{"taxonomy":"product_brand","embeddable":true,"href":"https:\/\/www.hediyepazar.com\/index.php?rest_route=%2Fwp%2Fv2%2Fproduct_brand&post=128392"},{"taxonomy":"product_cat","embeddable":true,"href":"https:\/\/www.hediyepazar.com\/index.php?rest_route=%2Fwp%2Fv2%2Fproduct_cat&post=128392"},{"taxonomy":"product_tag","embeddable":true,"href":"https:\/\/www.hediyepazar.com\/index.php?rest_route=%2Fwp%2Fv2%2Fproduct_tag&post=128392"}],"curies":[{"name":"wp","href":"https:\/\/api.w.org\/{rel}","templated":true}]}}