{"id":128414,"date":"2026-05-07T01:25:03","date_gmt":"2026-05-07T04:25:03","guid":{"rendered":"https:\/\/www.hediyepazar.com\/?product=muzikli-bebek-uyutucu-cekmeli-mekanik-muzik-kutusu-asilabilir-tasarim"},"modified":"2026-05-07T01:25:03","modified_gmt":"2026-05-07T04:25:03","slug":"muzikli-bebek-uyutucu-cekmeli-mekanik-muzik-kutusu-asilabilir-tasarim","status":"publish","type":"product","link":"https:\/\/www.hediyepazar.com\/?product=muzikli-bebek-uyutucu-cekmeli-mekanik-muzik-kutusu-asilabilir-tasarim","title":{"rendered":"M\u00fczikli Bebek Uyutucu \u00c7ekmeli Mekanik M\u00fczik Kutusu As\u0131labilir Tasar\u0131m"},"content":{"rendered":"<p>M\u00fczikli bebek uyutucu mekanik m\u00fczik kutusu, bebeklerin uykuya ge\u00e7i\u015f s\u00fcrecini daha kolay ve konforlu hale getirmek i\u00e7in tasarlanm\u0131\u015f pratik bir \u00fcr\u00fcnd\u00fcr. Pil gerektirmeyen mekanik yap\u0131s\u0131 sayesinde enerji t\u00fcketimi olmadan \u00e7al\u0131\u015f\u0131r ve tamamen \u00e7evre dostu bir kullan\u0131m sunar. \u00dcr\u00fcn\u00fcn i\u00e7erisinde bulunan yay sistemi, anahtar ile \u00e7evrildikten sonra b\u0131rak\u0131ld\u0131\u011f\u0131nda m\u00fczik \u00e7almaya ba\u015flar ve bebeklerin dikkatini \u00e7eken huzurlu bir melodi olu\u015fturur.Bu \u00f6zellik sayesinde bebeklerin sakinle\u015fmesine yard\u0131mc\u0131 olur ve uykuya ge\u00e7i\u015f s\u00fcrecini h\u0131zland\u0131r\u0131r. \u00d6zellikle gece uykular\u0131nda veya g\u00fcnd\u00fcz k\u0131sa uykularda kullan\u0131ma olduk\u00e7a uygundur. \u00dcst k\u0131sm\u0131nda bulunan asma halkas\u0131 sayesinde \u00fcr\u00fcn kolayl\u0131kla be\u015fik, puset veya park yata\u011fa sabitlenebilir. Bu sayede \u00fcr\u00fcn sabit bir \u015fekilde durur ve g\u00fcvenli bir kullan\u0131m sa\u011flar.Mekanik yap\u0131s\u0131 sayesinde pil ihtiyac\u0131 olmadan uzun s\u00fcre kullan\u0131labilir. Elektrik i\u00e7ermeyen sistemi sayesinde g\u00fcvenlidir ve bebekler i\u00e7in herhangi bir risk olu\u015fturmaz. Dayan\u0131kl\u0131 malzeme yap\u0131s\u0131 ile uzun \u00f6m\u00fcrl\u00fc kullan\u0131m sunar.Temizli\u011fi olduk\u00e7a kolayd\u0131r. Nemli bir bez yard\u0131m\u0131yla silinerek hijyenik bir \u015fekilde kullan\u0131labilir. Bu da \u00fcr\u00fcn\u00fc g\u00fcnl\u00fck kullan\u0131m i\u00e7in ideal hale getirir.Minimal tasar\u0131m\u0131 sayesinde her ortama uyum sa\u011flar. Bebek odalar\u0131nda \u015f\u0131k ve sade bir dekoratif \u00fcr\u00fcn olarak da kullan\u0131labilir. Ta\u015f\u0131nabilir yap\u0131s\u0131 sayesinde seyahatlerde de rahatl\u0131kla kullan\u0131labilir.M\u00fczikli bebek uyutucu mekanik m\u00fczik kutusu, hem g\u00fcvenli hem de kullan\u0131\u015fl\u0131 yap\u0131s\u0131 ile ebeveynler i\u00e7in b\u00fcy\u00fck kolayl\u0131k sa\u011flayan bir \u00fcr\u00fcnd\u00fcr.<\/p>\n","protected":false},"excerpt":{"rendered":"<p>M\u00fczikli bebek uyutucu mekanik m\u00fczik kutusu, bebeklerin uykuya ge\u00e7i\u015f s\u00fcrecini daha kolay ve konforlu hale getirmek i\u00e7in tasarlanm\u0131\u015f pratik bir \u00fcr\u00fcnd\u00fcr. Pil gerektirmeyen mekanik yap\u0131s\u0131 sayesinde enerji t\u00fcketimi olmadan \u00e7al\u0131\u015f\u0131r ve tamamen \u00e7evre dostu bir kullan\u0131m sunar. \u00dcr\u00fcn\u00fcn i\u00e7erisinde bulunan yay sistemi, anahtar ile \u00e7evrildikten sonra b\u0131rak\u0131ld\u0131\u011f\u0131nda m\u00fczik \u00e7almaya ba\u015flar ve bebeklerin dikkatini \u00e7eken huzurlu&#8230;<\/p>\n","protected":false},"featured_media":128413,"comment_status":"open","ping_status":"closed","template":"","meta":{"_kad_post_transparent":"","_kad_post_title":"","_kad_post_layout":"","_kad_post_sidebar_id":"","_kad_post_content_style":"","_kad_post_vertical_padding":"","_kad_post_feature":"","_kad_post_feature_position":"","_kad_post_header":false,"_kad_post_footer":false,"_kad_post_classname":""},"product_brand":[],"product_cat":[15090],"product_tag":[],"class_list":{"0":"post-128414","1":"product","2":"type-product","3":"status-publish","4":"has-post-thumbnail","6":"product_cat-cocuk-oyuncak-cocuk-oyuncak","8":"first","9":"instock","10":"purchasable","11":"product-type-simple","12":"entry","13":"content-bg","14":"loop-entry"},"_links":{"self":[{"href":"https:\/\/www.hediyepazar.com\/index.php?rest_route=\/wp\/v2\/product\/128414","targetHints":{"allow":["GET"]}}],"collection":[{"href":"https:\/\/www.hediyepazar.com\/index.php?rest_route=\/wp\/v2\/product"}],"about":[{"href":"https:\/\/www.hediyepazar.com\/index.php?rest_route=\/wp\/v2\/types\/product"}],"replies":[{"embeddable":true,"href":"https:\/\/www.hediyepazar.com\/index.php?rest_route=%2Fwp%2Fv2%2Fcomments&post=128414"}],"wp:featuredmedia":[{"embeddable":true,"href":"https:\/\/www.hediyepazar.com\/index.php?rest_route=\/wp\/v2\/media\/128413"}],"wp:attachment":[{"href":"https:\/\/www.hediyepazar.com\/index.php?rest_route=%2Fwp%2Fv2%2Fmedia&parent=128414"}],"wp:term":[{"taxonomy":"product_brand","embeddable":true,"href":"https:\/\/www.hediyepazar.com\/index.php?rest_route=%2Fwp%2Fv2%2Fproduct_brand&post=128414"},{"taxonomy":"product_cat","embeddable":true,"href":"https:\/\/www.hediyepazar.com\/index.php?rest_route=%2Fwp%2Fv2%2Fproduct_cat&post=128414"},{"taxonomy":"product_tag","embeddable":true,"href":"https:\/\/www.hediyepazar.com\/index.php?rest_route=%2Fwp%2Fv2%2Fproduct_tag&post=128414"}],"curies":[{"name":"wp","href":"https:\/\/api.w.org\/{rel}","templated":true}]}}