{"id":128430,"date":"2026-05-07T01:29:13","date_gmt":"2026-05-07T04:29:13","guid":{"rendered":"https:\/\/www.hediyepazar.com\/?product=bluetooth-5-0-kablosuz-kulaklik-otomatik-eslesme-gurultu-azaltma"},"modified":"2026-05-07T01:29:13","modified_gmt":"2026-05-07T04:29:13","slug":"bluetooth-5-0-kablosuz-kulaklik-otomatik-eslesme-gurultu-azaltma","status":"publish","type":"product","link":"https:\/\/www.hediyepazar.com\/?product=bluetooth-5-0-kablosuz-kulaklik-otomatik-eslesme-gurultu-azaltma","title":{"rendered":"Bluetooth 5.0 Kablosuz Kulakl\u0131k Otomatik E\u015fle\u015fme G\u00fcr\u00fclt\u00fc Azaltma"},"content":{"rendered":"<p>Kablosuz kulakl\u0131k teknolojisi ile donat\u0131lm\u0131\u015f bu \u00fcr\u00fcn, kullan\u0131c\u0131ya hem konfor hem de performans sunar. Kablo derdi olmadan \u00f6zg\u00fcrce m\u00fczik dinleyebilir ve g\u00f6r\u00fc\u015fmeler yapabilirsiniz.Otomatik e\u015fle\u015fme \u00f6zelli\u011fi sayesinde h\u0131zl\u0131 kullan\u0131m sunar. Dokunmatik kontrol ile t\u00fcm i\u015flemleri kolayca ger\u00e7ekle\u015ftirebilirsiniz.G\u00fc\u00e7l\u00fc ses performans\u0131 ve net mikrofon kalitesi ile hem m\u00fczik hem g\u00f6r\u00fc\u015fmeler i\u00e7in idealdir.Ergonomik tasar\u0131m sayesinde uzun s\u00fcreli kullan\u0131mda rahatl\u0131k sa\u011flar.\u015earj kutusu ile ta\u015f\u0131nabilir ve pratiktir.<\/p>\n","protected":false},"excerpt":{"rendered":"<p>Kablosuz kulakl\u0131k teknolojisi ile donat\u0131lm\u0131\u015f bu \u00fcr\u00fcn, kullan\u0131c\u0131ya hem konfor hem de performans sunar. Kablo derdi olmadan \u00f6zg\u00fcrce m\u00fczik dinleyebilir ve g\u00f6r\u00fc\u015fmeler yapabilirsiniz.Otomatik e\u015fle\u015fme \u00f6zelli\u011fi sayesinde h\u0131zl\u0131 kullan\u0131m sunar. Dokunmatik kontrol ile t\u00fcm i\u015flemleri kolayca ger\u00e7ekle\u015ftirebilirsiniz.G\u00fc\u00e7l\u00fc ses performans\u0131 ve net mikrofon kalitesi ile hem m\u00fczik hem g\u00f6r\u00fc\u015fmeler i\u00e7in idealdir.Ergonomik tasar\u0131m sayesinde uzun s\u00fcreli kullan\u0131mda rahatl\u0131k&#8230;<\/p>\n","protected":false},"featured_media":128429,"comment_status":"open","ping_status":"closed","template":"","meta":{"_kad_post_transparent":"","_kad_post_title":"","_kad_post_layout":"","_kad_post_sidebar_id":"","_kad_post_content_style":"","_kad_post_vertical_padding":"","_kad_post_feature":"","_kad_post_feature_position":"","_kad_post_header":false,"_kad_post_footer":false,"_kad_post_classname":""},"product_brand":[],"product_cat":[14957],"product_tag":[],"class_list":{"0":"post-128430","1":"product","2":"type-product","3":"status-publish","4":"has-post-thumbnail","6":"product_cat-kablosuz-kulaklik-kablosuz-kulaklik","8":"first","9":"instock","10":"purchasable","11":"product-type-simple","12":"entry","13":"content-bg","14":"loop-entry"},"_links":{"self":[{"href":"https:\/\/www.hediyepazar.com\/index.php?rest_route=\/wp\/v2\/product\/128430","targetHints":{"allow":["GET"]}}],"collection":[{"href":"https:\/\/www.hediyepazar.com\/index.php?rest_route=\/wp\/v2\/product"}],"about":[{"href":"https:\/\/www.hediyepazar.com\/index.php?rest_route=\/wp\/v2\/types\/product"}],"replies":[{"embeddable":true,"href":"https:\/\/www.hediyepazar.com\/index.php?rest_route=%2Fwp%2Fv2%2Fcomments&post=128430"}],"wp:featuredmedia":[{"embeddable":true,"href":"https:\/\/www.hediyepazar.com\/index.php?rest_route=\/wp\/v2\/media\/128429"}],"wp:attachment":[{"href":"https:\/\/www.hediyepazar.com\/index.php?rest_route=%2Fwp%2Fv2%2Fmedia&parent=128430"}],"wp:term":[{"taxonomy":"product_brand","embeddable":true,"href":"https:\/\/www.hediyepazar.com\/index.php?rest_route=%2Fwp%2Fv2%2Fproduct_brand&post=128430"},{"taxonomy":"product_cat","embeddable":true,"href":"https:\/\/www.hediyepazar.com\/index.php?rest_route=%2Fwp%2Fv2%2Fproduct_cat&post=128430"},{"taxonomy":"product_tag","embeddable":true,"href":"https:\/\/www.hediyepazar.com\/index.php?rest_route=%2Fwp%2Fv2%2Fproduct_tag&post=128430"}],"curies":[{"name":"wp","href":"https:\/\/api.w.org\/{rel}","templated":true}]}}