{"id":128442,"date":"2026-05-07T01:32:04","date_gmt":"2026-05-07T04:32:04","guid":{"rendered":"https:\/\/www.hediyepazar.com\/?product=kablosuz-sarjli-led-isikli-masa-saati-bluetooth-hoparlor-alarm-fonksiyonlu"},"modified":"2026-05-07T01:32:04","modified_gmt":"2026-05-07T04:32:04","slug":"kablosuz-sarjli-led-isikli-masa-saati-bluetooth-hoparlor-alarm-fonksiyonlu","status":"publish","type":"product","link":"https:\/\/www.hediyepazar.com\/?product=kablosuz-sarjli-led-isikli-masa-saati-bluetooth-hoparlor-alarm-fonksiyonlu","title":{"rendered":"Kablosuz \u015earjl\u0131 LED I\u015f\u0131kl\u0131 Masa Saati Bluetooth Hoparl\u00f6r Alarm Fonksiyonlu"},"content":{"rendered":"<p>Tek bir cihazla birden fazla ihtiyac\u0131n\u0131z\u0131 kar\u015f\u0131lamak ister misiniz? Bu kablosuz \u015farjl\u0131 Bluetooth hoparl\u00f6r ve dijital saat, modern ya\u015fam\u0131n gereksinimlerini kar\u015f\u0131lamak \u00fczere tasarlanm\u0131\u015ft\u0131r. Fonksiyonel yap\u0131s\u0131 sayesinde hem pratik hem de estetik bir kullan\u0131m sunar.Kablosuz \u015farj \u00f6zelli\u011fi, cihaz\u0131n en dikkat \u00e7ekici avantajlar\u0131ndan biridir. Uyumlu telefonlar\u0131n\u0131z\u0131 sadece \u00fczerine b\u0131rakarak h\u0131zl\u0131 ve g\u00fcvenli bir \u015fekilde \u015farj edebilirsiniz. Bu \u00f6zellik \u00f6zellikle gece kullan\u0131m\u0131nda b\u00fcy\u00fck kolayl\u0131k sa\u011flar.Bluetooth hoparl\u00f6r \u00f6zelli\u011fi ile m\u00fczik dinlemek art\u0131k \u00e7ok daha keyifli. Telefonunuza kolayca ba\u011flanarak g\u00fc\u00e7l\u00fc ve net ses performans\u0131 sunar. Evde, ofiste veya dinlenme anlar\u0131nda m\u00fczik deneyiminizi zenginle\u015ftirir.RGB \u0131\u015f\u0131k \u00f6zelli\u011fi, ortam\u0131n\u0131za farkl\u0131 bir hava katar. \u0130ster sakin bir gece lambas\u0131 olarak ister dekoratif \u0131\u015f\u0131k olarak kullanabilirsiniz. Renk ge\u00e7i\u015fleri ile estetik bir g\u00f6r\u00fcn\u00fcm sunar.Dijital saat ekran\u0131 sayesinde zaman\u0131 kolayca takip edebilir, alarm \u00f6zelli\u011fi ile g\u00fcn\u00fcn\u00fcz\u00fc planlayabilirsiniz. \u015e\u0131k tasar\u0131m\u0131 sayesinde bulundu\u011fu ortama modern bir g\u00f6r\u00fcn\u00fcm kazand\u0131r\u0131r.<\/p>\n","protected":false},"excerpt":{"rendered":"<p>Tek bir cihazla birden fazla ihtiyac\u0131n\u0131z\u0131 kar\u015f\u0131lamak ister misiniz? Bu kablosuz \u015farjl\u0131 Bluetooth hoparl\u00f6r ve dijital saat, modern ya\u015fam\u0131n gereksinimlerini kar\u015f\u0131lamak \u00fczere tasarlanm\u0131\u015ft\u0131r. Fonksiyonel yap\u0131s\u0131 sayesinde hem pratik hem de estetik bir kullan\u0131m sunar.Kablosuz \u015farj \u00f6zelli\u011fi, cihaz\u0131n en dikkat \u00e7ekici avantajlar\u0131ndan biridir. Uyumlu telefonlar\u0131n\u0131z\u0131 sadece \u00fczerine b\u0131rakarak h\u0131zl\u0131 ve g\u00fcvenli bir \u015fekilde \u015farj edebilirsiniz. Bu&#8230;<\/p>\n","protected":false},"featured_media":128441,"comment_status":"open","ping_status":"closed","template":"","meta":{"_kad_post_transparent":"","_kad_post_title":"","_kad_post_layout":"","_kad_post_sidebar_id":"","_kad_post_content_style":"","_kad_post_vertical_padding":"","_kad_post_feature":"","_kad_post_feature_position":"","_kad_post_header":false,"_kad_post_footer":false,"_kad_post_classname":""},"product_brand":[],"product_cat":[14911],"product_tag":[],"class_list":{"0":"post-128442","1":"product","2":"type-product","3":"status-publish","4":"has-post-thumbnail","6":"product_cat-kablosuz-hoparlor-kablosuz-hoparlor","8":"first","9":"instock","10":"purchasable","11":"product-type-simple","12":"entry","13":"content-bg","14":"loop-entry"},"_links":{"self":[{"href":"https:\/\/www.hediyepazar.com\/index.php?rest_route=\/wp\/v2\/product\/128442","targetHints":{"allow":["GET"]}}],"collection":[{"href":"https:\/\/www.hediyepazar.com\/index.php?rest_route=\/wp\/v2\/product"}],"about":[{"href":"https:\/\/www.hediyepazar.com\/index.php?rest_route=\/wp\/v2\/types\/product"}],"replies":[{"embeddable":true,"href":"https:\/\/www.hediyepazar.com\/index.php?rest_route=%2Fwp%2Fv2%2Fcomments&post=128442"}],"wp:featuredmedia":[{"embeddable":true,"href":"https:\/\/www.hediyepazar.com\/index.php?rest_route=\/wp\/v2\/media\/128441"}],"wp:attachment":[{"href":"https:\/\/www.hediyepazar.com\/index.php?rest_route=%2Fwp%2Fv2%2Fmedia&parent=128442"}],"wp:term":[{"taxonomy":"product_brand","embeddable":true,"href":"https:\/\/www.hediyepazar.com\/index.php?rest_route=%2Fwp%2Fv2%2Fproduct_brand&post=128442"},{"taxonomy":"product_cat","embeddable":true,"href":"https:\/\/www.hediyepazar.com\/index.php?rest_route=%2Fwp%2Fv2%2Fproduct_cat&post=128442"},{"taxonomy":"product_tag","embeddable":true,"href":"https:\/\/www.hediyepazar.com\/index.php?rest_route=%2Fwp%2Fv2%2Fproduct_tag&post=128442"}],"curies":[{"name":"wp","href":"https:\/\/api.w.org\/{rel}","templated":true}]}}