{"id":128444,"date":"2026-05-07T01:32:11","date_gmt":"2026-05-07T04:32:11","guid":{"rendered":"https:\/\/www.hediyepazar.com\/?product=rgb-isikli-kablosuz-sarjli-bluetooth-hoparlor-saat-ve-alarm-ozellikli"},"modified":"2026-05-07T01:32:11","modified_gmt":"2026-05-07T04:32:11","slug":"rgb-isikli-kablosuz-sarjli-bluetooth-hoparlor-saat-ve-alarm-ozellikli","status":"publish","type":"product","link":"https:\/\/www.hediyepazar.com\/?product=rgb-isikli-kablosuz-sarjli-bluetooth-hoparlor-saat-ve-alarm-ozellikli","title":{"rendered":"RGB I\u015f\u0131kl\u0131 Kablosuz \u015earjl\u0131 Bluetooth Hoparl\u00f6r Saat ve Alarm \u00d6zellikli"},"content":{"rendered":"<p>G\u00fcnl\u00fck ya\u015fam\u0131n\u0131z\u0131 kolayla\u015ft\u0131ran ve ya\u015fam alanlar\u0131n\u0131za modern bir dokunu\u015f katan bu \u00e7ok fonksiyonlu cihaz, kablosuz \u015farj, Bluetooth hoparl\u00f6r, dijital saat ve RGB gece lambas\u0131n\u0131 tek bir \u00fcr\u00fcnde birle\u015ftirir. \u015e\u0131k ve ergonomik tasar\u0131m\u0131 sayesinde \u00f6zellikle yatak odas\u0131, \u00e7al\u0131\u015fma masas\u0131 veya ofis ortamlar\u0131nda hem estetik hem de i\u015flevsel bir kullan\u0131m sunar.Kablosuz \u015farj \u00f6zelli\u011fi sayesinde uyumlu telefonlar\u0131n\u0131z\u0131 kablo karma\u015fas\u0131na ihtiya\u00e7 duymadan kolayca \u015farj edebilirsiniz. Telefonunuzu \u00fcst y\u00fczeye yerle\u015ftirmeniz yeterlidir. Ak\u0131ll\u0131 enerji aktar\u0131m\u0131 sayesinde cihaz\u0131n\u0131z\u0131 g\u00fcvenli ve dengeli \u015fekilde \u015farj eder. Ayn\u0131 zamanda Bluetooth ba\u011flant\u0131 \u00f6zelli\u011fi ile telefon, tablet veya di\u011fer cihazlar\u0131n\u0131za ba\u011flanarak y\u00fcksek kaliteli ses deneyimi sunar.RGB \u0131\u015f\u0131k \u00f6zelli\u011fi ile ortam\u0131n\u0131za farkl\u0131 bir atmosfer kazand\u0131r\u0131r. Birden fazla renk se\u00e7ene\u011fi ile ister dinlendirici bir gece lambas\u0131, ister dekoratif bir ambiyans \u0131\u015f\u0131\u011f\u0131 olarak kullanabilirsiniz. \u00d6zellikle gece kullan\u0131m\u0131nda g\u00f6z yormayan yumu\u015fak \u0131\u015f\u0131k sunar.Dijital saat ve alarm fonksiyonu ile g\u00fcnl\u00fck planlar\u0131n\u0131z\u0131 d\u00fczenlemenize yard\u0131mc\u0131 olur. Kolay okunabilir ekran\u0131 sayesinde saati net \u015fekilde g\u00f6rebilir ve alarm kurarak g\u00fcne d\u00fczenli ba\u015flayabilirsiniz.Minimal tasar\u0131m\u0131, kullan\u0131m kolayl\u0131\u011f\u0131 ve \u00e7ok y\u00f6nl\u00fc \u00f6zellikleri ile bu \u00fcr\u00fcn hem ki\u015fisel kullan\u0131m hem de hediye se\u00e7ene\u011fi olarak m\u00fckemmel bir tercihtir.<\/p>\n","protected":false},"excerpt":{"rendered":"<p>G\u00fcnl\u00fck ya\u015fam\u0131n\u0131z\u0131 kolayla\u015ft\u0131ran ve ya\u015fam alanlar\u0131n\u0131za modern bir dokunu\u015f katan bu \u00e7ok fonksiyonlu cihaz, kablosuz \u015farj, Bluetooth hoparl\u00f6r, dijital saat ve RGB gece lambas\u0131n\u0131 tek bir \u00fcr\u00fcnde birle\u015ftirir. \u015e\u0131k ve ergonomik tasar\u0131m\u0131 sayesinde \u00f6zellikle yatak odas\u0131, \u00e7al\u0131\u015fma masas\u0131 veya ofis ortamlar\u0131nda hem estetik hem de i\u015flevsel bir kullan\u0131m sunar.Kablosuz \u015farj \u00f6zelli\u011fi sayesinde uyumlu telefonlar\u0131n\u0131z\u0131 kablo&#8230;<\/p>\n","protected":false},"featured_media":128443,"comment_status":"open","ping_status":"closed","template":"","meta":{"_kad_post_transparent":"","_kad_post_title":"","_kad_post_layout":"","_kad_post_sidebar_id":"","_kad_post_content_style":"","_kad_post_vertical_padding":"","_kad_post_feature":"","_kad_post_feature_position":"","_kad_post_header":false,"_kad_post_footer":false,"_kad_post_classname":""},"product_brand":[],"product_cat":[14911],"product_tag":[],"class_list":{"0":"post-128444","1":"product","2":"type-product","3":"status-publish","4":"has-post-thumbnail","6":"product_cat-kablosuz-hoparlor-kablosuz-hoparlor","8":"first","9":"instock","10":"purchasable","11":"product-type-simple","12":"entry","13":"content-bg","14":"loop-entry"},"_links":{"self":[{"href":"https:\/\/www.hediyepazar.com\/index.php?rest_route=\/wp\/v2\/product\/128444","targetHints":{"allow":["GET"]}}],"collection":[{"href":"https:\/\/www.hediyepazar.com\/index.php?rest_route=\/wp\/v2\/product"}],"about":[{"href":"https:\/\/www.hediyepazar.com\/index.php?rest_route=\/wp\/v2\/types\/product"}],"replies":[{"embeddable":true,"href":"https:\/\/www.hediyepazar.com\/index.php?rest_route=%2Fwp%2Fv2%2Fcomments&post=128444"}],"wp:featuredmedia":[{"embeddable":true,"href":"https:\/\/www.hediyepazar.com\/index.php?rest_route=\/wp\/v2\/media\/128443"}],"wp:attachment":[{"href":"https:\/\/www.hediyepazar.com\/index.php?rest_route=%2Fwp%2Fv2%2Fmedia&parent=128444"}],"wp:term":[{"taxonomy":"product_brand","embeddable":true,"href":"https:\/\/www.hediyepazar.com\/index.php?rest_route=%2Fwp%2Fv2%2Fproduct_brand&post=128444"},{"taxonomy":"product_cat","embeddable":true,"href":"https:\/\/www.hediyepazar.com\/index.php?rest_route=%2Fwp%2Fv2%2Fproduct_cat&post=128444"},{"taxonomy":"product_tag","embeddable":true,"href":"https:\/\/www.hediyepazar.com\/index.php?rest_route=%2Fwp%2Fv2%2Fproduct_tag&post=128444"}],"curies":[{"name":"wp","href":"https:\/\/api.w.org\/{rel}","templated":true}]}}