{"id":128446,"date":"2026-05-07T01:32:17","date_gmt":"2026-05-07T04:32:17","guid":{"rendered":"https:\/\/www.hediyepazar.com\/?product=paslanmaz-celik-el-rendesi-guvenli-ve-kompakt-tasarim-2"},"modified":"2026-05-07T01:32:17","modified_gmt":"2026-05-07T04:32:17","slug":"paslanmaz-celik-el-rendesi-guvenli-ve-kompakt-tasarim-2","status":"publish","type":"product","link":"https:\/\/www.hediyepazar.com\/?product=paslanmaz-celik-el-rendesi-guvenli-ve-kompakt-tasarim-2","title":{"rendered":"Paslanmaz \u00c7elik El Rendesi G\u00fcvenli ve Kompakt Tasar\u0131m"},"content":{"rendered":"<p>Dayan\u0131kl\u0131 \u00e7elik malzeme kullan\u0131m\u0131 sayesinde uzun \u00f6m\u00fcrl\u00fc ve sa\u011flam bir yap\u0131 sunan el rendesi, mutfakta g\u00fcvenli ve pratik kullan\u0131m arayanlar i\u00e7in ideal bir \u00e7\u00f6z\u00fcmd\u00fcr. Y\u00fcksek kaliteli paslanmaz \u00e7elikten \u00fcretilmi\u015f olan do\u011frama b\u0131\u00e7aklar\u0131, sebze ve meyveleri rahatl\u0131kla dilimlemenize ve do\u011framan\u0131za olanak tan\u0131r. Keskin b\u0131\u00e7ak yap\u0131s\u0131 sayesinde minimum eforla maksimum verim elde edilir.\u00dcst k\u0131sm\u0131nda yer alan \u00f6zel aparat, sadece birka\u00e7 hamleyle malzemelerinizi istedi\u011finiz kal\u0131nl\u0131kta do\u011framan\u0131z\u0131 sa\u011flar. Bu sistem, hem h\u0131z kazand\u0131r\u0131r hem de mutfakta ge\u00e7irilen zaman\u0131 \u00f6nemli \u00f6l\u00e7\u00fcde azalt\u0131r. E\u015fsiz tasar\u0131m\u0131 sayesinde elleriniz b\u0131\u00e7aklara yakla\u015fmaz ve bu da \u00fcr\u00fcn\u00fc g\u00fcnl\u00fck kullan\u0131m i\u00e7in son derece g\u00fcvenli hale getirir.Kompakt ve katlanabilir yap\u0131s\u0131, kullan\u0131m sonras\u0131 kolay saklama imk\u00e2n\u0131 sunar. Dolap i\u00e7inde veya \u00e7ekmecede minimum yer kaplar. \u00dcr\u00fcnle birlikte gelen temizlik f\u0131r\u00e7as\u0131, b\u0131\u00e7aklar aras\u0131nda biriken g\u0131da art\u0131klar\u0131n\u0131n kolayca temizlenmesini sa\u011flar. Ayr\u0131ca entegre yiyecek toplama haznesi, do\u011frama s\u0131ras\u0131nda tezg\u00e2h\u0131n temiz kalmas\u0131na yard\u0131mc\u0131 olur.Kolay temizlenebilir y\u00fczeyi ve \u015f\u0131k, modern tasar\u0131m\u0131 ile mutfak dekorasyonuna estetik bir dokunu\u015f katar. Hem fonksiyonel hem de g\u00f6rsel olarak beklentileri kar\u015f\u0131layan bu el rendesi, mutfa\u011f\u0131n vazge\u00e7ilmez yard\u0131mc\u0131lar\u0131ndan biri olmaya adayd\u0131r.<\/p>\n","protected":false},"excerpt":{"rendered":"<p>Dayan\u0131kl\u0131 \u00e7elik malzeme kullan\u0131m\u0131 sayesinde uzun \u00f6m\u00fcrl\u00fc ve sa\u011flam bir yap\u0131 sunan el rendesi, mutfakta g\u00fcvenli ve pratik kullan\u0131m arayanlar i\u00e7in ideal bir \u00e7\u00f6z\u00fcmd\u00fcr. Y\u00fcksek kaliteli paslanmaz \u00e7elikten \u00fcretilmi\u015f olan do\u011frama b\u0131\u00e7aklar\u0131, sebze ve meyveleri rahatl\u0131kla dilimlemenize ve do\u011framan\u0131za olanak tan\u0131r. Keskin b\u0131\u00e7ak yap\u0131s\u0131 sayesinde minimum eforla maksimum verim elde edilir.\u00dcst k\u0131sm\u0131nda yer alan \u00f6zel&#8230;<\/p>\n","protected":false},"featured_media":128445,"comment_status":"open","ping_status":"closed","template":"","meta":{"_kad_post_transparent":"","_kad_post_title":"","_kad_post_layout":"","_kad_post_sidebar_id":"","_kad_post_content_style":"","_kad_post_vertical_padding":"","_kad_post_feature":"","_kad_post_feature_position":"","_kad_post_header":false,"_kad_post_footer":false,"_kad_post_classname":""},"product_brand":[],"product_cat":[15057],"product_tag":[],"class_list":{"0":"post-128446","1":"product","2":"type-product","3":"status-publish","4":"has-post-thumbnail","6":"product_cat-dograyici-ve-rondo-dograyici-ve-rondo","8":"first","9":"instock","10":"purchasable","11":"product-type-simple","12":"entry","13":"content-bg","14":"loop-entry"},"_links":{"self":[{"href":"https:\/\/www.hediyepazar.com\/index.php?rest_route=\/wp\/v2\/product\/128446","targetHints":{"allow":["GET"]}}],"collection":[{"href":"https:\/\/www.hediyepazar.com\/index.php?rest_route=\/wp\/v2\/product"}],"about":[{"href":"https:\/\/www.hediyepazar.com\/index.php?rest_route=\/wp\/v2\/types\/product"}],"replies":[{"embeddable":true,"href":"https:\/\/www.hediyepazar.com\/index.php?rest_route=%2Fwp%2Fv2%2Fcomments&post=128446"}],"wp:featuredmedia":[{"embeddable":true,"href":"https:\/\/www.hediyepazar.com\/index.php?rest_route=\/wp\/v2\/media\/128445"}],"wp:attachment":[{"href":"https:\/\/www.hediyepazar.com\/index.php?rest_route=%2Fwp%2Fv2%2Fmedia&parent=128446"}],"wp:term":[{"taxonomy":"product_brand","embeddable":true,"href":"https:\/\/www.hediyepazar.com\/index.php?rest_route=%2Fwp%2Fv2%2Fproduct_brand&post=128446"},{"taxonomy":"product_cat","embeddable":true,"href":"https:\/\/www.hediyepazar.com\/index.php?rest_route=%2Fwp%2Fv2%2Fproduct_cat&post=128446"},{"taxonomy":"product_tag","embeddable":true,"href":"https:\/\/www.hediyepazar.com\/index.php?rest_route=%2Fwp%2Fv2%2Fproduct_tag&post=128446"}],"curies":[{"name":"wp","href":"https:\/\/api.w.org\/{rel}","templated":true}]}}