{"id":128448,"date":"2026-05-07T01:32:23","date_gmt":"2026-05-07T04:32:23","guid":{"rendered":"https:\/\/www.hediyepazar.com\/?product=celik-el-rendesi-dograma-ve-dilimleme-aparatli-2"},"modified":"2026-05-07T01:32:23","modified_gmt":"2026-05-07T04:32:23","slug":"celik-el-rendesi-dograma-ve-dilimleme-aparatli-2","status":"publish","type":"product","link":"https:\/\/www.hediyepazar.com\/?product=celik-el-rendesi-dograma-ve-dilimleme-aparatli-2","title":{"rendered":"\u00c7elik El Rendesi Do\u011frama ve Dilimleme Aparatl\u0131"},"content":{"rendered":"<p>Paslanmaz \u00e7elikten \u00fcretilmi\u015f bu el rendesi, sa\u011flaml\u0131\u011f\u0131 ve g\u00fcvenli yap\u0131s\u0131yla mutfakta uzun s\u00fcreli kullan\u0131m sunar. Dayan\u0131kl\u0131 \u00e7elik g\u00f6vde, g\u00fcnl\u00fck do\u011frama ve dilimleme i\u015flemlerinde y\u00fcksek performans sa\u011flar. Keskin ve paslanmaz b\u0131\u00e7aklar, farkl\u0131 sebze ve meyveleri kolayca i\u015flemenize yard\u0131mc\u0131 olur.\u00dcstte yer alan bast\u0131rma aparat\u0131, kullan\u0131c\u0131ya kontroll\u00fc ve dengeli bir do\u011frama deneyimi sunar. Bu yap\u0131 sayesinde eliniz do\u011frudan b\u0131\u00e7aklarla temas etmez ve g\u00fcvenli kullan\u0131m \u00f6n planda tutulur. Ergonomik tasar\u0131m, hem sa\u011f hem sol el kullan\u0131m\u0131na uygundur.Katlanabilir kompakt tasar\u0131m, \u00fcr\u00fcn\u00fc kulland\u0131ktan sonra rahat\u00e7a saklaman\u0131z\u0131 sa\u011flar. Temizlik f\u0131r\u00e7as\u0131, b\u0131\u00e7ak aralar\u0131nda kalan par\u00e7alar\u0131 zahmetsizce temizlerken, yiyecek toplama kab\u0131 mutfak tezg\u00e2h\u0131n\u0131n da\u011f\u0131lmas\u0131n\u0131 \u00f6nler. \u015e\u0131k ve modern g\u00f6r\u00fcn\u00fcm\u00fcyle mutfa\u011f\u0131n\u0131za estetik bir katk\u0131 sa\u011flar.<\/p>\n","protected":false},"excerpt":{"rendered":"<p>Paslanmaz \u00e7elikten \u00fcretilmi\u015f bu el rendesi, sa\u011flaml\u0131\u011f\u0131 ve g\u00fcvenli yap\u0131s\u0131yla mutfakta uzun s\u00fcreli kullan\u0131m sunar. Dayan\u0131kl\u0131 \u00e7elik g\u00f6vde, g\u00fcnl\u00fck do\u011frama ve dilimleme i\u015flemlerinde y\u00fcksek performans sa\u011flar. Keskin ve paslanmaz b\u0131\u00e7aklar, farkl\u0131 sebze ve meyveleri kolayca i\u015flemenize yard\u0131mc\u0131 olur.\u00dcstte yer alan bast\u0131rma aparat\u0131, kullan\u0131c\u0131ya kontroll\u00fc ve dengeli bir do\u011frama deneyimi sunar. Bu yap\u0131 sayesinde eliniz do\u011frudan&#8230;<\/p>\n","protected":false},"featured_media":128447,"comment_status":"open","ping_status":"closed","template":"","meta":{"_kad_post_transparent":"","_kad_post_title":"","_kad_post_layout":"","_kad_post_sidebar_id":"","_kad_post_content_style":"","_kad_post_vertical_padding":"","_kad_post_feature":"","_kad_post_feature_position":"","_kad_post_header":false,"_kad_post_footer":false,"_kad_post_classname":""},"product_brand":[],"product_cat":[15057],"product_tag":[],"class_list":{"0":"post-128448","1":"product","2":"type-product","3":"status-publish","4":"has-post-thumbnail","6":"product_cat-dograyici-ve-rondo-dograyici-ve-rondo","8":"first","9":"instock","10":"purchasable","11":"product-type-simple","12":"entry","13":"content-bg","14":"loop-entry"},"_links":{"self":[{"href":"https:\/\/www.hediyepazar.com\/index.php?rest_route=\/wp\/v2\/product\/128448","targetHints":{"allow":["GET"]}}],"collection":[{"href":"https:\/\/www.hediyepazar.com\/index.php?rest_route=\/wp\/v2\/product"}],"about":[{"href":"https:\/\/www.hediyepazar.com\/index.php?rest_route=\/wp\/v2\/types\/product"}],"replies":[{"embeddable":true,"href":"https:\/\/www.hediyepazar.com\/index.php?rest_route=%2Fwp%2Fv2%2Fcomments&post=128448"}],"wp:featuredmedia":[{"embeddable":true,"href":"https:\/\/www.hediyepazar.com\/index.php?rest_route=\/wp\/v2\/media\/128447"}],"wp:attachment":[{"href":"https:\/\/www.hediyepazar.com\/index.php?rest_route=%2Fwp%2Fv2%2Fmedia&parent=128448"}],"wp:term":[{"taxonomy":"product_brand","embeddable":true,"href":"https:\/\/www.hediyepazar.com\/index.php?rest_route=%2Fwp%2Fv2%2Fproduct_brand&post=128448"},{"taxonomy":"product_cat","embeddable":true,"href":"https:\/\/www.hediyepazar.com\/index.php?rest_route=%2Fwp%2Fv2%2Fproduct_cat&post=128448"},{"taxonomy":"product_tag","embeddable":true,"href":"https:\/\/www.hediyepazar.com\/index.php?rest_route=%2Fwp%2Fv2%2Fproduct_tag&post=128448"}],"curies":[{"name":"wp","href":"https:\/\/api.w.org\/{rel}","templated":true}]}}