{"id":128458,"date":"2026-05-07T01:33:59","date_gmt":"2026-05-07T04:33:59","guid":{"rendered":"https:\/\/www.hediyepazar.com\/?product=arac-havalandirma-telefon-tutucu-kablosuz-sarj-destekli-akilli-sensorlu"},"modified":"2026-05-07T01:33:59","modified_gmt":"2026-05-07T04:33:59","slug":"arac-havalandirma-telefon-tutucu-kablosuz-sarj-destekli-akilli-sensorlu","status":"publish","type":"product","link":"https:\/\/www.hediyepazar.com\/?product=arac-havalandirma-telefon-tutucu-kablosuz-sarj-destekli-akilli-sensorlu","title":{"rendered":"Ara\u00e7 Havaland\u0131rma Telefon Tutucu Kablosuz \u015earj Destekli Ak\u0131ll\u0131 Sens\u00f6rl\u00fc"},"content":{"rendered":"<p>Sens\u00f6rl\u00fc kablosuz \u015farjl\u0131 ara\u00e7 telefon tutucu, kullan\u0131c\u0131 dostu tasar\u0131m\u0131 ve geli\u015fmi\u015f \u00f6zellikleri ile \u00f6ne \u00e7\u0131kar. Telefonunuzu tutucuya yakla\u015ft\u0131rd\u0131\u011f\u0131n\u0131zda otomatik olarak a\u00e7\u0131lan kollar, cihaz\u0131n\u0131z\u0131 yerle\u015ftirdi\u011finizde kapanarak sabitler. Bu sistem s\u00fcr\u00fc\u015f s\u0131ras\u0131nda maksimum g\u00fcvenlik sa\u011flar.Kablosuz \u015farj deste\u011fi ile uyumlu cihazlar\u0131n\u0131z\u0131 h\u0131zl\u0131 bir \u015fekilde \u015farj edebilirsiniz. Ak\u0131ll\u0131 tan\u0131ma sistemi sayesinde cihaz\u0131n\u0131za uygun enerji aktar\u0131m\u0131 yap\u0131l\u0131r. Kablosuz \u015farj \u00f6zelli\u011fi olmayan cihazlarda da tutucu olarak kullan\u0131labilir.Havaland\u0131rma \u0131zgaras\u0131na tak\u0131larak kullan\u0131lan bu \u00fcr\u00fcn, kolay kurulum ve sa\u011flam kullan\u0131m sunar. Kaymaz silikon kollar\u0131 sayesinde cihaz\u0131n\u0131z sabit kal\u0131r.360 derece d\u00f6nebilme \u00f6zelli\u011fi ile kullan\u0131m kolayl\u0131\u011f\u0131 sa\u011flar. Hem yatay hem dikey kullan\u0131m m\u00fcmk\u00fcnd\u00fcr.Modern ve \u015f\u0131k tasar\u0131m\u0131 ile ara\u00e7 i\u00e7inde estetik bir g\u00f6r\u00fcn\u00fcm sunar.<\/p>\n","protected":false},"excerpt":{"rendered":"<p>Sens\u00f6rl\u00fc kablosuz \u015farjl\u0131 ara\u00e7 telefon tutucu, kullan\u0131c\u0131 dostu tasar\u0131m\u0131 ve geli\u015fmi\u015f \u00f6zellikleri ile \u00f6ne \u00e7\u0131kar. Telefonunuzu tutucuya yakla\u015ft\u0131rd\u0131\u011f\u0131n\u0131zda otomatik olarak a\u00e7\u0131lan kollar, cihaz\u0131n\u0131z\u0131 yerle\u015ftirdi\u011finizde kapanarak sabitler. Bu sistem s\u00fcr\u00fc\u015f s\u0131ras\u0131nda maksimum g\u00fcvenlik sa\u011flar.Kablosuz \u015farj deste\u011fi ile uyumlu cihazlar\u0131n\u0131z\u0131 h\u0131zl\u0131 bir \u015fekilde \u015farj edebilirsiniz. Ak\u0131ll\u0131 tan\u0131ma sistemi sayesinde cihaz\u0131n\u0131za uygun enerji aktar\u0131m\u0131 yap\u0131l\u0131r. Kablosuz \u015farj \u00f6zelli\u011fi&#8230;<\/p>\n","protected":false},"featured_media":128457,"comment_status":"open","ping_status":"closed","template":"","meta":{"_kad_post_transparent":"","_kad_post_title":"","_kad_post_layout":"","_kad_post_sidebar_id":"","_kad_post_content_style":"","_kad_post_vertical_padding":"","_kad_post_feature":"","_kad_post_feature_position":"","_kad_post_header":false,"_kad_post_footer":false,"_kad_post_classname":""},"product_brand":[],"product_cat":[14983],"product_tag":[],"class_list":{"0":"post-128458","1":"product","2":"type-product","3":"status-publish","4":"has-post-thumbnail","6":"product_cat-telefon-tutucu-telefon-tutucu","8":"first","9":"instock","10":"purchasable","11":"product-type-simple","12":"entry","13":"content-bg","14":"loop-entry"},"_links":{"self":[{"href":"https:\/\/www.hediyepazar.com\/index.php?rest_route=\/wp\/v2\/product\/128458","targetHints":{"allow":["GET"]}}],"collection":[{"href":"https:\/\/www.hediyepazar.com\/index.php?rest_route=\/wp\/v2\/product"}],"about":[{"href":"https:\/\/www.hediyepazar.com\/index.php?rest_route=\/wp\/v2\/types\/product"}],"replies":[{"embeddable":true,"href":"https:\/\/www.hediyepazar.com\/index.php?rest_route=%2Fwp%2Fv2%2Fcomments&post=128458"}],"wp:featuredmedia":[{"embeddable":true,"href":"https:\/\/www.hediyepazar.com\/index.php?rest_route=\/wp\/v2\/media\/128457"}],"wp:attachment":[{"href":"https:\/\/www.hediyepazar.com\/index.php?rest_route=%2Fwp%2Fv2%2Fmedia&parent=128458"}],"wp:term":[{"taxonomy":"product_brand","embeddable":true,"href":"https:\/\/www.hediyepazar.com\/index.php?rest_route=%2Fwp%2Fv2%2Fproduct_brand&post=128458"},{"taxonomy":"product_cat","embeddable":true,"href":"https:\/\/www.hediyepazar.com\/index.php?rest_route=%2Fwp%2Fv2%2Fproduct_cat&post=128458"},{"taxonomy":"product_tag","embeddable":true,"href":"https:\/\/www.hediyepazar.com\/index.php?rest_route=%2Fwp%2Fv2%2Fproduct_tag&post=128458"}],"curies":[{"name":"wp","href":"https:\/\/api.w.org\/{rel}","templated":true}]}}