{"id":128492,"date":"2026-05-07T01:37:30","date_gmt":"2026-05-07T04:37:30","guid":{"rendered":"https:\/\/www.hediyepazar.com\/?product=buyuk-beden-fantezi-vucut-corabi-ic-giyim"},"modified":"2026-05-07T01:37:30","modified_gmt":"2026-05-07T04:37:30","slug":"buyuk-beden-fantezi-vucut-corabi-ic-giyim","status":"publish","type":"product","link":"https:\/\/www.hediyepazar.com\/?product=buyuk-beden-fantezi-vucut-corabi-ic-giyim","title":{"rendered":"B\u00dcY\u00dcK BEDEN FANTEZ\u0130 V\u00dcCUT \u00c7ORABI \u0130\u00c7 G\u0130Y\u0130M"},"content":{"rendered":"<p>B&Uuml;Y&Uuml;K BEDEN FANTEZ\u0130 V&Uuml;CUT &Ccedil;ORABI \u0130&Ccedil; G\u0130Y\u0130M<\/p>\n<p><b>Desen:<\/b> D\u00fcz<br \/><b>Koleksiyon:<\/b> Party<br \/><b>Kuma\u015f Tipi:<\/b> Denim<br \/><b>Materyal:<\/b> Pamuklu<br \/><b>Materyal Bile\u015feni:<\/b> L\u0130KRA<br \/><b>Ortam:<\/b> G\u00fcnl\u00fck<br \/><b>Paket \u0130\u00e7eri\u011fi:<\/b> Tekli<br \/><b>Renk:<\/b> Siyah<br \/><b>S\u00fcrd\u00fcr\u00fclebilirlik Detay\u0131:<\/b> Hay\u0131r<br \/><b>Tip:<\/b> Jartiyer \u00e7orab\u0131<br \/><b>Y\u0131kama Talimat\u0131:<\/b> Makinada 30 derecede veya elde y\u0131kay\u0131n\u0131z.<\/p>\n","protected":false},"excerpt":{"rendered":"<p>B&Uuml;Y&Uuml;K BEDEN FANTEZ\u0130 V&Uuml;CUT &Ccedil;ORABI \u0130&Ccedil; G\u0130Y\u0130M Desen: D\u00fczKoleksiyon: PartyKuma\u015f Tipi: DenimMateryal: PamukluMateryal Bile\u015feni: L\u0130KRAOrtam: G\u00fcnl\u00fckPaket \u0130\u00e7eri\u011fi: TekliRenk: SiyahS\u00fcrd\u00fcr\u00fclebilirlik Detay\u0131: Hay\u0131rTip: Jartiyer \u00e7orab\u0131Y\u0131kama Talimat\u0131: Makinada 30 derecede veya elde y\u0131kay\u0131n\u0131z.<\/p>\n","protected":false},"featured_media":128491,"comment_status":"open","ping_status":"closed","template":"","meta":{"_kad_post_transparent":"","_kad_post_title":"","_kad_post_layout":"","_kad_post_sidebar_id":"","_kad_post_content_style":"","_kad_post_vertical_padding":"","_kad_post_feature":"","_kad_post_feature_position":"","_kad_post_header":false,"_kad_post_footer":false,"_kad_post_classname":""},"product_brand":[],"product_cat":[15127],"product_tag":[],"class_list":{"0":"post-128492","1":"product","2":"type-product","3":"status-publish","4":"has-post-thumbnail","6":"product_cat-kulotlu-corap-ic-giyim-kulotlu-corap","8":"first","9":"instock","10":"purchasable","11":"product-type-simple","12":"entry","13":"content-bg","14":"loop-entry"},"_links":{"self":[{"href":"https:\/\/www.hediyepazar.com\/index.php?rest_route=\/wp\/v2\/product\/128492","targetHints":{"allow":["GET"]}}],"collection":[{"href":"https:\/\/www.hediyepazar.com\/index.php?rest_route=\/wp\/v2\/product"}],"about":[{"href":"https:\/\/www.hediyepazar.com\/index.php?rest_route=\/wp\/v2\/types\/product"}],"replies":[{"embeddable":true,"href":"https:\/\/www.hediyepazar.com\/index.php?rest_route=%2Fwp%2Fv2%2Fcomments&post=128492"}],"wp:featuredmedia":[{"embeddable":true,"href":"https:\/\/www.hediyepazar.com\/index.php?rest_route=\/wp\/v2\/media\/128491"}],"wp:attachment":[{"href":"https:\/\/www.hediyepazar.com\/index.php?rest_route=%2Fwp%2Fv2%2Fmedia&parent=128492"}],"wp:term":[{"taxonomy":"product_brand","embeddable":true,"href":"https:\/\/www.hediyepazar.com\/index.php?rest_route=%2Fwp%2Fv2%2Fproduct_brand&post=128492"},{"taxonomy":"product_cat","embeddable":true,"href":"https:\/\/www.hediyepazar.com\/index.php?rest_route=%2Fwp%2Fv2%2Fproduct_cat&post=128492"},{"taxonomy":"product_tag","embeddable":true,"href":"https:\/\/www.hediyepazar.com\/index.php?rest_route=%2Fwp%2Fv2%2Fproduct_tag&post=128492"}],"curies":[{"name":"wp","href":"https:\/\/api.w.org\/{rel}","templated":true}]}}