{"id":128528,"date":"2026-05-07T01:57:24","date_gmt":"2026-05-07T04:57:24","guid":{"rendered":"https:\/\/www.hediyepazar.com\/?product=kadin-seksi-dantelli-ic-camasiri"},"modified":"2026-05-07T01:57:24","modified_gmt":"2026-05-07T04:57:24","slug":"kadin-seksi-dantelli-ic-camasiri","status":"publish","type":"product","link":"https:\/\/www.hediyepazar.com\/?product=kadin-seksi-dantelli-ic-camasiri","title":{"rendered":"Kad\u0131n Seksi Dantelli \u0130\u00e7 \u00c7ama\u015f\u0131r\u0131"},"content":{"rendered":"<p>Kad\u0131n Seksi Dantelli \u0130&ccedil; &Ccedil;ama\u015f\u0131r\u0131<\/p>\n<p><b>Boy:<\/b> 183<br \/><b>Desen:<\/b> D\u00fcz<br \/><b>Koleksiyon:<\/b> \u0130\u00e7 Giyim<br \/><b>Kuma\u015f Tipi:<\/b> Dantel<br \/><b>Materyal:<\/b> File<br \/><b>Materyal Bile\u015feni:<\/b> YOK<br \/><b>Men\u015fei:<\/b> TR<br \/><b>Ortam:<\/b> \u015e\u0131k\/Gece<br \/><b>Paket \u0130\u00e7eri\u011fi:<\/b> Tekli<br \/><b>Renk:<\/b> Siyah<br \/><b>S\u00fcrd\u00fcr\u00fclebilirlik Detay\u0131:<\/b> Evet<br \/><b>Y\u0131kama Talimat\u0131:<\/b> 30<\/p>\n","protected":false},"excerpt":{"rendered":"<p>Kad\u0131n Seksi Dantelli \u0130&ccedil; &Ccedil;ama\u015f\u0131r\u0131 Boy: 183Desen: D\u00fczKoleksiyon: \u0130\u00e7 GiyimKuma\u015f Tipi: DantelMateryal: FileMateryal Bile\u015feni: YOKMen\u015fei: TROrtam: \u015e\u0131k\/GecePaket \u0130\u00e7eri\u011fi: TekliRenk: SiyahS\u00fcrd\u00fcr\u00fclebilirlik Detay\u0131: EvetY\u0131kama Talimat\u0131: 30<\/p>\n","protected":false},"featured_media":128527,"comment_status":"open","ping_status":"closed","template":"","meta":{"_kad_post_transparent":"","_kad_post_title":"","_kad_post_layout":"","_kad_post_sidebar_id":"","_kad_post_content_style":"","_kad_post_vertical_padding":"","_kad_post_feature":"","_kad_post_feature_position":"","_kad_post_header":false,"_kad_post_footer":false,"_kad_post_classname":""},"product_brand":[],"product_cat":[15261],"product_tag":[],"class_list":{"0":"post-128528","1":"product","2":"type-product","3":"status-publish","4":"has-post-thumbnail","6":"product_cat-fantezi-ic-camasiri-takimlari-fantezi-giyim-ic-giyim-kadin-fantezi-ic-camasiri-takimlari","8":"first","9":"instock","10":"purchasable","11":"product-type-simple","12":"entry","13":"content-bg","14":"loop-entry"},"_links":{"self":[{"href":"https:\/\/www.hediyepazar.com\/index.php?rest_route=\/wp\/v2\/product\/128528","targetHints":{"allow":["GET"]}}],"collection":[{"href":"https:\/\/www.hediyepazar.com\/index.php?rest_route=\/wp\/v2\/product"}],"about":[{"href":"https:\/\/www.hediyepazar.com\/index.php?rest_route=\/wp\/v2\/types\/product"}],"replies":[{"embeddable":true,"href":"https:\/\/www.hediyepazar.com\/index.php?rest_route=%2Fwp%2Fv2%2Fcomments&post=128528"}],"wp:featuredmedia":[{"embeddable":true,"href":"https:\/\/www.hediyepazar.com\/index.php?rest_route=\/wp\/v2\/media\/128527"}],"wp:attachment":[{"href":"https:\/\/www.hediyepazar.com\/index.php?rest_route=%2Fwp%2Fv2%2Fmedia&parent=128528"}],"wp:term":[{"taxonomy":"product_brand","embeddable":true,"href":"https:\/\/www.hediyepazar.com\/index.php?rest_route=%2Fwp%2Fv2%2Fproduct_brand&post=128528"},{"taxonomy":"product_cat","embeddable":true,"href":"https:\/\/www.hediyepazar.com\/index.php?rest_route=%2Fwp%2Fv2%2Fproduct_cat&post=128528"},{"taxonomy":"product_tag","embeddable":true,"href":"https:\/\/www.hediyepazar.com\/index.php?rest_route=%2Fwp%2Fv2%2Fproduct_tag&post=128528"}],"curies":[{"name":"wp","href":"https:\/\/api.w.org\/{rel}","templated":true}]}}