{"id":128542,"date":"2026-05-07T02:03:27","date_gmt":"2026-05-07T05:03:27","guid":{"rendered":"https:\/\/www.hediyepazar.com\/?product=kadin-siyah-buyuk-beden-gecelik"},"modified":"2026-05-07T02:03:27","modified_gmt":"2026-05-07T05:03:27","slug":"kadin-siyah-buyuk-beden-gecelik","status":"publish","type":"product","link":"https:\/\/www.hediyepazar.com\/?product=kadin-siyah-buyuk-beden-gecelik","title":{"rendered":"Kad\u0131n Siyah B\u00fcy\u00fck Beden Gecelik"},"content":{"rendered":"<p>Kad\u0131n Siyah B&uuml;y&uuml;k Beden Gecelik&nbsp;<\/p>\n<p><b>Boy:<\/b> Maxi<br \/><b>Desen:<\/b> D\u00fcz<br \/><b>Dokuma Tipi:<\/b> T\u00fcl<br \/><b>Kal\u0131p:<\/b> Regular<br \/><b>Kemer\/Ku\u015fak Durumu:<\/b> Kemersiz<br \/><b>Kol Boyu:<\/b> Kolsuz<br \/><b>Kol Tipi:<\/b> Kolsuz<br \/><b>Kuma\u015f Tipi:<\/b> Dokuma<br \/><b>Materyal:<\/b> Saten<br \/><b>Men\u015fei:<\/b> TR<br \/><b>Ortam:<\/b> \u015e\u0131k\/Gece<br \/><b>Renk:<\/b> Siyah<br \/><b>Siluet:<\/b> Bal\u0131k<br \/><b>S\u00fcrd\u00fcr\u00fclebilirlik Detay\u0131:<\/b> Evet<br \/><b>Y\u0131kama Talimat\u0131:<\/b> type 3<\/p>\n","protected":false},"excerpt":{"rendered":"<p>Kad\u0131n Siyah B&uuml;y&uuml;k Beden Gecelik&nbsp; Boy: MaxiDesen: D\u00fczDokuma Tipi: T\u00fclKal\u0131p: RegularKemer\/Ku\u015fak Durumu: KemersizKol Boyu: KolsuzKol Tipi: KolsuzKuma\u015f Tipi: DokumaMateryal: SatenMen\u015fei: TROrtam: \u015e\u0131k\/GeceRenk: SiyahSiluet: Bal\u0131kS\u00fcrd\u00fcr\u00fclebilirlik Detay\u0131: EvetY\u0131kama Talimat\u0131: type 3<\/p>\n","protected":false},"featured_media":128541,"comment_status":"open","ping_status":"closed","template":"","meta":{"_kad_post_transparent":"","_kad_post_title":"","_kad_post_layout":"","_kad_post_sidebar_id":"","_kad_post_content_style":"","_kad_post_vertical_padding":"","_kad_post_feature":"","_kad_post_feature_position":"","_kad_post_header":false,"_kad_post_footer":false,"_kad_post_classname":""},"product_brand":[],"product_cat":[15263],"product_tag":[],"class_list":{"0":"post-128542","1":"product","2":"type-product","3":"status-publish","4":"has-post-thumbnail","6":"product_cat-buyuk-beden-gecelik-buyuk-beden-gecelik","8":"first","9":"instock","10":"purchasable","11":"product-type-simple","12":"entry","13":"content-bg","14":"loop-entry"},"_links":{"self":[{"href":"https:\/\/www.hediyepazar.com\/index.php?rest_route=\/wp\/v2\/product\/128542","targetHints":{"allow":["GET"]}}],"collection":[{"href":"https:\/\/www.hediyepazar.com\/index.php?rest_route=\/wp\/v2\/product"}],"about":[{"href":"https:\/\/www.hediyepazar.com\/index.php?rest_route=\/wp\/v2\/types\/product"}],"replies":[{"embeddable":true,"href":"https:\/\/www.hediyepazar.com\/index.php?rest_route=%2Fwp%2Fv2%2Fcomments&post=128542"}],"wp:featuredmedia":[{"embeddable":true,"href":"https:\/\/www.hediyepazar.com\/index.php?rest_route=\/wp\/v2\/media\/128541"}],"wp:attachment":[{"href":"https:\/\/www.hediyepazar.com\/index.php?rest_route=%2Fwp%2Fv2%2Fmedia&parent=128542"}],"wp:term":[{"taxonomy":"product_brand","embeddable":true,"href":"https:\/\/www.hediyepazar.com\/index.php?rest_route=%2Fwp%2Fv2%2Fproduct_brand&post=128542"},{"taxonomy":"product_cat","embeddable":true,"href":"https:\/\/www.hediyepazar.com\/index.php?rest_route=%2Fwp%2Fv2%2Fproduct_cat&post=128542"},{"taxonomy":"product_tag","embeddable":true,"href":"https:\/\/www.hediyepazar.com\/index.php?rest_route=%2Fwp%2Fv2%2Fproduct_tag&post=128542"}],"curies":[{"name":"wp","href":"https:\/\/api.w.org\/{rel}","templated":true}]}}