{"id":128546,"date":"2026-05-07T02:07:01","date_gmt":"2026-05-07T05:07:01","guid":{"rendered":"https:\/\/www.hediyepazar.com\/?product=kadin-leopar-desen-zincirli-kahverengi-seksi-babydoll-fantezi-kostum"},"modified":"2026-05-07T02:07:01","modified_gmt":"2026-05-07T05:07:01","slug":"kadin-leopar-desen-zincirli-kahverengi-seksi-babydoll-fantezi-kostum","status":"publish","type":"product","link":"https:\/\/www.hediyepazar.com\/?product=kadin-leopar-desen-zincirli-kahverengi-seksi-babydoll-fantezi-kostum","title":{"rendered":"Kad\u0131n Leopar Desen Zincirli Kahverengi Seksi Babydoll Fantezi Kost\u00fcm"},"content":{"rendered":"<p>Kad\u0131n Leopar Desen Zincirli Kahverengi Seksi Babydoll Fantezi Kost&uuml;m<\/p>\n<p><b>Boy:<\/b> Uzun<br \/><b>Desen:<\/b> D\u00fcz<br \/><b>Koleksiyon:<\/b> \u0130\u00e7 Giyim<br \/><b>Kuma\u015f Tipi:<\/b> Dokuma<br \/><b>Materyal:<\/b> Polyester<br \/><b>Materyal Bile\u015feni:<\/b> 100% Polyester<br \/><b>Men\u015fei:<\/b> TR<br \/><b>Ortam:<\/b> Casual\/G\u00fcnl\u00fck<br \/><b>Paket \u0130\u00e7eri\u011fi:<\/b> Tekli<br \/><b>Renk:<\/b> Kahverengi<br \/><b>S\u00fcrd\u00fcr\u00fclebilirlik Detay\u0131:<\/b> Hay\u0131r<br \/><b>Y\u0131kama Talimat\u0131:<\/b> Type 1<\/p>\n","protected":false},"excerpt":{"rendered":"<p>Kad\u0131n Leopar Desen Zincirli Kahverengi Seksi Babydoll Fantezi Kost&uuml;m Boy: UzunDesen: D\u00fczKoleksiyon: \u0130\u00e7 GiyimKuma\u015f Tipi: DokumaMateryal: PolyesterMateryal Bile\u015feni: 100% PolyesterMen\u015fei: TROrtam: Casual\/G\u00fcnl\u00fckPaket \u0130\u00e7eri\u011fi: TekliRenk: KahverengiS\u00fcrd\u00fcr\u00fclebilirlik Detay\u0131: Hay\u0131rY\u0131kama Talimat\u0131: Type 1<\/p>\n","protected":false},"featured_media":128545,"comment_status":"open","ping_status":"closed","template":"","meta":{"_kad_post_transparent":"","_kad_post_title":"","_kad_post_layout":"","_kad_post_sidebar_id":"","_kad_post_content_style":"","_kad_post_vertical_padding":"","_kad_post_feature":"","_kad_post_feature_position":"","_kad_post_header":false,"_kad_post_footer":false,"_kad_post_classname":""},"product_brand":[],"product_cat":[15261],"product_tag":[],"class_list":{"0":"post-128546","1":"product","2":"type-product","3":"status-publish","4":"has-post-thumbnail","6":"product_cat-fantezi-ic-camasiri-takimlari-fantezi-giyim-ic-giyim-kadin-fantezi-ic-camasiri-takimlari","8":"first","9":"instock","10":"purchasable","11":"product-type-simple","12":"entry","13":"content-bg","14":"loop-entry"},"_links":{"self":[{"href":"https:\/\/www.hediyepazar.com\/index.php?rest_route=\/wp\/v2\/product\/128546","targetHints":{"allow":["GET"]}}],"collection":[{"href":"https:\/\/www.hediyepazar.com\/index.php?rest_route=\/wp\/v2\/product"}],"about":[{"href":"https:\/\/www.hediyepazar.com\/index.php?rest_route=\/wp\/v2\/types\/product"}],"replies":[{"embeddable":true,"href":"https:\/\/www.hediyepazar.com\/index.php?rest_route=%2Fwp%2Fv2%2Fcomments&post=128546"}],"wp:featuredmedia":[{"embeddable":true,"href":"https:\/\/www.hediyepazar.com\/index.php?rest_route=\/wp\/v2\/media\/128545"}],"wp:attachment":[{"href":"https:\/\/www.hediyepazar.com\/index.php?rest_route=%2Fwp%2Fv2%2Fmedia&parent=128546"}],"wp:term":[{"taxonomy":"product_brand","embeddable":true,"href":"https:\/\/www.hediyepazar.com\/index.php?rest_route=%2Fwp%2Fv2%2Fproduct_brand&post=128546"},{"taxonomy":"product_cat","embeddable":true,"href":"https:\/\/www.hediyepazar.com\/index.php?rest_route=%2Fwp%2Fv2%2Fproduct_cat&post=128546"},{"taxonomy":"product_tag","embeddable":true,"href":"https:\/\/www.hediyepazar.com\/index.php?rest_route=%2Fwp%2Fv2%2Fproduct_tag&post=128546"}],"curies":[{"name":"wp","href":"https:\/\/api.w.org\/{rel}","templated":true}]}}