{"id":128608,"date":"2026-05-07T02:19:38","date_gmt":"2026-05-07T05:19:38","guid":{"rendered":"https:\/\/www.hediyepazar.com\/?product=seffaf-masa-kenari-koruyucu-8-adet-mobilya-kose-koruma-seti"},"modified":"2026-05-07T02:19:38","modified_gmt":"2026-05-07T05:19:38","slug":"seffaf-masa-kenari-koruyucu-8-adet-mobilya-kose-koruma-seti","status":"publish","type":"product","link":"https:\/\/www.hediyepazar.com\/?product=seffaf-masa-kenari-koruyucu-8-adet-mobilya-kose-koruma-seti","title":{"rendered":"\u015eeffaf Masa Kenar\u0131 Koruyucu 8 Adet Mobilya K\u00f6\u015fe Koruma Seti"},"content":{"rendered":"<p>8 adet k\u00f6\u015fe koruyucu i\u00e7eren bu set, \u00e7ocuklu evlerde mobilya k\u00f6\u015felerini daha g\u00fcvenli hale getirmek i\u00e7in geli\u015ftirilmi\u015f pratik bir g\u00fcvenlik \u00fcr\u00fcn\u00fcd\u00fcr. Masa, sehpa, dolap ve mutfak tezgah\u0131 gibi bir\u00e7ok y\u00fczeyde rahatl\u0131kla kullan\u0131labilir.Yumu\u015fak plastik ve silikon i\u00e7erikli yap\u0131s\u0131 sayesinde \u00e7arpma durumlar\u0131nda darbe etkisini azalt\u0131r. Bu sayede \u00e7ocuklar\u0131n g\u00fcvenli\u011fini art\u0131rmaya yard\u0131mc\u0131 olur.\u015eeffaf tasar\u0131m\u0131 sayesinde mobilya \u00fczerinde dikkat \u00e7ekmez ve dekorasyonu bozmaz. Modern ve minimal g\u00f6r\u00fcn\u00fcm\u00fc ile ev dekorasyonuna uyum sa\u011flar.Kolay montaj \u00f6zelli\u011fi sayesinde h\u0131zl\u0131 \u015fekilde uygulanabilir.<\/p>\n","protected":false},"excerpt":{"rendered":"<p>8 adet k\u00f6\u015fe koruyucu i\u00e7eren bu set, \u00e7ocuklu evlerde mobilya k\u00f6\u015felerini daha g\u00fcvenli hale getirmek i\u00e7in geli\u015ftirilmi\u015f pratik bir g\u00fcvenlik \u00fcr\u00fcn\u00fcd\u00fcr. Masa, sehpa, dolap ve mutfak tezgah\u0131 gibi bir\u00e7ok y\u00fczeyde rahatl\u0131kla kullan\u0131labilir.Yumu\u015fak plastik ve silikon i\u00e7erikli yap\u0131s\u0131 sayesinde \u00e7arpma durumlar\u0131nda darbe etkisini azalt\u0131r. Bu sayede \u00e7ocuklar\u0131n g\u00fcvenli\u011fini art\u0131rmaya yard\u0131mc\u0131 olur.\u015eeffaf tasar\u0131m\u0131 sayesinde mobilya \u00fczerinde dikkat&#8230;<\/p>\n","protected":false},"featured_media":128607,"comment_status":"open","ping_status":"closed","template":"","meta":{"_kad_post_transparent":"","_kad_post_title":"","_kad_post_layout":"","_kad_post_sidebar_id":"","_kad_post_content_style":"","_kad_post_vertical_padding":"","_kad_post_feature":"","_kad_post_feature_position":"","_kad_post_header":false,"_kad_post_footer":false,"_kad_post_classname":""},"product_brand":[],"product_cat":[15282],"product_tag":[],"class_list":{"0":"post-128608","1":"product","2":"type-product","3":"status-publish","4":"has-post-thumbnail","6":"product_cat-kose-koruyucu-kose-koruyucu","8":"first","9":"instock","10":"purchasable","11":"product-type-simple","12":"entry","13":"content-bg","14":"loop-entry"},"_links":{"self":[{"href":"https:\/\/www.hediyepazar.com\/index.php?rest_route=\/wp\/v2\/product\/128608","targetHints":{"allow":["GET"]}}],"collection":[{"href":"https:\/\/www.hediyepazar.com\/index.php?rest_route=\/wp\/v2\/product"}],"about":[{"href":"https:\/\/www.hediyepazar.com\/index.php?rest_route=\/wp\/v2\/types\/product"}],"replies":[{"embeddable":true,"href":"https:\/\/www.hediyepazar.com\/index.php?rest_route=%2Fwp%2Fv2%2Fcomments&post=128608"}],"wp:featuredmedia":[{"embeddable":true,"href":"https:\/\/www.hediyepazar.com\/index.php?rest_route=\/wp\/v2\/media\/128607"}],"wp:attachment":[{"href":"https:\/\/www.hediyepazar.com\/index.php?rest_route=%2Fwp%2Fv2%2Fmedia&parent=128608"}],"wp:term":[{"taxonomy":"product_brand","embeddable":true,"href":"https:\/\/www.hediyepazar.com\/index.php?rest_route=%2Fwp%2Fv2%2Fproduct_brand&post=128608"},{"taxonomy":"product_cat","embeddable":true,"href":"https:\/\/www.hediyepazar.com\/index.php?rest_route=%2Fwp%2Fv2%2Fproduct_cat&post=128608"},{"taxonomy":"product_tag","embeddable":true,"href":"https:\/\/www.hediyepazar.com\/index.php?rest_route=%2Fwp%2Fv2%2Fproduct_tag&post=128608"}],"curies":[{"name":"wp","href":"https:\/\/api.w.org\/{rel}","templated":true}]}}