{"id":128628,"date":"2026-05-07T02:23:09","date_gmt":"2026-05-07T05:23:09","guid":{"rendered":"https:\/\/www.hediyepazar.com\/?product=sarjli-hava-ufleyici-guclu-motorlu-cok-amacli-temizlik-makinesi"},"modified":"2026-05-07T02:23:09","modified_gmt":"2026-05-07T05:23:09","slug":"sarjli-hava-ufleyici-guclu-motorlu-cok-amacli-temizlik-makinesi","status":"publish","type":"product","link":"https:\/\/www.hediyepazar.com\/?product=sarjli-hava-ufleyici-guclu-motorlu-cok-amacli-temizlik-makinesi","title":{"rendered":"\u015earjl\u0131 Hava \u00dcfleyici G\u00fc\u00e7l\u00fc Motorlu \u00c7ok Ama\u00e7l\u0131 Temizlik Makinesi"},"content":{"rendered":"<p>Pratik kullan\u0131m sunan \u015farjl\u0131 hava \u00fcfleyici, g\u00fc\u00e7l\u00fc motor performans\u0131 sayesinde temizlik i\u015flemlerini daha h\u0131zl\u0131 ve kolay hale getirir. G\u00fc\u00e7l\u00fc hava ak\u0131m\u0131, y\u00fczeylerde biriken yaprak, toz ve k\u00fc\u00e7\u00fck par\u00e7ac\u0131klar\u0131 etkili \u015fekilde uzakla\u015ft\u0131r\u0131r.Kablosuz tasar\u0131m\u0131 sayesinde hareket alan\u0131 k\u0131s\u0131tlanmaz ve kullan\u0131c\u0131ya \u00f6zg\u00fcr bir \u00e7al\u0131\u015fma imkan\u0131 sunar. Y\u00fcksek kapasiteli batarya sistemi sayesinde uzun s\u00fcreli kullan\u0131m sa\u011flar.Dayan\u0131kl\u0131 malzemeler kullan\u0131larak \u00fcretilmi\u015f g\u00f6vde yap\u0131s\u0131, cihaz\u0131n uzun \u00f6m\u00fcrl\u00fc kullan\u0131m sunmas\u0131na yard\u0131mc\u0131 olur. Darbelere ve d\u0131\u015f etkilere kar\u015f\u0131 dayan\u0131kl\u0131 yap\u0131s\u0131 sayesinde farkl\u0131 \u00e7al\u0131\u015fma ortamlar\u0131nda g\u00fcvenle kullan\u0131labilir.Bah\u00e7e bak\u0131m\u0131, ara\u00e7 temizli\u011fi, at\u00f6lye \u00e7al\u0131\u015fmalar\u0131 ve kamp gibi a\u00e7\u0131k hava aktivitelerinde olduk\u00e7a kullan\u0131\u015fl\u0131 bir temizlik \u00e7\u00f6z\u00fcm\u00fcd\u00fcr.<\/p>\n","protected":false},"excerpt":{"rendered":"<p>Pratik kullan\u0131m sunan \u015farjl\u0131 hava \u00fcfleyici, g\u00fc\u00e7l\u00fc motor performans\u0131 sayesinde temizlik i\u015flemlerini daha h\u0131zl\u0131 ve kolay hale getirir. G\u00fc\u00e7l\u00fc hava ak\u0131m\u0131, y\u00fczeylerde biriken yaprak, toz ve k\u00fc\u00e7\u00fck par\u00e7ac\u0131klar\u0131 etkili \u015fekilde uzakla\u015ft\u0131r\u0131r.Kablosuz tasar\u0131m\u0131 sayesinde hareket alan\u0131 k\u0131s\u0131tlanmaz ve kullan\u0131c\u0131ya \u00f6zg\u00fcr bir \u00e7al\u0131\u015fma imkan\u0131 sunar. Y\u00fcksek kapasiteli batarya sistemi sayesinde uzun s\u00fcreli kullan\u0131m sa\u011flar.Dayan\u0131kl\u0131 malzemeler kullan\u0131larak \u00fcretilmi\u015f&#8230;<\/p>\n","protected":false},"featured_media":128627,"comment_status":"open","ping_status":"closed","template":"","meta":{"_kad_post_transparent":"","_kad_post_title":"","_kad_post_layout":"","_kad_post_sidebar_id":"","_kad_post_content_style":"","_kad_post_vertical_padding":"","_kad_post_feature":"","_kad_post_feature_position":"","_kad_post_header":false,"_kad_post_footer":false,"_kad_post_classname":""},"product_brand":[],"product_cat":[15274],"product_tag":[],"class_list":{"0":"post-128628","1":"product","2":"type-product","3":"status-publish","4":"has-post-thumbnail","6":"product_cat-kapi-hirdavati-hirdavat-banyo-yapi-hirdavat-kapi-hirdavati","8":"first","9":"instock","10":"purchasable","11":"product-type-simple","12":"entry","13":"content-bg","14":"loop-entry"},"_links":{"self":[{"href":"https:\/\/www.hediyepazar.com\/index.php?rest_route=\/wp\/v2\/product\/128628","targetHints":{"allow":["GET"]}}],"collection":[{"href":"https:\/\/www.hediyepazar.com\/index.php?rest_route=\/wp\/v2\/product"}],"about":[{"href":"https:\/\/www.hediyepazar.com\/index.php?rest_route=\/wp\/v2\/types\/product"}],"replies":[{"embeddable":true,"href":"https:\/\/www.hediyepazar.com\/index.php?rest_route=%2Fwp%2Fv2%2Fcomments&post=128628"}],"wp:featuredmedia":[{"embeddable":true,"href":"https:\/\/www.hediyepazar.com\/index.php?rest_route=\/wp\/v2\/media\/128627"}],"wp:attachment":[{"href":"https:\/\/www.hediyepazar.com\/index.php?rest_route=%2Fwp%2Fv2%2Fmedia&parent=128628"}],"wp:term":[{"taxonomy":"product_brand","embeddable":true,"href":"https:\/\/www.hediyepazar.com\/index.php?rest_route=%2Fwp%2Fv2%2Fproduct_brand&post=128628"},{"taxonomy":"product_cat","embeddable":true,"href":"https:\/\/www.hediyepazar.com\/index.php?rest_route=%2Fwp%2Fv2%2Fproduct_cat&post=128628"},{"taxonomy":"product_tag","embeddable":true,"href":"https:\/\/www.hediyepazar.com\/index.php?rest_route=%2Fwp%2Fv2%2Fproduct_tag&post=128628"}],"curies":[{"name":"wp","href":"https:\/\/api.w.org\/{rel}","templated":true}]}}