{"id":128634,"date":"2026-05-07T02:24:06","date_gmt":"2026-05-07T05:24:06","guid":{"rendered":"https:\/\/www.hediyepazar.com\/?product=dayanikli-izolasyon-bandi-kendinden-kaynasan-tamir-bandi"},"modified":"2026-05-07T02:24:06","modified_gmt":"2026-05-07T05:24:06","slug":"dayanikli-izolasyon-bandi-kendinden-kaynasan-tamir-bandi","status":"publish","type":"product","link":"https:\/\/www.hediyepazar.com\/?product=dayanikli-izolasyon-bandi-kendinden-kaynasan-tamir-bandi","title":{"rendered":"Dayan\u0131kl\u0131 \u0130zolasyon Band\u0131 Kendinden Kayna\u015fan Tamir Band\u0131"},"content":{"rendered":"<p>Kendinden kayna\u015fan eriyen bant, g\u00fc\u00e7l\u00fc izolasyon ve h\u0131zl\u0131 tamir i\u015flemleri i\u00e7in geli\u015ftirilmi\u015f kullan\u0131\u015fl\u0131 bir \u00fcr\u00fcnd\u00fcr. Sar\u0131ld\u0131\u011f\u0131 y\u00fczeyde bant katmanlar\u0131 birbirine kayna\u015farak sa\u011flam ve dayan\u0131kl\u0131 bir kaplama olu\u015fturur. Yap\u0131\u015ft\u0131r\u0131c\u0131 i\u00e7ermeyen yap\u0131s\u0131 sayesinde temiz ve pratik bir kullan\u0131m sunar.Elektrik kablolar\u0131, hortumlar, borular ve \u00e7e\u015fitli ba\u011flant\u0131 noktalar\u0131nda g\u00fcvenle kullan\u0131labilir. Su ge\u00e7irmez \u00f6zelli\u011fi sayesinde d\u0131\u015f mek\u00e2n kullan\u0131m\u0131na uygundur ve zorlu hava ko\u015fullar\u0131na kar\u015f\u0131 dayan\u0131kl\u0131d\u0131r. Bu sayede bir\u00e7ok farkl\u0131 alanda g\u00fcvenilir bir \u00e7\u00f6z\u00fcm sunar.Esnek ve dayan\u0131kl\u0131 yap\u0131s\u0131, bant\u0131n farkl\u0131 y\u00fczeylere kolayca uyum sa\u011flamas\u0131na yard\u0131mc\u0131 olur. Gerilerek sar\u0131ld\u0131\u011f\u0131nda y\u00fczeye s\u0131k\u0131ca oturur ve g\u00fc\u00e7l\u00fc bir izolasyon tabakas\u0131 olu\u015fturur. Bu \u00f6zellik, \u00f6zellikle h\u0131zl\u0131 tamir gereken durumlarda b\u00fcy\u00fck kolayl\u0131k sa\u011flar.Ev, ara\u00e7, bah\u00e7e ve teknik tamir i\u015flemlerinde kullan\u0131labilecek \u00e7ok ama\u00e7l\u0131 bir \u00fcr\u00fcnd\u00fcr. Kompakt boyutu sayesinde kolay ta\u015f\u0131nabilir ve ihtiya\u00e7 duyulan her an pratik bir \u015fekilde kullan\u0131labilir.<\/p>\n","protected":false},"excerpt":{"rendered":"<p>Kendinden kayna\u015fan eriyen bant, g\u00fc\u00e7l\u00fc izolasyon ve h\u0131zl\u0131 tamir i\u015flemleri i\u00e7in geli\u015ftirilmi\u015f kullan\u0131\u015fl\u0131 bir \u00fcr\u00fcnd\u00fcr. Sar\u0131ld\u0131\u011f\u0131 y\u00fczeyde bant katmanlar\u0131 birbirine kayna\u015farak sa\u011flam ve dayan\u0131kl\u0131 bir kaplama olu\u015fturur. Yap\u0131\u015ft\u0131r\u0131c\u0131 i\u00e7ermeyen yap\u0131s\u0131 sayesinde temiz ve pratik bir kullan\u0131m sunar.Elektrik kablolar\u0131, hortumlar, borular ve \u00e7e\u015fitli ba\u011flant\u0131 noktalar\u0131nda g\u00fcvenle kullan\u0131labilir. Su ge\u00e7irmez \u00f6zelli\u011fi sayesinde d\u0131\u015f mek\u00e2n kullan\u0131m\u0131na uygundur ve&#8230;<\/p>\n","protected":false},"featured_media":128633,"comment_status":"open","ping_status":"closed","template":"","meta":{"_kad_post_transparent":"","_kad_post_title":"","_kad_post_layout":"","_kad_post_sidebar_id":"","_kad_post_content_style":"","_kad_post_vertical_padding":"","_kad_post_feature":"","_kad_post_feature_position":"","_kad_post_header":false,"_kad_post_footer":false,"_kad_post_classname":""},"product_brand":[],"product_cat":[15274],"product_tag":[],"class_list":{"0":"post-128634","1":"product","2":"type-product","3":"status-publish","4":"has-post-thumbnail","6":"product_cat-kapi-hirdavati-hirdavat-banyo-yapi-hirdavat-kapi-hirdavati","8":"first","9":"instock","10":"purchasable","11":"product-type-simple","12":"entry","13":"content-bg","14":"loop-entry"},"_links":{"self":[{"href":"https:\/\/www.hediyepazar.com\/index.php?rest_route=\/wp\/v2\/product\/128634","targetHints":{"allow":["GET"]}}],"collection":[{"href":"https:\/\/www.hediyepazar.com\/index.php?rest_route=\/wp\/v2\/product"}],"about":[{"href":"https:\/\/www.hediyepazar.com\/index.php?rest_route=\/wp\/v2\/types\/product"}],"replies":[{"embeddable":true,"href":"https:\/\/www.hediyepazar.com\/index.php?rest_route=%2Fwp%2Fv2%2Fcomments&post=128634"}],"wp:featuredmedia":[{"embeddable":true,"href":"https:\/\/www.hediyepazar.com\/index.php?rest_route=\/wp\/v2\/media\/128633"}],"wp:attachment":[{"href":"https:\/\/www.hediyepazar.com\/index.php?rest_route=%2Fwp%2Fv2%2Fmedia&parent=128634"}],"wp:term":[{"taxonomy":"product_brand","embeddable":true,"href":"https:\/\/www.hediyepazar.com\/index.php?rest_route=%2Fwp%2Fv2%2Fproduct_brand&post=128634"},{"taxonomy":"product_cat","embeddable":true,"href":"https:\/\/www.hediyepazar.com\/index.php?rest_route=%2Fwp%2Fv2%2Fproduct_cat&post=128634"},{"taxonomy":"product_tag","embeddable":true,"href":"https:\/\/www.hediyepazar.com\/index.php?rest_route=%2Fwp%2Fv2%2Fproduct_tag&post=128634"}],"curies":[{"name":"wp","href":"https:\/\/api.w.org\/{rel}","templated":true}]}}