{"id":128636,"date":"2026-05-07T02:24:12","date_gmt":"2026-05-07T05:24:12","guid":{"rendered":"https:\/\/www.hediyepazar.com\/?product=cok-amacli-eriyen-bant-kablo-onarim-ve-sizdirmazlik-bandi"},"modified":"2026-05-07T02:24:12","modified_gmt":"2026-05-07T05:24:12","slug":"cok-amacli-eriyen-bant-kablo-onarim-ve-sizdirmazlik-bandi","status":"publish","type":"product","link":"https:\/\/www.hediyepazar.com\/?product=cok-amacli-eriyen-bant-kablo-onarim-ve-sizdirmazlik-bandi","title":{"rendered":"\u00c7ok Ama\u00e7l\u0131 Eriyen Bant Kablo Onar\u0131m ve S\u0131zd\u0131rmazl\u0131k Band\u0131"},"content":{"rendered":"<p>Pratik kullan\u0131m sunan eriyen bant, farkl\u0131 tamir ve izolasyon ihtiya\u00e7lar\u0131 i\u00e7in geli\u015ftirilen \u00e7ok ama\u00e7l\u0131 bir \u00e7\u00f6z\u00fcmd\u00fcr. Kendinden kayna\u015fan yap\u0131s\u0131 sayesinde sar\u0131ld\u0131\u011f\u0131 y\u00fczeyde g\u00fc\u00e7l\u00fc bir koruma olu\u015fturur ve ekstra yap\u0131\u015ft\u0131r\u0131c\u0131 gerektirmez. Katmanlar\u0131n birbirine kayna\u015fmas\u0131 sayesinde dayan\u0131kl\u0131 bir kaplama meydana gelir.Elektrik kablolar\u0131, borular, hortumlar ve \u00e7e\u015fitli ba\u011flant\u0131 noktalar\u0131nda g\u00fcvenle kullan\u0131labilir. \u00d6zellikle izolasyon ve s\u0131zd\u0131rmazl\u0131k gereken alanlarda pratik bir kullan\u0131m sa\u011flar. Suya dayan\u0131kl\u0131 yap\u0131s\u0131 sayesinde nemli ortamlarda da etkili performans sunar.Esnek malzemesi sayesinde farkl\u0131 y\u00fczeylere kolayca uyum sa\u011flar ve uygulama s\u0131ras\u0131nda rahat\u00e7a gerilerek sar\u0131labilir. Bu sayede dar alanlarda bile pratik bir \u015fekilde kullan\u0131labilir. Sar\u0131ld\u0131\u011f\u0131 noktada g\u00fc\u00e7l\u00fc bir tutu\u015f sa\u011flayarak uzun s\u00fcreli koruma sunar.Ev kullan\u0131m\u0131, at\u00f6lye \u00e7al\u0131\u015fmalar\u0131, otomotiv tamirleri ve teknik servis i\u015flemleri i\u00e7in olduk\u00e7a kullan\u0131\u015fl\u0131d\u0131r. Acil durumlarda h\u0131zl\u0131 bir \u00e7\u00f6z\u00fcm sunarak zaman kayb\u0131n\u0131 \u00f6nler.<\/p>\n","protected":false},"excerpt":{"rendered":"<p>Pratik kullan\u0131m sunan eriyen bant, farkl\u0131 tamir ve izolasyon ihtiya\u00e7lar\u0131 i\u00e7in geli\u015ftirilen \u00e7ok ama\u00e7l\u0131 bir \u00e7\u00f6z\u00fcmd\u00fcr. Kendinden kayna\u015fan yap\u0131s\u0131 sayesinde sar\u0131ld\u0131\u011f\u0131 y\u00fczeyde g\u00fc\u00e7l\u00fc bir koruma olu\u015fturur ve ekstra yap\u0131\u015ft\u0131r\u0131c\u0131 gerektirmez. Katmanlar\u0131n birbirine kayna\u015fmas\u0131 sayesinde dayan\u0131kl\u0131 bir kaplama meydana gelir.Elektrik kablolar\u0131, borular, hortumlar ve \u00e7e\u015fitli ba\u011flant\u0131 noktalar\u0131nda g\u00fcvenle kullan\u0131labilir. \u00d6zellikle izolasyon ve s\u0131zd\u0131rmazl\u0131k gereken alanlarda pratik&#8230;<\/p>\n","protected":false},"featured_media":128635,"comment_status":"open","ping_status":"closed","template":"","meta":{"_kad_post_transparent":"","_kad_post_title":"","_kad_post_layout":"","_kad_post_sidebar_id":"","_kad_post_content_style":"","_kad_post_vertical_padding":"","_kad_post_feature":"","_kad_post_feature_position":"","_kad_post_header":false,"_kad_post_footer":false,"_kad_post_classname":""},"product_brand":[],"product_cat":[15274],"product_tag":[],"class_list":{"0":"post-128636","1":"product","2":"type-product","3":"status-publish","4":"has-post-thumbnail","6":"product_cat-kapi-hirdavati-hirdavat-banyo-yapi-hirdavat-kapi-hirdavati","8":"first","9":"instock","10":"purchasable","11":"product-type-simple","12":"entry","13":"content-bg","14":"loop-entry"},"_links":{"self":[{"href":"https:\/\/www.hediyepazar.com\/index.php?rest_route=\/wp\/v2\/product\/128636","targetHints":{"allow":["GET"]}}],"collection":[{"href":"https:\/\/www.hediyepazar.com\/index.php?rest_route=\/wp\/v2\/product"}],"about":[{"href":"https:\/\/www.hediyepazar.com\/index.php?rest_route=\/wp\/v2\/types\/product"}],"replies":[{"embeddable":true,"href":"https:\/\/www.hediyepazar.com\/index.php?rest_route=%2Fwp%2Fv2%2Fcomments&post=128636"}],"wp:featuredmedia":[{"embeddable":true,"href":"https:\/\/www.hediyepazar.com\/index.php?rest_route=\/wp\/v2\/media\/128635"}],"wp:attachment":[{"href":"https:\/\/www.hediyepazar.com\/index.php?rest_route=%2Fwp%2Fv2%2Fmedia&parent=128636"}],"wp:term":[{"taxonomy":"product_brand","embeddable":true,"href":"https:\/\/www.hediyepazar.com\/index.php?rest_route=%2Fwp%2Fv2%2Fproduct_brand&post=128636"},{"taxonomy":"product_cat","embeddable":true,"href":"https:\/\/www.hediyepazar.com\/index.php?rest_route=%2Fwp%2Fv2%2Fproduct_cat&post=128636"},{"taxonomy":"product_tag","embeddable":true,"href":"https:\/\/www.hediyepazar.com\/index.php?rest_route=%2Fwp%2Fv2%2Fproduct_tag&post=128636"}],"curies":[{"name":"wp","href":"https:\/\/api.w.org\/{rel}","templated":true}]}}