{"id":128642,"date":"2026-05-07T02:25:08","date_gmt":"2026-05-07T05:25:08","guid":{"rendered":"https:\/\/www.hediyepazar.com\/?product=kendinden-kaynasan-eriyen-bant-su-gecirmez-izolasyon-bandi"},"modified":"2026-05-07T02:25:08","modified_gmt":"2026-05-07T05:25:08","slug":"kendinden-kaynasan-eriyen-bant-su-gecirmez-izolasyon-bandi","status":"publish","type":"product","link":"https:\/\/www.hediyepazar.com\/?product=kendinden-kaynasan-eriyen-bant-su-gecirmez-izolasyon-bandi","title":{"rendered":"Kendinden Kayna\u015fan Eriyen Bant Su Ge\u00e7irmez \u0130zolasyon Band\u0131"},"content":{"rendered":"<p>Kendinden kayna\u015fan eriyen bant, elektrik tesisat\u0131ndan su tesisat\u0131na kadar bir\u00e7ok farkl\u0131 alanda kullan\u0131labilen pratik ve g\u00fc\u00e7l\u00fc bir tamir \u00e7\u00f6z\u00fcm\u00fcd\u00fcr. \u00d6zel yap\u0131s\u0131 sayesinde bant katmanlar\u0131 birbirine temas etti\u011finde kendili\u011finden kayna\u015farak g\u00fc\u00e7l\u00fc bir izolasyon tabakas\u0131 olu\u015fturur. Bu \u00f6zellik, bant\u0131n yap\u0131\u015ft\u0131r\u0131c\u0131ya ihtiya\u00e7 duymadan sa\u011flam ve uzun \u00f6m\u00fcrl\u00fc bir kaplama sa\u011flamas\u0131na yard\u0131mc\u0131 olur.Elektrik kablolar\u0131n\u0131n izolasyonunda, su s\u0131z\u0131nt\u0131lar\u0131n\u0131n ge\u00e7ici olarak durdurulmas\u0131nda ve \u00e7e\u015fitli tamir i\u015flemlerinde g\u00fcvenle kullan\u0131labilir. Su ge\u00e7irmez yap\u0131s\u0131 sayesinde d\u0131\u015f mekan kullan\u0131m\u0131na da uygundur. Nem, ya\u011fmur ve zorlu hava ko\u015fullar\u0131na kar\u015f\u0131 dayan\u0131kl\u0131 yap\u0131s\u0131 sayesinde uzun s\u00fcreli kullan\u0131m sa\u011flar.Esnek ve dayan\u0131kl\u0131 malzemeden \u00fcretilmi\u015f olmas\u0131, bant\u0131n farkl\u0131 y\u00fczeylere kolayca uygulanmas\u0131n\u0131 sa\u011flar. Borular, kablolar, hortumlar ve \u00e7e\u015fitli ba\u011flant\u0131 noktalar\u0131nda pratik bir \u00e7\u00f6z\u00fcm sunar. Uygulama s\u0131ras\u0131nda sadece gererek sar\u0131lmas\u0131 yeterlidir; bant kendi kendine kayna\u015farak g\u00fc\u00e7l\u00fc bir izolasyon olu\u015fturur.Ev, ara\u00e7, bah\u00e7e ve at\u00f6lye kullan\u0131m\u0131nda olduk\u00e7a pratik olan bu \u00fcr\u00fcn, acil tamir ihtiya\u00e7lar\u0131nda h\u0131zl\u0131 ve etkili bir \u00e7\u00f6z\u00fcm sunar. Kompakt tasar\u0131m\u0131 sayesinde kolay ta\u015f\u0131nabilir ve gerekti\u011finde hemen kullan\u0131labilir.<\/p>\n","protected":false},"excerpt":{"rendered":"<p>Kendinden kayna\u015fan eriyen bant, elektrik tesisat\u0131ndan su tesisat\u0131na kadar bir\u00e7ok farkl\u0131 alanda kullan\u0131labilen pratik ve g\u00fc\u00e7l\u00fc bir tamir \u00e7\u00f6z\u00fcm\u00fcd\u00fcr. \u00d6zel yap\u0131s\u0131 sayesinde bant katmanlar\u0131 birbirine temas etti\u011finde kendili\u011finden kayna\u015farak g\u00fc\u00e7l\u00fc bir izolasyon tabakas\u0131 olu\u015fturur. Bu \u00f6zellik, bant\u0131n yap\u0131\u015ft\u0131r\u0131c\u0131ya ihtiya\u00e7 duymadan sa\u011flam ve uzun \u00f6m\u00fcrl\u00fc bir kaplama sa\u011flamas\u0131na yard\u0131mc\u0131 olur.Elektrik kablolar\u0131n\u0131n izolasyonunda, su s\u0131z\u0131nt\u0131lar\u0131n\u0131n ge\u00e7ici olarak&#8230;<\/p>\n","protected":false},"featured_media":128641,"comment_status":"open","ping_status":"closed","template":"","meta":{"_kad_post_transparent":"","_kad_post_title":"","_kad_post_layout":"","_kad_post_sidebar_id":"","_kad_post_content_style":"","_kad_post_vertical_padding":"","_kad_post_feature":"","_kad_post_feature_position":"","_kad_post_header":false,"_kad_post_footer":false,"_kad_post_classname":""},"product_brand":[],"product_cat":[15274],"product_tag":[],"class_list":{"0":"post-128642","1":"product","2":"type-product","3":"status-publish","4":"has-post-thumbnail","6":"product_cat-kapi-hirdavati-hirdavat-banyo-yapi-hirdavat-kapi-hirdavati","8":"first","9":"instock","10":"purchasable","11":"product-type-simple","12":"entry","13":"content-bg","14":"loop-entry"},"_links":{"self":[{"href":"https:\/\/www.hediyepazar.com\/index.php?rest_route=\/wp\/v2\/product\/128642","targetHints":{"allow":["GET"]}}],"collection":[{"href":"https:\/\/www.hediyepazar.com\/index.php?rest_route=\/wp\/v2\/product"}],"about":[{"href":"https:\/\/www.hediyepazar.com\/index.php?rest_route=\/wp\/v2\/types\/product"}],"replies":[{"embeddable":true,"href":"https:\/\/www.hediyepazar.com\/index.php?rest_route=%2Fwp%2Fv2%2Fcomments&post=128642"}],"wp:featuredmedia":[{"embeddable":true,"href":"https:\/\/www.hediyepazar.com\/index.php?rest_route=\/wp\/v2\/media\/128641"}],"wp:attachment":[{"href":"https:\/\/www.hediyepazar.com\/index.php?rest_route=%2Fwp%2Fv2%2Fmedia&parent=128642"}],"wp:term":[{"taxonomy":"product_brand","embeddable":true,"href":"https:\/\/www.hediyepazar.com\/index.php?rest_route=%2Fwp%2Fv2%2Fproduct_brand&post=128642"},{"taxonomy":"product_cat","embeddable":true,"href":"https:\/\/www.hediyepazar.com\/index.php?rest_route=%2Fwp%2Fv2%2Fproduct_cat&post=128642"},{"taxonomy":"product_tag","embeddable":true,"href":"https:\/\/www.hediyepazar.com\/index.php?rest_route=%2Fwp%2Fv2%2Fproduct_tag&post=128642"}],"curies":[{"name":"wp","href":"https:\/\/api.w.org\/{rel}","templated":true}]}}