{"id":128662,"date":"2026-05-07T02:31:02","date_gmt":"2026-05-07T05:31:02","guid":{"rendered":"https:\/\/www.hediyepazar.com\/?product=2-adet-sporcu-bilek-destegi-esnek-nefes-alabilir-orgu-tasarim"},"modified":"2026-05-07T02:31:02","modified_gmt":"2026-05-07T05:31:02","slug":"2-adet-sporcu-bilek-destegi-esnek-nefes-alabilir-orgu-tasarim","status":"publish","type":"product","link":"https:\/\/www.hediyepazar.com\/?product=2-adet-sporcu-bilek-destegi-esnek-nefes-alabilir-orgu-tasarim","title":{"rendered":"2 Adet Sporcu Bilek Deste\u011fi Esnek Nefes Alabilir \u00d6rg\u00fc Tasar\u0131m"},"content":{"rendered":"<p>2 adet sporcu bilek deste\u011fi seti, hem sa\u011f hem sol bile\u011fe e\u015fit destek sa\u011flar. Elastik \u00f6rg\u00fc yap\u0131s\u0131 sayesinde bilek sabitli\u011fini art\u0131r\u0131r.Spor s\u0131ras\u0131nda performans deste\u011fi sunar. G\u00fcnl\u00fck kullan\u0131mda rahatl\u0131k sa\u011flar.Pamuk ve polyester kar\u0131\u015f\u0131m\u0131 kuma\u015f dayan\u0131kl\u0131d\u0131r. Ter emici \u00f6zelli\u011fi ile konfor sunar.Uzun s\u00fcreli kullan\u0131m i\u00e7in idealdir.<\/p>\n","protected":false},"excerpt":{"rendered":"<p>2 adet sporcu bilek deste\u011fi seti, hem sa\u011f hem sol bile\u011fe e\u015fit destek sa\u011flar. Elastik \u00f6rg\u00fc yap\u0131s\u0131 sayesinde bilek sabitli\u011fini art\u0131r\u0131r.Spor s\u0131ras\u0131nda performans deste\u011fi sunar. G\u00fcnl\u00fck kullan\u0131mda rahatl\u0131k sa\u011flar.Pamuk ve polyester kar\u0131\u015f\u0131m\u0131 kuma\u015f dayan\u0131kl\u0131d\u0131r. Ter emici \u00f6zelli\u011fi ile konfor sunar.Uzun s\u00fcreli kullan\u0131m i\u00e7in idealdir.<\/p>\n","protected":false},"featured_media":128661,"comment_status":"open","ping_status":"closed","template":"","meta":{"_kad_post_transparent":"","_kad_post_title":"","_kad_post_layout":"","_kad_post_sidebar_id":"","_kad_post_content_style":"","_kad_post_vertical_padding":"","_kad_post_feature":"","_kad_post_feature_position":"","_kad_post_header":false,"_kad_post_footer":false,"_kad_post_classname":""},"product_brand":[],"product_cat":[15288],"product_tag":[],"class_list":{"0":"post-128662","1":"product","2":"type-product","3":"status-publish","4":"has-post-thumbnail","6":"product_cat-sporcu-eldiveni-sporcu-eldiveni","8":"first","9":"instock","10":"purchasable","11":"product-type-simple","12":"entry","13":"content-bg","14":"loop-entry"},"_links":{"self":[{"href":"https:\/\/www.hediyepazar.com\/index.php?rest_route=\/wp\/v2\/product\/128662","targetHints":{"allow":["GET"]}}],"collection":[{"href":"https:\/\/www.hediyepazar.com\/index.php?rest_route=\/wp\/v2\/product"}],"about":[{"href":"https:\/\/www.hediyepazar.com\/index.php?rest_route=\/wp\/v2\/types\/product"}],"replies":[{"embeddable":true,"href":"https:\/\/www.hediyepazar.com\/index.php?rest_route=%2Fwp%2Fv2%2Fcomments&post=128662"}],"wp:featuredmedia":[{"embeddable":true,"href":"https:\/\/www.hediyepazar.com\/index.php?rest_route=\/wp\/v2\/media\/128661"}],"wp:attachment":[{"href":"https:\/\/www.hediyepazar.com\/index.php?rest_route=%2Fwp%2Fv2%2Fmedia&parent=128662"}],"wp:term":[{"taxonomy":"product_brand","embeddable":true,"href":"https:\/\/www.hediyepazar.com\/index.php?rest_route=%2Fwp%2Fv2%2Fproduct_brand&post=128662"},{"taxonomy":"product_cat","embeddable":true,"href":"https:\/\/www.hediyepazar.com\/index.php?rest_route=%2Fwp%2Fv2%2Fproduct_cat&post=128662"},{"taxonomy":"product_tag","embeddable":true,"href":"https:\/\/www.hediyepazar.com\/index.php?rest_route=%2Fwp%2Fv2%2Fproduct_tag&post=128662"}],"curies":[{"name":"wp","href":"https:\/\/api.w.org\/{rel}","templated":true}]}}