{"id":128664,"date":"2026-05-07T02:31:08","date_gmt":"2026-05-07T05:31:08","guid":{"rendered":"https:\/\/www.hediyepazar.com\/?product=evrensel-beden-cift-bilek-bandi-spor-ve-gunluk-kullanim-icin"},"modified":"2026-05-07T02:31:08","modified_gmt":"2026-05-07T05:31:08","slug":"evrensel-beden-cift-bilek-bandi-spor-ve-gunluk-kullanim-icin","status":"publish","type":"product","link":"https:\/\/www.hediyepazar.com\/?product=evrensel-beden-cift-bilek-bandi-spor-ve-gunluk-kullanim-icin","title":{"rendered":"Evrensel Beden \u00c7ift Bilek Band\u0131 Spor ve G\u00fcnl\u00fck Kullan\u0131m \u0130\u00e7in"},"content":{"rendered":"<p>Evrensel beden \u00e7ift bilek band\u0131, esnek yap\u0131s\u0131 sayesinde farkl\u0131 bilek \u00f6l\u00e7\u00fclerine uyum sa\u011flar. G\u00fcnl\u00fck kullan\u0131mda, spor yaparken veya yo\u011fun el hareketi gerektiren i\u015flerde destek sunar.Nefes alabilir \u00f6rg\u00fc yap\u0131s\u0131 terlemeyi azalt\u0131r. Hafif ve ergonomik tasar\u0131m\u0131 ile g\u00fcn boyu konfor sa\u011flar.Karpal t\u00fcnel deste\u011fi arayanlar i\u00e7in yard\u0131mc\u0131 ekipman olarak tercih edilebilir.Makinede y\u0131kanabilir. Dayan\u0131kl\u0131 ve uzun \u00f6m\u00fcrl\u00fcd\u00fcr.<\/p>\n","protected":false},"excerpt":{"rendered":"<p>Evrensel beden \u00e7ift bilek band\u0131, esnek yap\u0131s\u0131 sayesinde farkl\u0131 bilek \u00f6l\u00e7\u00fclerine uyum sa\u011flar. G\u00fcnl\u00fck kullan\u0131mda, spor yaparken veya yo\u011fun el hareketi gerektiren i\u015flerde destek sunar.Nefes alabilir \u00f6rg\u00fc yap\u0131s\u0131 terlemeyi azalt\u0131r. Hafif ve ergonomik tasar\u0131m\u0131 ile g\u00fcn boyu konfor sa\u011flar.Karpal t\u00fcnel deste\u011fi arayanlar i\u00e7in yard\u0131mc\u0131 ekipman olarak tercih edilebilir.Makinede y\u0131kanabilir. Dayan\u0131kl\u0131 ve uzun \u00f6m\u00fcrl\u00fcd\u00fcr.<\/p>\n","protected":false},"featured_media":128663,"comment_status":"open","ping_status":"closed","template":"","meta":{"_kad_post_transparent":"","_kad_post_title":"","_kad_post_layout":"","_kad_post_sidebar_id":"","_kad_post_content_style":"","_kad_post_vertical_padding":"","_kad_post_feature":"","_kad_post_feature_position":"","_kad_post_header":false,"_kad_post_footer":false,"_kad_post_classname":""},"product_brand":[],"product_cat":[15288],"product_tag":[],"class_list":{"0":"post-128664","1":"product","2":"type-product","3":"status-publish","4":"has-post-thumbnail","6":"product_cat-sporcu-eldiveni-sporcu-eldiveni","8":"first","9":"instock","10":"purchasable","11":"product-type-simple","12":"entry","13":"content-bg","14":"loop-entry"},"_links":{"self":[{"href":"https:\/\/www.hediyepazar.com\/index.php?rest_route=\/wp\/v2\/product\/128664","targetHints":{"allow":["GET"]}}],"collection":[{"href":"https:\/\/www.hediyepazar.com\/index.php?rest_route=\/wp\/v2\/product"}],"about":[{"href":"https:\/\/www.hediyepazar.com\/index.php?rest_route=\/wp\/v2\/types\/product"}],"replies":[{"embeddable":true,"href":"https:\/\/www.hediyepazar.com\/index.php?rest_route=%2Fwp%2Fv2%2Fcomments&post=128664"}],"wp:featuredmedia":[{"embeddable":true,"href":"https:\/\/www.hediyepazar.com\/index.php?rest_route=\/wp\/v2\/media\/128663"}],"wp:attachment":[{"href":"https:\/\/www.hediyepazar.com\/index.php?rest_route=%2Fwp%2Fv2%2Fmedia&parent=128664"}],"wp:term":[{"taxonomy":"product_brand","embeddable":true,"href":"https:\/\/www.hediyepazar.com\/index.php?rest_route=%2Fwp%2Fv2%2Fproduct_brand&post=128664"},{"taxonomy":"product_cat","embeddable":true,"href":"https:\/\/www.hediyepazar.com\/index.php?rest_route=%2Fwp%2Fv2%2Fproduct_cat&post=128664"},{"taxonomy":"product_tag","embeddable":true,"href":"https:\/\/www.hediyepazar.com\/index.php?rest_route=%2Fwp%2Fv2%2Fproduct_tag&post=128664"}],"curies":[{"name":"wp","href":"https:\/\/api.w.org\/{rel}","templated":true}]}}