{"id":128668,"date":"2026-05-07T02:31:19","date_gmt":"2026-05-07T05:31:19","guid":{"rendered":"https:\/\/www.hediyepazar.com\/?product=sporcu-bilekligi-2li-set-nefes-alabilir-esnek-bilek-destek-bandi"},"modified":"2026-05-07T02:31:19","modified_gmt":"2026-05-07T05:31:19","slug":"sporcu-bilekligi-2li-set-nefes-alabilir-esnek-bilek-destek-bandi","status":"publish","type":"product","link":"https:\/\/www.hediyepazar.com\/?product=sporcu-bilekligi-2li-set-nefes-alabilir-esnek-bilek-destek-bandi","title":{"rendered":"Sporcu Bilekli\u011fi 2li Set Nefes Alabilir Esnek Bilek Destek Band\u0131"},"content":{"rendered":"<p>Sporcu bilekli\u011fi 2\u2019li set, hem sa\u011f hem sol bilek i\u00e7in dengeli destek sunar. G\u00fcnl\u00fck ya\u015famda, spor aktivitelerinde ve antrenmanlarda bilek b\u00f6lgesini sabitlemeye yard\u0131mc\u0131 olur. Elastik yap\u0131s\u0131 sayesinde bile\u011fi s\u0131kmadan sarar ve konforlu kullan\u0131m sa\u011flar.Nefes alabilir kuma\u015f yap\u0131s\u0131 terleme olu\u015fumunu azalt\u0131r. Uzun s\u00fcreli kullan\u0131mda cilt dostu yap\u0131s\u0131 ile rahats\u0131zl\u0131k hissi olu\u015fturmaz. \u00d6zellikle basketbol, tenis, fitness ve a\u011f\u0131rl\u0131k \u00e7al\u0131\u015fmalar\u0131nda tercih edilir.Evrensel boy tasar\u0131m\u0131 sayesinde farkl\u0131 bilek \u00f6l\u00e7\u00fclerine uyum sa\u011flar. Kolay giyilip \u00e7\u0131kar\u0131labilir yap\u0131s\u0131 ile pratik kullan\u0131m sunar.Makinede veya elde y\u0131kanabilir. A\u011fart\u0131c\u0131 kullan\u0131lmamal\u0131d\u0131r.<\/p>\n","protected":false},"excerpt":{"rendered":"<p>Sporcu bilekli\u011fi 2\u2019li set, hem sa\u011f hem sol bilek i\u00e7in dengeli destek sunar. G\u00fcnl\u00fck ya\u015famda, spor aktivitelerinde ve antrenmanlarda bilek b\u00f6lgesini sabitlemeye yard\u0131mc\u0131 olur. Elastik yap\u0131s\u0131 sayesinde bile\u011fi s\u0131kmadan sarar ve konforlu kullan\u0131m sa\u011flar.Nefes alabilir kuma\u015f yap\u0131s\u0131 terleme olu\u015fumunu azalt\u0131r. Uzun s\u00fcreli kullan\u0131mda cilt dostu yap\u0131s\u0131 ile rahats\u0131zl\u0131k hissi olu\u015fturmaz. \u00d6zellikle basketbol, tenis, fitness ve&#8230;<\/p>\n","protected":false},"featured_media":128667,"comment_status":"open","ping_status":"closed","template":"","meta":{"_kad_post_transparent":"","_kad_post_title":"","_kad_post_layout":"","_kad_post_sidebar_id":"","_kad_post_content_style":"","_kad_post_vertical_padding":"","_kad_post_feature":"","_kad_post_feature_position":"","_kad_post_header":false,"_kad_post_footer":false,"_kad_post_classname":""},"product_brand":[],"product_cat":[15288],"product_tag":[],"class_list":{"0":"post-128668","1":"product","2":"type-product","3":"status-publish","4":"has-post-thumbnail","6":"product_cat-sporcu-eldiveni-sporcu-eldiveni","8":"first","9":"instock","10":"purchasable","11":"product-type-simple","12":"entry","13":"content-bg","14":"loop-entry"},"_links":{"self":[{"href":"https:\/\/www.hediyepazar.com\/index.php?rest_route=\/wp\/v2\/product\/128668","targetHints":{"allow":["GET"]}}],"collection":[{"href":"https:\/\/www.hediyepazar.com\/index.php?rest_route=\/wp\/v2\/product"}],"about":[{"href":"https:\/\/www.hediyepazar.com\/index.php?rest_route=\/wp\/v2\/types\/product"}],"replies":[{"embeddable":true,"href":"https:\/\/www.hediyepazar.com\/index.php?rest_route=%2Fwp%2Fv2%2Fcomments&post=128668"}],"wp:featuredmedia":[{"embeddable":true,"href":"https:\/\/www.hediyepazar.com\/index.php?rest_route=\/wp\/v2\/media\/128667"}],"wp:attachment":[{"href":"https:\/\/www.hediyepazar.com\/index.php?rest_route=%2Fwp%2Fv2%2Fmedia&parent=128668"}],"wp:term":[{"taxonomy":"product_brand","embeddable":true,"href":"https:\/\/www.hediyepazar.com\/index.php?rest_route=%2Fwp%2Fv2%2Fproduct_brand&post=128668"},{"taxonomy":"product_cat","embeddable":true,"href":"https:\/\/www.hediyepazar.com\/index.php?rest_route=%2Fwp%2Fv2%2Fproduct_cat&post=128668"},{"taxonomy":"product_tag","embeddable":true,"href":"https:\/\/www.hediyepazar.com\/index.php?rest_route=%2Fwp%2Fv2%2Fproduct_tag&post=128668"}],"curies":[{"name":"wp","href":"https:\/\/api.w.org\/{rel}","templated":true}]}}