{"id":128678,"date":"2026-05-07T02:31:46","date_gmt":"2026-05-07T05:31:46","guid":{"rendered":"https:\/\/www.hediyepazar.com\/?product=hazneli-duvar-yama-fircasi-hizli-kuruyan-rotus-boya-silindiri"},"modified":"2026-05-07T02:31:46","modified_gmt":"2026-05-07T05:31:46","slug":"hazneli-duvar-yama-fircasi-hizli-kuruyan-rotus-boya-silindiri","status":"publish","type":"product","link":"https:\/\/www.hediyepazar.com\/?product=hazneli-duvar-yama-fircasi-hizli-kuruyan-rotus-boya-silindiri","title":{"rendered":"Hazneli Duvar Yama F\u0131r\u00e7as\u0131 H\u0131zl\u0131 Kuruyan R\u00f6tu\u015f Boya Silindiri"},"content":{"rendered":"<p>Duvarlardaki k\u00fc\u00e7\u00fck hasarlar evin genel g\u00f6r\u00fcn\u00fcm\u00fcn\u00fc olumsuz etkileyebilir. Hazneli duvar yama f\u0131r\u00e7as\u0131, bu t\u00fcr kusurlar\u0131 h\u0131zl\u0131 ve temiz \u015fekilde kapatmak i\u00e7in geli\u015ftirilmi\u015ftir. D\u00f6ner silindir mekanizmas\u0131 ve entegre boya haznesi sayesinde ekstra ekipmana ihtiya\u00e7 duymaz.Kompakt ve ta\u015f\u0131nabilir tasar\u0131m\u0131 sayesinde kullan\u0131m\u0131 son derece pratiktir. Fazla tozu temizledikten sonra ruloyu y\u00fczeye ileri geri hareket ettirmeniz yeterlidir. Boya e\u015fit \u015fekilde yay\u0131l\u0131r ve y\u00fczeyle b\u00fct\u00fcnle\u015fir. Uygulama sonras\u0131 iz b\u0131rakmaz.H\u0131zl\u0131 kuruyan form\u00fcl sayesinde 1\u20132 saat i\u00e7inde kuruma sa\u011flar. Bu \u00f6zellik hem zamandan tasarruf sa\u011flar hem de kirlenme riskini azalt\u0131r. Ev i\u00e7inde temiz ve kontroll\u00fc uygulama imkan\u0131 sunar.Al\u00e7\u0131pan delikleri, ince \u00e7atlaklar ve s\u00fcrtme izleri i\u00e7in ideal bir \u00e7\u00f6z\u00fcmd\u00fcr. Ev sahipleri, kirac\u0131lar ve DIY projeleriyle ilgilenenler i\u00e7in pratik bir \u00fcr\u00fcnd\u00fcr.<\/p>\n","protected":false},"excerpt":{"rendered":"<p>Duvarlardaki k\u00fc\u00e7\u00fck hasarlar evin genel g\u00f6r\u00fcn\u00fcm\u00fcn\u00fc olumsuz etkileyebilir. Hazneli duvar yama f\u0131r\u00e7as\u0131, bu t\u00fcr kusurlar\u0131 h\u0131zl\u0131 ve temiz \u015fekilde kapatmak i\u00e7in geli\u015ftirilmi\u015ftir. D\u00f6ner silindir mekanizmas\u0131 ve entegre boya haznesi sayesinde ekstra ekipmana ihtiya\u00e7 duymaz.Kompakt ve ta\u015f\u0131nabilir tasar\u0131m\u0131 sayesinde kullan\u0131m\u0131 son derece pratiktir. Fazla tozu temizledikten sonra ruloyu y\u00fczeye ileri geri hareket ettirmeniz yeterlidir. Boya e\u015fit&#8230;<\/p>\n","protected":false},"featured_media":128677,"comment_status":"open","ping_status":"closed","template":"","meta":{"_kad_post_transparent":"","_kad_post_title":"","_kad_post_layout":"","_kad_post_sidebar_id":"","_kad_post_content_style":"","_kad_post_vertical_padding":"","_kad_post_feature":"","_kad_post_feature_position":"","_kad_post_header":false,"_kad_post_footer":false,"_kad_post_classname":""},"product_brand":[],"product_cat":[15284],"product_tag":[],"class_list":{"0":"post-128678","1":"product","2":"type-product","3":"status-publish","4":"has-post-thumbnail","6":"product_cat-boya-fircasi-boya-fircasi","8":"first","9":"instock","10":"purchasable","11":"product-type-simple","12":"entry","13":"content-bg","14":"loop-entry"},"_links":{"self":[{"href":"https:\/\/www.hediyepazar.com\/index.php?rest_route=\/wp\/v2\/product\/128678","targetHints":{"allow":["GET"]}}],"collection":[{"href":"https:\/\/www.hediyepazar.com\/index.php?rest_route=\/wp\/v2\/product"}],"about":[{"href":"https:\/\/www.hediyepazar.com\/index.php?rest_route=\/wp\/v2\/types\/product"}],"replies":[{"embeddable":true,"href":"https:\/\/www.hediyepazar.com\/index.php?rest_route=%2Fwp%2Fv2%2Fcomments&post=128678"}],"wp:featuredmedia":[{"embeddable":true,"href":"https:\/\/www.hediyepazar.com\/index.php?rest_route=\/wp\/v2\/media\/128677"}],"wp:attachment":[{"href":"https:\/\/www.hediyepazar.com\/index.php?rest_route=%2Fwp%2Fv2%2Fmedia&parent=128678"}],"wp:term":[{"taxonomy":"product_brand","embeddable":true,"href":"https:\/\/www.hediyepazar.com\/index.php?rest_route=%2Fwp%2Fv2%2Fproduct_brand&post=128678"},{"taxonomy":"product_cat","embeddable":true,"href":"https:\/\/www.hediyepazar.com\/index.php?rest_route=%2Fwp%2Fv2%2Fproduct_cat&post=128678"},{"taxonomy":"product_tag","embeddable":true,"href":"https:\/\/www.hediyepazar.com\/index.php?rest_route=%2Fwp%2Fv2%2Fproduct_tag&post=128678"}],"curies":[{"name":"wp","href":"https:\/\/api.w.org\/{rel}","templated":true}]}}