{"id":128684,"date":"2026-05-07T02:32:12","date_gmt":"2026-05-07T05:32:12","guid":{"rendered":"https:\/\/www.hediyepazar.com\/?product=seyahat-icin-5li-seffaf-dolum-sisesi-seti-30-ml"},"modified":"2026-05-07T02:32:12","modified_gmt":"2026-05-07T05:32:12","slug":"seyahat-icin-5li-seffaf-dolum-sisesi-seti-30-ml","status":"publish","type":"product","link":"https:\/\/www.hediyepazar.com\/?product=seyahat-icin-5li-seffaf-dolum-sisesi-seti-30-ml","title":{"rendered":"Seyahat \u0130\u00e7in 5\u2019li \u015eeffaf Dolum \u015ei\u015fesi Seti 30 ml"},"content":{"rendered":"<p>Seyahat \u0130\u00e7in 5\u2019li \u015eeffaf Dolum \u015ei\u015fesi Seti, minimal tasar\u0131m\u0131 ve i\u015flevsel yap\u0131s\u0131 ile \u00f6ne \u00e7\u0131kar. 30 ml kapasite sayesinde u\u00e7ak seyahatlerinde g\u00fcvenle ta\u015f\u0131nabilir.Set i\u00e7eri\u011finde farkl\u0131 kullan\u0131m ihtiya\u00e7lar\u0131na uygun kaplar bulunur. \u015eeffaf yap\u0131s\u0131 sayesinde dolum takibi kolayd\u0131r.Esnek ve sa\u011flam plastik malzeme uzun s\u00fcreli kullan\u0131m sa\u011flar. S\u0131zd\u0131rmaz kapaklar d\u00f6k\u00fclmeyi \u00f6nler.Ta\u015f\u0131ma \u00e7antas\u0131 ile d\u00fczenli saklama sunar. Tatil ve spor kullan\u0131m\u0131 i\u00e7in uygundur.<\/p>\n","protected":false},"excerpt":{"rendered":"<p>Seyahat \u0130\u00e7in 5\u2019li \u015eeffaf Dolum \u015ei\u015fesi Seti, minimal tasar\u0131m\u0131 ve i\u015flevsel yap\u0131s\u0131 ile \u00f6ne \u00e7\u0131kar. 30 ml kapasite sayesinde u\u00e7ak seyahatlerinde g\u00fcvenle ta\u015f\u0131nabilir.Set i\u00e7eri\u011finde farkl\u0131 kullan\u0131m ihtiya\u00e7lar\u0131na uygun kaplar bulunur. \u015eeffaf yap\u0131s\u0131 sayesinde dolum takibi kolayd\u0131r.Esnek ve sa\u011flam plastik malzeme uzun s\u00fcreli kullan\u0131m sa\u011flar. S\u0131zd\u0131rmaz kapaklar d\u00f6k\u00fclmeyi \u00f6nler.Ta\u015f\u0131ma \u00e7antas\u0131 ile d\u00fczenli saklama sunar. Tatil ve&#8230;<\/p>\n","protected":false},"featured_media":128683,"comment_status":"open","ping_status":"closed","template":"","meta":{"_kad_post_transparent":"","_kad_post_title":"","_kad_post_layout":"","_kad_post_sidebar_id":"","_kad_post_content_style":"","_kad_post_vertical_padding":"","_kad_post_feature":"","_kad_post_feature_position":"","_kad_post_header":false,"_kad_post_footer":false,"_kad_post_classname":""},"product_brand":[],"product_cat":[15290],"product_tag":[],"class_list":{"0":"post-128684","1":"product","2":"type-product","3":"status-publish","4":"has-post-thumbnail","6":"product_cat-seyahat-sisesi-seyahat-sisesi","8":"first","9":"instock","10":"purchasable","11":"product-type-simple","12":"entry","13":"content-bg","14":"loop-entry"},"_links":{"self":[{"href":"https:\/\/www.hediyepazar.com\/index.php?rest_route=\/wp\/v2\/product\/128684","targetHints":{"allow":["GET"]}}],"collection":[{"href":"https:\/\/www.hediyepazar.com\/index.php?rest_route=\/wp\/v2\/product"}],"about":[{"href":"https:\/\/www.hediyepazar.com\/index.php?rest_route=\/wp\/v2\/types\/product"}],"replies":[{"embeddable":true,"href":"https:\/\/www.hediyepazar.com\/index.php?rest_route=%2Fwp%2Fv2%2Fcomments&post=128684"}],"wp:featuredmedia":[{"embeddable":true,"href":"https:\/\/www.hediyepazar.com\/index.php?rest_route=\/wp\/v2\/media\/128683"}],"wp:attachment":[{"href":"https:\/\/www.hediyepazar.com\/index.php?rest_route=%2Fwp%2Fv2%2Fmedia&parent=128684"}],"wp:term":[{"taxonomy":"product_brand","embeddable":true,"href":"https:\/\/www.hediyepazar.com\/index.php?rest_route=%2Fwp%2Fv2%2Fproduct_brand&post=128684"},{"taxonomy":"product_cat","embeddable":true,"href":"https:\/\/www.hediyepazar.com\/index.php?rest_route=%2Fwp%2Fv2%2Fproduct_cat&post=128684"},{"taxonomy":"product_tag","embeddable":true,"href":"https:\/\/www.hediyepazar.com\/index.php?rest_route=%2Fwp%2Fv2%2Fproduct_tag&post=128684"}],"curies":[{"name":"wp","href":"https:\/\/api.w.org\/{rel}","templated":true}]}}