{"id":128686,"date":"2026-05-07T02:32:16","date_gmt":"2026-05-07T05:32:16","guid":{"rendered":"https:\/\/www.hediyepazar.com\/?product=30-ml-5li-seyahat-boy-kozmetik-organizer-seti"},"modified":"2026-05-07T02:32:16","modified_gmt":"2026-05-07T05:32:16","slug":"30-ml-5li-seyahat-boy-kozmetik-organizer-seti","status":"publish","type":"product","link":"https:\/\/www.hediyepazar.com\/?product=30-ml-5li-seyahat-boy-kozmetik-organizer-seti","title":{"rendered":"30 ml 5\u2019li Seyahat Boy Kozmetik Organizer Seti"},"content":{"rendered":"<p>30 ml 5\u2019li Seyahat Boy Kozmetik Organizer Seti, ki\u015fisel bak\u0131m \u00fcr\u00fcnlerini planl\u0131 ve d\u00fczenli ta\u015f\u0131man\u0131z\u0131 sa\u011flar. K\u00fc\u00e7\u00fck hacmi sayesinde valizinizde veya s\u0131rt \u00e7antan\u0131zda minimum yer kaplar.Farkl\u0131 kap se\u00e7enekleri, bak\u0131m rutininizi eksiksiz s\u00fcrd\u00fcrmenize yard\u0131mc\u0131 olur. \u015eampuan, du\u015f jeli, tonik, losyon ve krem gibi \u00fcr\u00fcnler i\u00e7in ayr\u0131 alan sunar.\u015eeffaf g\u00f6vde yap\u0131s\u0131 sayesinde i\u00e7erik kontrol\u00fc kolayd\u0131r. Dayan\u0131kl\u0131 plastik materyal uzun \u00f6m\u00fcrl\u00fc kullan\u0131m sunar.S\u0131zd\u0131rmaz kapak sistemi ile g\u00fcvenli ta\u015f\u0131ma sa\u011flar. Spor, seyahat ve g\u00fcnl\u00fck kullan\u0131m i\u00e7in idealdir.<\/p>\n","protected":false},"excerpt":{"rendered":"<p>30 ml 5\u2019li Seyahat Boy Kozmetik Organizer Seti, ki\u015fisel bak\u0131m \u00fcr\u00fcnlerini planl\u0131 ve d\u00fczenli ta\u015f\u0131man\u0131z\u0131 sa\u011flar. K\u00fc\u00e7\u00fck hacmi sayesinde valizinizde veya s\u0131rt \u00e7antan\u0131zda minimum yer kaplar.Farkl\u0131 kap se\u00e7enekleri, bak\u0131m rutininizi eksiksiz s\u00fcrd\u00fcrmenize yard\u0131mc\u0131 olur. \u015eampuan, du\u015f jeli, tonik, losyon ve krem gibi \u00fcr\u00fcnler i\u00e7in ayr\u0131 alan sunar.\u015eeffaf g\u00f6vde yap\u0131s\u0131 sayesinde i\u00e7erik kontrol\u00fc kolayd\u0131r. Dayan\u0131kl\u0131 plastik&#8230;<\/p>\n","protected":false},"featured_media":128685,"comment_status":"open","ping_status":"closed","template":"","meta":{"_kad_post_transparent":"","_kad_post_title":"","_kad_post_layout":"","_kad_post_sidebar_id":"","_kad_post_content_style":"","_kad_post_vertical_padding":"","_kad_post_feature":"","_kad_post_feature_position":"","_kad_post_header":false,"_kad_post_footer":false,"_kad_post_classname":""},"product_brand":[],"product_cat":[15290],"product_tag":[],"class_list":{"0":"post-128686","1":"product","2":"type-product","3":"status-publish","4":"has-post-thumbnail","6":"product_cat-seyahat-sisesi-seyahat-sisesi","8":"first","9":"instock","10":"purchasable","11":"product-type-simple","12":"entry","13":"content-bg","14":"loop-entry"},"_links":{"self":[{"href":"https:\/\/www.hediyepazar.com\/index.php?rest_route=\/wp\/v2\/product\/128686","targetHints":{"allow":["GET"]}}],"collection":[{"href":"https:\/\/www.hediyepazar.com\/index.php?rest_route=\/wp\/v2\/product"}],"about":[{"href":"https:\/\/www.hediyepazar.com\/index.php?rest_route=\/wp\/v2\/types\/product"}],"replies":[{"embeddable":true,"href":"https:\/\/www.hediyepazar.com\/index.php?rest_route=%2Fwp%2Fv2%2Fcomments&post=128686"}],"wp:featuredmedia":[{"embeddable":true,"href":"https:\/\/www.hediyepazar.com\/index.php?rest_route=\/wp\/v2\/media\/128685"}],"wp:attachment":[{"href":"https:\/\/www.hediyepazar.com\/index.php?rest_route=%2Fwp%2Fv2%2Fmedia&parent=128686"}],"wp:term":[{"taxonomy":"product_brand","embeddable":true,"href":"https:\/\/www.hediyepazar.com\/index.php?rest_route=%2Fwp%2Fv2%2Fproduct_brand&post=128686"},{"taxonomy":"product_cat","embeddable":true,"href":"https:\/\/www.hediyepazar.com\/index.php?rest_route=%2Fwp%2Fv2%2Fproduct_cat&post=128686"},{"taxonomy":"product_tag","embeddable":true,"href":"https:\/\/www.hediyepazar.com\/index.php?rest_route=%2Fwp%2Fv2%2Fproduct_tag&post=128686"}],"curies":[{"name":"wp","href":"https:\/\/api.w.org\/{rel}","templated":true}]}}