{"id":128692,"date":"2026-05-07T02:34:04","date_gmt":"2026-05-07T05:34:04","guid":{"rendered":"https:\/\/www.hediyepazar.com\/?product=seyahat-icin-5li-seffaf-kozmetik-organizer-seti"},"modified":"2026-05-07T02:34:04","modified_gmt":"2026-05-07T05:34:04","slug":"seyahat-icin-5li-seffaf-kozmetik-organizer-seti","status":"publish","type":"product","link":"https:\/\/www.hediyepazar.com\/?product=seyahat-icin-5li-seffaf-kozmetik-organizer-seti","title":{"rendered":"Seyahat \u0130\u00e7in 5\u2019li \u015eeffaf Kozmetik Organizer Seti"},"content":{"rendered":"<p>Seyahat \u0130\u00e7in 5\u2019li \u015eeffaf Kozmetik Organizer Seti, bak\u0131m \u00fcr\u00fcnlerinizi d\u00fczenli ve planl\u0131 \u015fekilde yan\u0131n\u0131zda ta\u015f\u0131man\u0131z\u0131 sa\u011flar. 30 ml kapasite sayesinde el bagaj\u0131na uygundur.\u015eeffaf yap\u0131s\u0131 i\u00e7erik takibini kolayla\u015ft\u0131r\u0131r. Dayan\u0131kl\u0131 plastik malzeme sayesinde g\u00fcvenli kullan\u0131m sunar.S\u0131zd\u0131rmaz kapak mekanizmas\u0131 \u00e7anta i\u00e7inde akma yapmaz. Kompakt tasar\u0131m\u0131 sayesinde yer tasarrufu sa\u011flar.<\/p>\n","protected":false},"excerpt":{"rendered":"<p>Seyahat \u0130\u00e7in 5\u2019li \u015eeffaf Kozmetik Organizer Seti, bak\u0131m \u00fcr\u00fcnlerinizi d\u00fczenli ve planl\u0131 \u015fekilde yan\u0131n\u0131zda ta\u015f\u0131man\u0131z\u0131 sa\u011flar. 30 ml kapasite sayesinde el bagaj\u0131na uygundur.\u015eeffaf yap\u0131s\u0131 i\u00e7erik takibini kolayla\u015ft\u0131r\u0131r. Dayan\u0131kl\u0131 plastik malzeme sayesinde g\u00fcvenli kullan\u0131m sunar.S\u0131zd\u0131rmaz kapak mekanizmas\u0131 \u00e7anta i\u00e7inde akma yapmaz. Kompakt tasar\u0131m\u0131 sayesinde yer tasarrufu sa\u011flar.<\/p>\n","protected":false},"featured_media":128691,"comment_status":"open","ping_status":"closed","template":"","meta":{"_kad_post_transparent":"","_kad_post_title":"","_kad_post_layout":"","_kad_post_sidebar_id":"","_kad_post_content_style":"","_kad_post_vertical_padding":"","_kad_post_feature":"","_kad_post_feature_position":"","_kad_post_header":false,"_kad_post_footer":false,"_kad_post_classname":""},"product_brand":[],"product_cat":[15290],"product_tag":[],"class_list":{"0":"post-128692","1":"product","2":"type-product","3":"status-publish","4":"has-post-thumbnail","6":"product_cat-seyahat-sisesi-seyahat-sisesi","8":"first","9":"instock","10":"purchasable","11":"product-type-simple","12":"entry","13":"content-bg","14":"loop-entry"},"_links":{"self":[{"href":"https:\/\/www.hediyepazar.com\/index.php?rest_route=\/wp\/v2\/product\/128692","targetHints":{"allow":["GET"]}}],"collection":[{"href":"https:\/\/www.hediyepazar.com\/index.php?rest_route=\/wp\/v2\/product"}],"about":[{"href":"https:\/\/www.hediyepazar.com\/index.php?rest_route=\/wp\/v2\/types\/product"}],"replies":[{"embeddable":true,"href":"https:\/\/www.hediyepazar.com\/index.php?rest_route=%2Fwp%2Fv2%2Fcomments&post=128692"}],"wp:featuredmedia":[{"embeddable":true,"href":"https:\/\/www.hediyepazar.com\/index.php?rest_route=\/wp\/v2\/media\/128691"}],"wp:attachment":[{"href":"https:\/\/www.hediyepazar.com\/index.php?rest_route=%2Fwp%2Fv2%2Fmedia&parent=128692"}],"wp:term":[{"taxonomy":"product_brand","embeddable":true,"href":"https:\/\/www.hediyepazar.com\/index.php?rest_route=%2Fwp%2Fv2%2Fproduct_brand&post=128692"},{"taxonomy":"product_cat","embeddable":true,"href":"https:\/\/www.hediyepazar.com\/index.php?rest_route=%2Fwp%2Fv2%2Fproduct_cat&post=128692"},{"taxonomy":"product_tag","embeddable":true,"href":"https:\/\/www.hediyepazar.com\/index.php?rest_route=%2Fwp%2Fv2%2Fproduct_tag&post=128692"}],"curies":[{"name":"wp","href":"https:\/\/api.w.org\/{rel}","templated":true}]}}