{"id":128696,"date":"2026-05-07T02:34:14","date_gmt":"2026-05-07T05:34:14","guid":{"rendered":"https:\/\/www.hediyepazar.com\/?product=30-ml-5li-seyahat-banyo-sise-seti-sizdirmaz-tasarim"},"modified":"2026-05-07T02:34:14","modified_gmt":"2026-05-07T05:34:14","slug":"30-ml-5li-seyahat-banyo-sise-seti-sizdirmaz-tasarim","status":"publish","type":"product","link":"https:\/\/www.hediyepazar.com\/?product=30-ml-5li-seyahat-banyo-sise-seti-sizdirmaz-tasarim","title":{"rendered":"30 ml 5\u2019li Seyahat Banyo \u015ei\u015fe Seti S\u0131zd\u0131rmaz Tasar\u0131m"},"content":{"rendered":"<p>30 ml 5\u2019li Seyahat Banyo \u015ei\u015fe Seti, ki\u015fisel bak\u0131m \u00fcr\u00fcnlerini k\u00fc\u00e7\u00fck ve kullan\u0131\u015fl\u0131 boyutlarda ta\u015f\u0131ma imkan\u0131 sunar. Hafif ve kompakt yap\u0131s\u0131 sayesinde valiz, s\u0131rt \u00e7antas\u0131 veya el \u00e7antas\u0131nda rahatl\u0131kla ta\u015f\u0131nabilir.Set i\u00e7eri\u011fi farkl\u0131 kullan\u0131m ihtiya\u00e7lar\u0131na uygun \u015fekilde haz\u0131rlanm\u0131\u015ft\u0131r. S\u0131v\u0131, sprey ve krem formundaki \u00fcr\u00fcnler i\u00e7in ayr\u0131 kap se\u00e7enekleri sunar.\u015eeffaf tasar\u0131m sayesinde i\u00e7eri\u011fi net \u015fekilde g\u00f6rebilir, \u00fcr\u00fcnlerinizi d\u00fczenli \u015fekilde ay\u0131rabilirsiniz. Esnek plastik g\u00f6vde kolay kullan\u0131m sa\u011flar.S\u0131zd\u0131rmaz kapak yap\u0131s\u0131 sayesinde g\u00fcvenli ta\u015f\u0131ma imkan\u0131 sunar. Seyahat ve g\u00fcnl\u00fck kullan\u0131m i\u00e7in pratik bir \u00e7\u00f6z\u00fcmd\u00fcr.<\/p>\n","protected":false},"excerpt":{"rendered":"<p>30 ml 5\u2019li Seyahat Banyo \u015ei\u015fe Seti, ki\u015fisel bak\u0131m \u00fcr\u00fcnlerini k\u00fc\u00e7\u00fck ve kullan\u0131\u015fl\u0131 boyutlarda ta\u015f\u0131ma imkan\u0131 sunar. Hafif ve kompakt yap\u0131s\u0131 sayesinde valiz, s\u0131rt \u00e7antas\u0131 veya el \u00e7antas\u0131nda rahatl\u0131kla ta\u015f\u0131nabilir.Set i\u00e7eri\u011fi farkl\u0131 kullan\u0131m ihtiya\u00e7lar\u0131na uygun \u015fekilde haz\u0131rlanm\u0131\u015ft\u0131r. S\u0131v\u0131, sprey ve krem formundaki \u00fcr\u00fcnler i\u00e7in ayr\u0131 kap se\u00e7enekleri sunar.\u015eeffaf tasar\u0131m sayesinde i\u00e7eri\u011fi net \u015fekilde g\u00f6rebilir, \u00fcr\u00fcnlerinizi&#8230;<\/p>\n","protected":false},"featured_media":128695,"comment_status":"open","ping_status":"closed","template":"","meta":{"_kad_post_transparent":"","_kad_post_title":"","_kad_post_layout":"","_kad_post_sidebar_id":"","_kad_post_content_style":"","_kad_post_vertical_padding":"","_kad_post_feature":"","_kad_post_feature_position":"","_kad_post_header":false,"_kad_post_footer":false,"_kad_post_classname":""},"product_brand":[],"product_cat":[15290],"product_tag":[],"class_list":{"0":"post-128696","1":"product","2":"type-product","3":"status-publish","4":"has-post-thumbnail","6":"product_cat-seyahat-sisesi-seyahat-sisesi","8":"first","9":"instock","10":"purchasable","11":"product-type-simple","12":"entry","13":"content-bg","14":"loop-entry"},"_links":{"self":[{"href":"https:\/\/www.hediyepazar.com\/index.php?rest_route=\/wp\/v2\/product\/128696","targetHints":{"allow":["GET"]}}],"collection":[{"href":"https:\/\/www.hediyepazar.com\/index.php?rest_route=\/wp\/v2\/product"}],"about":[{"href":"https:\/\/www.hediyepazar.com\/index.php?rest_route=\/wp\/v2\/types\/product"}],"replies":[{"embeddable":true,"href":"https:\/\/www.hediyepazar.com\/index.php?rest_route=%2Fwp%2Fv2%2Fcomments&post=128696"}],"wp:featuredmedia":[{"embeddable":true,"href":"https:\/\/www.hediyepazar.com\/index.php?rest_route=\/wp\/v2\/media\/128695"}],"wp:attachment":[{"href":"https:\/\/www.hediyepazar.com\/index.php?rest_route=%2Fwp%2Fv2%2Fmedia&parent=128696"}],"wp:term":[{"taxonomy":"product_brand","embeddable":true,"href":"https:\/\/www.hediyepazar.com\/index.php?rest_route=%2Fwp%2Fv2%2Fproduct_brand&post=128696"},{"taxonomy":"product_cat","embeddable":true,"href":"https:\/\/www.hediyepazar.com\/index.php?rest_route=%2Fwp%2Fv2%2Fproduct_cat&post=128696"},{"taxonomy":"product_tag","embeddable":true,"href":"https:\/\/www.hediyepazar.com\/index.php?rest_route=%2Fwp%2Fv2%2Fproduct_tag&post=128696"}],"curies":[{"name":"wp","href":"https:\/\/api.w.org\/{rel}","templated":true}]}}