{"id":128698,"date":"2026-05-07T02:34:18","date_gmt":"2026-05-07T05:34:18","guid":{"rendered":"https:\/\/www.hediyepazar.com\/?product=tasinabilir-5-parca-seyahat-kozmetik-dolum-seti-30-ml"},"modified":"2026-05-07T02:34:18","modified_gmt":"2026-05-07T05:34:18","slug":"tasinabilir-5-parca-seyahat-kozmetik-dolum-seti-30-ml","status":"publish","type":"product","link":"https:\/\/www.hediyepazar.com\/?product=tasinabilir-5-parca-seyahat-kozmetik-dolum-seti-30-ml","title":{"rendered":"Ta\u015f\u0131nabilir 5 Par\u00e7a Seyahat Kozmetik Dolum Seti 30 ml"},"content":{"rendered":"<p>Ta\u015f\u0131nabilir 5 Par\u00e7a Seyahat Kozmetik Dolum Seti, minimal boyutlarda maksimum kullan\u0131m avantaj\u0131 sunar. Kompakt tasar\u0131m\u0131 sayesinde \u00e7antan\u0131zda neredeyse hi\u00e7 yer kaplamaz ve a\u011f\u0131rl\u0131k yapmaz.Set i\u00e7erisinde farkl\u0131 ihtiya\u00e7lara y\u00f6nelik tasarlanm\u0131\u015f kaplar bulunur. Sprey \u015fi\u015fe s\u0131v\u0131 \u00fcr\u00fcnler i\u00e7in, klasik \u015fi\u015fe ak\u0131\u015fkan \u00fcr\u00fcnler i\u00e7in, krem kaplar\u0131 ise yo\u011fun k\u0131vaml\u0131 bak\u0131m \u00fcr\u00fcnleri i\u00e7in uygundur. Bu sayede t\u00fcm bak\u0131m rutininizi yan\u0131n\u0131zda ta\u015f\u0131yabilirsiniz.\u015eeffaf ve esnek materyal sayesinde \u00fcr\u00fcnlerin i\u00e7eri\u011fi rahat\u00e7a g\u00f6r\u00fclebilir. Dayan\u0131kl\u0131 yap\u0131s\u0131 sayesinde deformasyona kar\u015f\u0131 diren\u00e7lidir.S\u0131zd\u0131rmaz kapak teknolojisi ile g\u00fcvenli kullan\u0131m sunar. Pratik ta\u015f\u0131ma \u00e7antas\u0131 sayesinde d\u00fczenli saklama sa\u011flar. G\u00fcnl\u00fck, seyahat ve spor kullan\u0131m\u0131na uygundur.<\/p>\n","protected":false},"excerpt":{"rendered":"<p>Ta\u015f\u0131nabilir 5 Par\u00e7a Seyahat Kozmetik Dolum Seti, minimal boyutlarda maksimum kullan\u0131m avantaj\u0131 sunar. Kompakt tasar\u0131m\u0131 sayesinde \u00e7antan\u0131zda neredeyse hi\u00e7 yer kaplamaz ve a\u011f\u0131rl\u0131k yapmaz.Set i\u00e7erisinde farkl\u0131 ihtiya\u00e7lara y\u00f6nelik tasarlanm\u0131\u015f kaplar bulunur. Sprey \u015fi\u015fe s\u0131v\u0131 \u00fcr\u00fcnler i\u00e7in, klasik \u015fi\u015fe ak\u0131\u015fkan \u00fcr\u00fcnler i\u00e7in, krem kaplar\u0131 ise yo\u011fun k\u0131vaml\u0131 bak\u0131m \u00fcr\u00fcnleri i\u00e7in uygundur. Bu sayede t\u00fcm bak\u0131m rutininizi&#8230;<\/p>\n","protected":false},"featured_media":128697,"comment_status":"open","ping_status":"closed","template":"","meta":{"_kad_post_transparent":"","_kad_post_title":"","_kad_post_layout":"","_kad_post_sidebar_id":"","_kad_post_content_style":"","_kad_post_vertical_padding":"","_kad_post_feature":"","_kad_post_feature_position":"","_kad_post_header":false,"_kad_post_footer":false,"_kad_post_classname":""},"product_brand":[],"product_cat":[15290],"product_tag":[],"class_list":{"0":"post-128698","1":"product","2":"type-product","3":"status-publish","4":"has-post-thumbnail","6":"product_cat-seyahat-sisesi-seyahat-sisesi","8":"first","9":"instock","10":"purchasable","11":"product-type-simple","12":"entry","13":"content-bg","14":"loop-entry"},"_links":{"self":[{"href":"https:\/\/www.hediyepazar.com\/index.php?rest_route=\/wp\/v2\/product\/128698","targetHints":{"allow":["GET"]}}],"collection":[{"href":"https:\/\/www.hediyepazar.com\/index.php?rest_route=\/wp\/v2\/product"}],"about":[{"href":"https:\/\/www.hediyepazar.com\/index.php?rest_route=\/wp\/v2\/types\/product"}],"replies":[{"embeddable":true,"href":"https:\/\/www.hediyepazar.com\/index.php?rest_route=%2Fwp%2Fv2%2Fcomments&post=128698"}],"wp:featuredmedia":[{"embeddable":true,"href":"https:\/\/www.hediyepazar.com\/index.php?rest_route=\/wp\/v2\/media\/128697"}],"wp:attachment":[{"href":"https:\/\/www.hediyepazar.com\/index.php?rest_route=%2Fwp%2Fv2%2Fmedia&parent=128698"}],"wp:term":[{"taxonomy":"product_brand","embeddable":true,"href":"https:\/\/www.hediyepazar.com\/index.php?rest_route=%2Fwp%2Fv2%2Fproduct_brand&post=128698"},{"taxonomy":"product_cat","embeddable":true,"href":"https:\/\/www.hediyepazar.com\/index.php?rest_route=%2Fwp%2Fv2%2Fproduct_cat&post=128698"},{"taxonomy":"product_tag","embeddable":true,"href":"https:\/\/www.hediyepazar.com\/index.php?rest_route=%2Fwp%2Fv2%2Fproduct_tag&post=128698"}],"curies":[{"name":"wp","href":"https:\/\/api.w.org\/{rel}","templated":true}]}}