{"id":128700,"date":"2026-05-07T02:34:26","date_gmt":"2026-05-07T05:34:26","guid":{"rendered":"https:\/\/www.hediyepazar.com\/?product=5li-seyahat-boy-kozmetik-sise-seti-30-ml-cantali-organizer"},"modified":"2026-05-07T02:34:26","modified_gmt":"2026-05-07T05:34:26","slug":"5li-seyahat-boy-kozmetik-sise-seti-30-ml-cantali-organizer","status":"publish","type":"product","link":"https:\/\/www.hediyepazar.com\/?product=5li-seyahat-boy-kozmetik-sise-seti-30-ml-cantali-organizer","title":{"rendered":"5\u2019li Seyahat Boy Kozmetik \u015ei\u015fe Seti 30 ml \u00c7antal\u0131 Organizer"},"content":{"rendered":"<p>5\u2019li Seyahat Boy Kozmetik \u015ei\u015fe Seti, seyahat s\u0131ras\u0131nda ki\u015fisel bak\u0131m \u00fcr\u00fcnlerinizi d\u00fczenli ve g\u00fcvenli \u015fekilde ta\u015f\u0131man\u0131z\u0131 sa\u011flayan pratik bir organizasyon \u00e7\u00f6z\u00fcm\u00fcd\u00fcr. 30 ml kapasiteye sahip \u015fi\u015feleri sayesinde hem hafif hem de u\u00e7ak kabin bagaj\u0131 kurallar\u0131na uygundur. Bu \u00f6zelli\u011fi sayesinde \u00f6zellikle yurt i\u00e7i ve yurt d\u0131\u015f\u0131 u\u00e7u\u015flarda rahatl\u0131kla tercih edilebilir.Set i\u00e7eri\u011finde bir adet s\u0131v\u0131 dolum \u015fi\u015fesi, bir adet sprey ba\u015fl\u0131kl\u0131 \u015fi\u015fe, bir adet \u015fampuan kab\u0131 ve iki adet krem saklama kutusu yer al\u0131r. Farkl\u0131 kap se\u00e7enekleri sayesinde \u015fampuan, du\u015f jeli, tonik, losyon, krem ve serum gibi \u00fcr\u00fcnlerinizi ayr\u0131 ayr\u0131 d\u00fczenleyebilirsiniz.\u015eeffaf g\u00f6vde yap\u0131s\u0131 sayesinde i\u00e7erik kolayca g\u00f6r\u00fclebilir. Bu \u00f6zellik doluluk oran\u0131n\u0131 kontrol etmeyi ve \u00fcr\u00fcn kar\u0131\u015f\u0131kl\u0131\u011f\u0131n\u0131 \u00f6nlemeyi sa\u011flar. Esnek ve dayan\u0131kl\u0131 plastik malzeme uzun \u00f6m\u00fcrl\u00fc kullan\u0131m sunar.S\u0131zd\u0131rmaz kapak sistemi sayesinde seyahat esnas\u0131nda akma ve d\u00f6k\u00fclme riskini azalt\u0131r. Fermuarl\u0131 ta\u015f\u0131ma \u00e7antas\u0131 ise hijyenik ve d\u00fczenli saklama imkan\u0131 sunar. Tatil, spor salonu, kamp ve g\u00fcnl\u00fck kullan\u0131m i\u00e7in ideal bir bak\u0131m setidir.<\/p>\n","protected":false},"excerpt":{"rendered":"<p>5\u2019li Seyahat Boy Kozmetik \u015ei\u015fe Seti, seyahat s\u0131ras\u0131nda ki\u015fisel bak\u0131m \u00fcr\u00fcnlerinizi d\u00fczenli ve g\u00fcvenli \u015fekilde ta\u015f\u0131man\u0131z\u0131 sa\u011flayan pratik bir organizasyon \u00e7\u00f6z\u00fcm\u00fcd\u00fcr. 30 ml kapasiteye sahip \u015fi\u015feleri sayesinde hem hafif hem de u\u00e7ak kabin bagaj\u0131 kurallar\u0131na uygundur. Bu \u00f6zelli\u011fi sayesinde \u00f6zellikle yurt i\u00e7i ve yurt d\u0131\u015f\u0131 u\u00e7u\u015flarda rahatl\u0131kla tercih edilebilir.Set i\u00e7eri\u011finde bir adet s\u0131v\u0131 dolum \u015fi\u015fesi,&#8230;<\/p>\n","protected":false},"featured_media":128699,"comment_status":"open","ping_status":"closed","template":"","meta":{"_kad_post_transparent":"","_kad_post_title":"","_kad_post_layout":"","_kad_post_sidebar_id":"","_kad_post_content_style":"","_kad_post_vertical_padding":"","_kad_post_feature":"","_kad_post_feature_position":"","_kad_post_header":false,"_kad_post_footer":false,"_kad_post_classname":""},"product_brand":[],"product_cat":[15290],"product_tag":[],"class_list":{"0":"post-128700","1":"product","2":"type-product","3":"status-publish","4":"has-post-thumbnail","6":"product_cat-seyahat-sisesi-seyahat-sisesi","8":"first","9":"instock","10":"purchasable","11":"product-type-simple","12":"entry","13":"content-bg","14":"loop-entry"},"_links":{"self":[{"href":"https:\/\/www.hediyepazar.com\/index.php?rest_route=\/wp\/v2\/product\/128700","targetHints":{"allow":["GET"]}}],"collection":[{"href":"https:\/\/www.hediyepazar.com\/index.php?rest_route=\/wp\/v2\/product"}],"about":[{"href":"https:\/\/www.hediyepazar.com\/index.php?rest_route=\/wp\/v2\/types\/product"}],"replies":[{"embeddable":true,"href":"https:\/\/www.hediyepazar.com\/index.php?rest_route=%2Fwp%2Fv2%2Fcomments&post=128700"}],"wp:featuredmedia":[{"embeddable":true,"href":"https:\/\/www.hediyepazar.com\/index.php?rest_route=\/wp\/v2\/media\/128699"}],"wp:attachment":[{"href":"https:\/\/www.hediyepazar.com\/index.php?rest_route=%2Fwp%2Fv2%2Fmedia&parent=128700"}],"wp:term":[{"taxonomy":"product_brand","embeddable":true,"href":"https:\/\/www.hediyepazar.com\/index.php?rest_route=%2Fwp%2Fv2%2Fproduct_brand&post=128700"},{"taxonomy":"product_cat","embeddable":true,"href":"https:\/\/www.hediyepazar.com\/index.php?rest_route=%2Fwp%2Fv2%2Fproduct_cat&post=128700"},{"taxonomy":"product_tag","embeddable":true,"href":"https:\/\/www.hediyepazar.com\/index.php?rest_route=%2Fwp%2Fv2%2Fproduct_tag&post=128700"}],"curies":[{"name":"wp","href":"https:\/\/api.w.org\/{rel}","templated":true}]}}