{"id":128704,"date":"2026-05-07T02:34:37","date_gmt":"2026-05-07T05:34:37","guid":{"rendered":"https:\/\/www.hediyepazar.com\/?product=seyahat-icin-5li-seffaf-kozmetik-kap-seti-30-ml"},"modified":"2026-05-07T02:34:37","modified_gmt":"2026-05-07T05:34:37","slug":"seyahat-icin-5li-seffaf-kozmetik-kap-seti-30-ml","status":"publish","type":"product","link":"https:\/\/www.hediyepazar.com\/?product=seyahat-icin-5li-seffaf-kozmetik-kap-seti-30-ml","title":{"rendered":"Seyahat \u0130\u00e7in 5\u2019li \u015eeffaf Kozmetik Kap Seti 30 ml"},"content":{"rendered":"<p>Seyahat \u0130\u00e7in 5\u2019li \u015eeffaf Kozmetik Kap Seti, pratik ve d\u00fczenli bir ta\u015f\u0131ma deneyimi sunar. 30 ml hacim sayesinde u\u00e7ak yolculuklar\u0131nda g\u00fcvenle tercih edilir.Farkl\u0131 kap se\u00e7enekleri ile krem, losyon, \u015fampuan ve sprey \u00fcr\u00fcnler i\u00e7in uygundur. \u015eeffaf tasar\u0131m\u0131 sayesinde i\u00e7eri\u011fi kolayca g\u00f6rebilirsiniz.Esnek ve sa\u011flam yap\u0131s\u0131 uzun s\u00fcreli kullan\u0131m sa\u011flar. S\u0131zd\u0131rmaz kapak sistemi ile d\u00f6k\u00fclme riskini azalt\u0131r.Kompakt yap\u0131s\u0131 ile spor, tatil ve g\u00fcnl\u00fck kullan\u0131m i\u00e7in idealdir.<\/p>\n","protected":false},"excerpt":{"rendered":"<p>Seyahat \u0130\u00e7in 5\u2019li \u015eeffaf Kozmetik Kap Seti, pratik ve d\u00fczenli bir ta\u015f\u0131ma deneyimi sunar. 30 ml hacim sayesinde u\u00e7ak yolculuklar\u0131nda g\u00fcvenle tercih edilir.Farkl\u0131 kap se\u00e7enekleri ile krem, losyon, \u015fampuan ve sprey \u00fcr\u00fcnler i\u00e7in uygundur. \u015eeffaf tasar\u0131m\u0131 sayesinde i\u00e7eri\u011fi kolayca g\u00f6rebilirsiniz.Esnek ve sa\u011flam yap\u0131s\u0131 uzun s\u00fcreli kullan\u0131m sa\u011flar. S\u0131zd\u0131rmaz kapak sistemi ile d\u00f6k\u00fclme riskini azalt\u0131r.Kompakt yap\u0131s\u0131&#8230;<\/p>\n","protected":false},"featured_media":128703,"comment_status":"open","ping_status":"closed","template":"","meta":{"_kad_post_transparent":"","_kad_post_title":"","_kad_post_layout":"","_kad_post_sidebar_id":"","_kad_post_content_style":"","_kad_post_vertical_padding":"","_kad_post_feature":"","_kad_post_feature_position":"","_kad_post_header":false,"_kad_post_footer":false,"_kad_post_classname":""},"product_brand":[],"product_cat":[15290],"product_tag":[],"class_list":{"0":"post-128704","1":"product","2":"type-product","3":"status-publish","4":"has-post-thumbnail","6":"product_cat-seyahat-sisesi-seyahat-sisesi","8":"first","9":"instock","10":"purchasable","11":"product-type-simple","12":"entry","13":"content-bg","14":"loop-entry"},"_links":{"self":[{"href":"https:\/\/www.hediyepazar.com\/index.php?rest_route=\/wp\/v2\/product\/128704","targetHints":{"allow":["GET"]}}],"collection":[{"href":"https:\/\/www.hediyepazar.com\/index.php?rest_route=\/wp\/v2\/product"}],"about":[{"href":"https:\/\/www.hediyepazar.com\/index.php?rest_route=\/wp\/v2\/types\/product"}],"replies":[{"embeddable":true,"href":"https:\/\/www.hediyepazar.com\/index.php?rest_route=%2Fwp%2Fv2%2Fcomments&post=128704"}],"wp:featuredmedia":[{"embeddable":true,"href":"https:\/\/www.hediyepazar.com\/index.php?rest_route=\/wp\/v2\/media\/128703"}],"wp:attachment":[{"href":"https:\/\/www.hediyepazar.com\/index.php?rest_route=%2Fwp%2Fv2%2Fmedia&parent=128704"}],"wp:term":[{"taxonomy":"product_brand","embeddable":true,"href":"https:\/\/www.hediyepazar.com\/index.php?rest_route=%2Fwp%2Fv2%2Fproduct_brand&post=128704"},{"taxonomy":"product_cat","embeddable":true,"href":"https:\/\/www.hediyepazar.com\/index.php?rest_route=%2Fwp%2Fv2%2Fproduct_cat&post=128704"},{"taxonomy":"product_tag","embeddable":true,"href":"https:\/\/www.hediyepazar.com\/index.php?rest_route=%2Fwp%2Fv2%2Fproduct_tag&post=128704"}],"curies":[{"name":"wp","href":"https:\/\/api.w.org\/{rel}","templated":true}]}}