{"id":128706,"date":"2026-05-07T02:34:43","date_gmt":"2026-05-07T05:34:43","guid":{"rendered":"https:\/\/www.hediyepazar.com\/?product=30-ml-5li-seyahat-sisesi-seti-cantali-kozmetik-organizer"},"modified":"2026-05-07T02:34:43","modified_gmt":"2026-05-07T05:34:43","slug":"30-ml-5li-seyahat-sisesi-seti-cantali-kozmetik-organizer","status":"publish","type":"product","link":"https:\/\/www.hediyepazar.com\/?product=30-ml-5li-seyahat-sisesi-seti-cantali-kozmetik-organizer","title":{"rendered":"30 ml 5\u2019li Seyahat \u015ei\u015fesi Seti \u00c7antal\u0131 Kozmetik Organizer"},"content":{"rendered":"<p>30 ml kapasiteli 5\u2019li seyahat \u015fi\u015fesi seti, ki\u015fisel bak\u0131m \u00fcr\u00fcnlerini k\u00fc\u00e7\u00fck ve pratik boyutlarda ta\u015f\u0131man\u0131za imkan tan\u0131r. \u00c7antal\u0131 yap\u0131s\u0131 sayesinde d\u00fczenli kullan\u0131m sunar ve \u00e7anta i\u00e7inde da\u011f\u0131lmay\u0131 \u00f6nler.Set i\u00e7eri\u011fi, farkl\u0131 kullan\u0131m ihtiya\u00e7lar\u0131na uygun \u015fekilde tasarlanm\u0131\u015ft\u0131r. S\u0131v\u0131 \u00fcr\u00fcnler i\u00e7in \u015fi\u015fe, sprey ba\u015fl\u0131kl\u0131 \u015fi\u015fe, \u015fampuanl\u0131k ve iki krem kab\u0131 bulunur.\u015eeffaf ve dayan\u0131kl\u0131 g\u00f6vde yap\u0131s\u0131 sayesinde i\u00e7erik kontrol\u00fc kolayd\u0131r. S\u0131zd\u0131rmaz kapak sistemi, seyahat s\u0131ras\u0131nda g\u00fcvenli kullan\u0131m sa\u011flar.Hafif ve ergonomik tasar\u0131m\u0131 sayesinde g\u00fcnl\u00fck \u00e7antada dahi rahatl\u0131kla ta\u015f\u0131nabilir.<\/p>\n","protected":false},"excerpt":{"rendered":"<p>30 ml kapasiteli 5\u2019li seyahat \u015fi\u015fesi seti, ki\u015fisel bak\u0131m \u00fcr\u00fcnlerini k\u00fc\u00e7\u00fck ve pratik boyutlarda ta\u015f\u0131man\u0131za imkan tan\u0131r. \u00c7antal\u0131 yap\u0131s\u0131 sayesinde d\u00fczenli kullan\u0131m sunar ve \u00e7anta i\u00e7inde da\u011f\u0131lmay\u0131 \u00f6nler.Set i\u00e7eri\u011fi, farkl\u0131 kullan\u0131m ihtiya\u00e7lar\u0131na uygun \u015fekilde tasarlanm\u0131\u015ft\u0131r. S\u0131v\u0131 \u00fcr\u00fcnler i\u00e7in \u015fi\u015fe, sprey ba\u015fl\u0131kl\u0131 \u015fi\u015fe, \u015fampuanl\u0131k ve iki krem kab\u0131 bulunur.\u015eeffaf ve dayan\u0131kl\u0131 g\u00f6vde yap\u0131s\u0131 sayesinde i\u00e7erik kontrol\u00fc&#8230;<\/p>\n","protected":false},"featured_media":128705,"comment_status":"open","ping_status":"closed","template":"","meta":{"_kad_post_transparent":"","_kad_post_title":"","_kad_post_layout":"","_kad_post_sidebar_id":"","_kad_post_content_style":"","_kad_post_vertical_padding":"","_kad_post_feature":"","_kad_post_feature_position":"","_kad_post_header":false,"_kad_post_footer":false,"_kad_post_classname":""},"product_brand":[],"product_cat":[15290],"product_tag":[],"class_list":{"0":"post-128706","1":"product","2":"type-product","3":"status-publish","4":"has-post-thumbnail","6":"product_cat-seyahat-sisesi-seyahat-sisesi","8":"first","9":"instock","10":"purchasable","11":"product-type-simple","12":"entry","13":"content-bg","14":"loop-entry"},"_links":{"self":[{"href":"https:\/\/www.hediyepazar.com\/index.php?rest_route=\/wp\/v2\/product\/128706","targetHints":{"allow":["GET"]}}],"collection":[{"href":"https:\/\/www.hediyepazar.com\/index.php?rest_route=\/wp\/v2\/product"}],"about":[{"href":"https:\/\/www.hediyepazar.com\/index.php?rest_route=\/wp\/v2\/types\/product"}],"replies":[{"embeddable":true,"href":"https:\/\/www.hediyepazar.com\/index.php?rest_route=%2Fwp%2Fv2%2Fcomments&post=128706"}],"wp:featuredmedia":[{"embeddable":true,"href":"https:\/\/www.hediyepazar.com\/index.php?rest_route=\/wp\/v2\/media\/128705"}],"wp:attachment":[{"href":"https:\/\/www.hediyepazar.com\/index.php?rest_route=%2Fwp%2Fv2%2Fmedia&parent=128706"}],"wp:term":[{"taxonomy":"product_brand","embeddable":true,"href":"https:\/\/www.hediyepazar.com\/index.php?rest_route=%2Fwp%2Fv2%2Fproduct_brand&post=128706"},{"taxonomy":"product_cat","embeddable":true,"href":"https:\/\/www.hediyepazar.com\/index.php?rest_route=%2Fwp%2Fv2%2Fproduct_cat&post=128706"},{"taxonomy":"product_tag","embeddable":true,"href":"https:\/\/www.hediyepazar.com\/index.php?rest_route=%2Fwp%2Fv2%2Fproduct_tag&post=128706"}],"curies":[{"name":"wp","href":"https:\/\/api.w.org\/{rel}","templated":true}]}}