{"id":128712,"date":"2026-05-07T02:36:03","date_gmt":"2026-05-07T05:36:03","guid":{"rendered":"https:\/\/www.hediyepazar.com\/?product=kompakt-5-parca-seyahat-kozmetik-sise-takimi"},"modified":"2026-05-07T02:36:03","modified_gmt":"2026-05-07T05:36:03","slug":"kompakt-5-parca-seyahat-kozmetik-sise-takimi","status":"publish","type":"product","link":"https:\/\/www.hediyepazar.com\/?product=kompakt-5-parca-seyahat-kozmetik-sise-takimi","title":{"rendered":"Kompakt 5 Par\u00e7a Seyahat Kozmetik \u015ei\u015fe Tak\u0131m\u0131"},"content":{"rendered":"<p>Kompakt 5 par\u00e7a seyahat kozmetik \u015fi\u015fe tak\u0131m\u0131, d\u00fczenli ve pratik ta\u015f\u0131ma \u00e7\u00f6z\u00fcm\u00fc sunar. 30 ml kapasite sayesinde el bagaj\u0131 i\u00e7in uygundur.\u015eeffaf g\u00f6vde yap\u0131s\u0131 ile dolum kontrol\u00fc sa\u011flar. Esnek ve dayan\u0131kl\u0131 malzemesi sayesinde g\u00fcvenli kullan\u0131m sunar.S\u0131zd\u0131rmaz tasar\u0131m\u0131 ile seyahatlerde rahatl\u0131k sa\u011flar. G\u00fcnl\u00fck kullan\u0131m i\u00e7in de idealdir.<\/p>\n","protected":false},"excerpt":{"rendered":"<p>Kompakt 5 par\u00e7a seyahat kozmetik \u015fi\u015fe tak\u0131m\u0131, d\u00fczenli ve pratik ta\u015f\u0131ma \u00e7\u00f6z\u00fcm\u00fc sunar. 30 ml kapasite sayesinde el bagaj\u0131 i\u00e7in uygundur.\u015eeffaf g\u00f6vde yap\u0131s\u0131 ile dolum kontrol\u00fc sa\u011flar. Esnek ve dayan\u0131kl\u0131 malzemesi sayesinde g\u00fcvenli kullan\u0131m sunar.S\u0131zd\u0131rmaz tasar\u0131m\u0131 ile seyahatlerde rahatl\u0131k sa\u011flar. G\u00fcnl\u00fck kullan\u0131m i\u00e7in de idealdir.<\/p>\n","protected":false},"featured_media":128711,"comment_status":"open","ping_status":"closed","template":"","meta":{"_kad_post_transparent":"","_kad_post_title":"","_kad_post_layout":"","_kad_post_sidebar_id":"","_kad_post_content_style":"","_kad_post_vertical_padding":"","_kad_post_feature":"","_kad_post_feature_position":"","_kad_post_header":false,"_kad_post_footer":false,"_kad_post_classname":""},"product_brand":[],"product_cat":[15290],"product_tag":[],"class_list":{"0":"post-128712","1":"product","2":"type-product","3":"status-publish","4":"has-post-thumbnail","6":"product_cat-seyahat-sisesi-seyahat-sisesi","8":"first","9":"instock","10":"purchasable","11":"product-type-simple","12":"entry","13":"content-bg","14":"loop-entry"},"_links":{"self":[{"href":"https:\/\/www.hediyepazar.com\/index.php?rest_route=\/wp\/v2\/product\/128712","targetHints":{"allow":["GET"]}}],"collection":[{"href":"https:\/\/www.hediyepazar.com\/index.php?rest_route=\/wp\/v2\/product"}],"about":[{"href":"https:\/\/www.hediyepazar.com\/index.php?rest_route=\/wp\/v2\/types\/product"}],"replies":[{"embeddable":true,"href":"https:\/\/www.hediyepazar.com\/index.php?rest_route=%2Fwp%2Fv2%2Fcomments&post=128712"}],"wp:featuredmedia":[{"embeddable":true,"href":"https:\/\/www.hediyepazar.com\/index.php?rest_route=\/wp\/v2\/media\/128711"}],"wp:attachment":[{"href":"https:\/\/www.hediyepazar.com\/index.php?rest_route=%2Fwp%2Fv2%2Fmedia&parent=128712"}],"wp:term":[{"taxonomy":"product_brand","embeddable":true,"href":"https:\/\/www.hediyepazar.com\/index.php?rest_route=%2Fwp%2Fv2%2Fproduct_brand&post=128712"},{"taxonomy":"product_cat","embeddable":true,"href":"https:\/\/www.hediyepazar.com\/index.php?rest_route=%2Fwp%2Fv2%2Fproduct_cat&post=128712"},{"taxonomy":"product_tag","embeddable":true,"href":"https:\/\/www.hediyepazar.com\/index.php?rest_route=%2Fwp%2Fv2%2Fproduct_tag&post=128712"}],"curies":[{"name":"wp","href":"https:\/\/api.w.org\/{rel}","templated":true}]}}