{"id":128716,"date":"2026-05-07T02:36:13","date_gmt":"2026-05-07T05:36:13","guid":{"rendered":"https:\/\/www.hediyepazar.com\/?product=seyahat-icin-5li-kozmetik-dolum-seti-30-ml"},"modified":"2026-05-07T02:36:13","modified_gmt":"2026-05-07T05:36:13","slug":"seyahat-icin-5li-kozmetik-dolum-seti-30-ml","status":"publish","type":"product","link":"https:\/\/www.hediyepazar.com\/?product=seyahat-icin-5li-kozmetik-dolum-seti-30-ml","title":{"rendered":"Seyahat \u0130\u00e7in 5\u2019li Kozmetik Dolum Seti 30 ml"},"content":{"rendered":"<p>Seyahat i\u00e7in \u00f6zel olarak tasarlanan 5\u2019li kozmetik dolum seti, bak\u0131m \u00fcr\u00fcnlerinizi k\u00fc\u00e7\u00fck boyutlarda ta\u015f\u0131man\u0131za imkan tan\u0131r. 30 ml kapasiteye sahip \u015fi\u015feler sayesinde s\u0131v\u0131 ve krem \u00fcr\u00fcnlerinizi pratik \u015fekilde yan\u0131n\u0131zda bulundurabilirsiniz.Set i\u00e7erisinde sprey \u015fi\u015fe, s\u0131v\u0131 \u015fi\u015fe, \u015fampuan kab\u0131 ve iki adet krem kutusu yer al\u0131r. Farkl\u0131 kullan\u0131m alanlar\u0131na uygun tasar\u0131m\u0131 sayesinde \u00e7ok y\u00f6nl\u00fc bir deneyim sunar.\u015eeffaf ve dayan\u0131kl\u0131 malzemesi sayesinde hem estetik hem fonksiyonel kullan\u0131m sa\u011flar. S\u0131zd\u0131rmaz kapak yap\u0131s\u0131 ile d\u00f6k\u00fclme riskini azalt\u0131r.Hafif ve ta\u015f\u0131nabilir yap\u0131s\u0131 sayesinde \u00e7anta i\u00e7inde minimum yer kaplar. Seyahat, spor ve g\u00fcnl\u00fck kullan\u0131m i\u00e7in idealdir.<\/p>\n","protected":false},"excerpt":{"rendered":"<p>Seyahat i\u00e7in \u00f6zel olarak tasarlanan 5\u2019li kozmetik dolum seti, bak\u0131m \u00fcr\u00fcnlerinizi k\u00fc\u00e7\u00fck boyutlarda ta\u015f\u0131man\u0131za imkan tan\u0131r. 30 ml kapasiteye sahip \u015fi\u015feler sayesinde s\u0131v\u0131 ve krem \u00fcr\u00fcnlerinizi pratik \u015fekilde yan\u0131n\u0131zda bulundurabilirsiniz.Set i\u00e7erisinde sprey \u015fi\u015fe, s\u0131v\u0131 \u015fi\u015fe, \u015fampuan kab\u0131 ve iki adet krem kutusu yer al\u0131r. Farkl\u0131 kullan\u0131m alanlar\u0131na uygun tasar\u0131m\u0131 sayesinde \u00e7ok y\u00f6nl\u00fc bir deneyim sunar.\u015eeffaf&#8230;<\/p>\n","protected":false},"featured_media":128715,"comment_status":"open","ping_status":"closed","template":"","meta":{"_kad_post_transparent":"","_kad_post_title":"","_kad_post_layout":"","_kad_post_sidebar_id":"","_kad_post_content_style":"","_kad_post_vertical_padding":"","_kad_post_feature":"","_kad_post_feature_position":"","_kad_post_header":false,"_kad_post_footer":false,"_kad_post_classname":""},"product_brand":[],"product_cat":[15290],"product_tag":[],"class_list":{"0":"post-128716","1":"product","2":"type-product","3":"status-publish","4":"has-post-thumbnail","6":"product_cat-seyahat-sisesi-seyahat-sisesi","8":"first","9":"instock","10":"purchasable","11":"product-type-simple","12":"entry","13":"content-bg","14":"loop-entry"},"_links":{"self":[{"href":"https:\/\/www.hediyepazar.com\/index.php?rest_route=\/wp\/v2\/product\/128716","targetHints":{"allow":["GET"]}}],"collection":[{"href":"https:\/\/www.hediyepazar.com\/index.php?rest_route=\/wp\/v2\/product"}],"about":[{"href":"https:\/\/www.hediyepazar.com\/index.php?rest_route=\/wp\/v2\/types\/product"}],"replies":[{"embeddable":true,"href":"https:\/\/www.hediyepazar.com\/index.php?rest_route=%2Fwp%2Fv2%2Fcomments&post=128716"}],"wp:featuredmedia":[{"embeddable":true,"href":"https:\/\/www.hediyepazar.com\/index.php?rest_route=\/wp\/v2\/media\/128715"}],"wp:attachment":[{"href":"https:\/\/www.hediyepazar.com\/index.php?rest_route=%2Fwp%2Fv2%2Fmedia&parent=128716"}],"wp:term":[{"taxonomy":"product_brand","embeddable":true,"href":"https:\/\/www.hediyepazar.com\/index.php?rest_route=%2Fwp%2Fv2%2Fproduct_brand&post=128716"},{"taxonomy":"product_cat","embeddable":true,"href":"https:\/\/www.hediyepazar.com\/index.php?rest_route=%2Fwp%2Fv2%2Fproduct_cat&post=128716"},{"taxonomy":"product_tag","embeddable":true,"href":"https:\/\/www.hediyepazar.com\/index.php?rest_route=%2Fwp%2Fv2%2Fproduct_tag&post=128716"}],"curies":[{"name":"wp","href":"https:\/\/api.w.org\/{rel}","templated":true}]}}