{"id":128718,"date":"2026-05-07T02:36:18","date_gmt":"2026-05-07T05:36:18","guid":{"rendered":"https:\/\/www.hediyepazar.com\/?product=5-parca-seyahat-boy-kozmetik-seti-seffaf-duzenleyici"},"modified":"2026-05-07T02:36:18","modified_gmt":"2026-05-07T05:36:18","slug":"5-parca-seyahat-boy-kozmetik-seti-seffaf-duzenleyici","status":"publish","type":"product","link":"https:\/\/www.hediyepazar.com\/?product=5-parca-seyahat-boy-kozmetik-seti-seffaf-duzenleyici","title":{"rendered":"5 Par\u00e7a Seyahat Boy Kozmetik Seti \u015eeffaf D\u00fczenleyici"},"content":{"rendered":"<p>5 Par\u00e7a Seyahat Boy Kozmetik Seti, minimal tasar\u0131m\u0131 ve fonksiyonel yap\u0131s\u0131 ile ki\u015fisel bak\u0131m rutininizi seyahatlerde de kesintisiz s\u00fcrd\u00fcrmenizi sa\u011flar. Set i\u00e7eri\u011finde bir adet 30 ml s\u0131v\u0131 \u015fi\u015fe, bir adet sprey \u015fi\u015fe, bir adet \u015fampuan kab\u0131 ve iki adet krem muhafaza kab\u0131 yer al\u0131r.\u015eeffaf tasar\u0131m\u0131 sayesinde i\u00e7erisine doldurdu\u011funuz \u00fcr\u00fcn\u00fc net \u015fekilde g\u00f6rebilir, doluluk oran\u0131n\u0131 kolayca kontrol edebilirsiniz. Esnek yap\u0131s\u0131 sayesinde s\u0131kma i\u015flemi rahatl\u0131kla yap\u0131labilir ve kullan\u0131m kolayl\u0131\u011f\u0131 sa\u011flar.S\u0131zd\u0131rmaz kapak teknolojisi, seyahat s\u0131ras\u0131nda \u00e7anta i\u00e7inde g\u00fcvenli ta\u015f\u0131ma sunar. \u00d6zellikle uzun yolculuklarda veya spor sonras\u0131 kullan\u0131mda pratiklik sa\u011flar. Fermuarl\u0131 ta\u015f\u0131ma \u00e7antas\u0131, d\u00fczenli ve hijyenik saklama imkan\u0131 sunarak da\u011f\u0131n\u0131kl\u0131\u011f\u0131 \u00f6nler.Kompakt \u00f6l\u00e7\u00fcleri sayesinde el bagaj\u0131na uygundur ve yer tasarrufu sa\u011flar. G\u00fcnl\u00fck kullan\u0131m, spor salonu, tatil ve kamp gibi farkl\u0131 alanlarda rahatl\u0131kla kullan\u0131labilir.<\/p>\n","protected":false},"excerpt":{"rendered":"<p>5 Par\u00e7a Seyahat Boy Kozmetik Seti, minimal tasar\u0131m\u0131 ve fonksiyonel yap\u0131s\u0131 ile ki\u015fisel bak\u0131m rutininizi seyahatlerde de kesintisiz s\u00fcrd\u00fcrmenizi sa\u011flar. Set i\u00e7eri\u011finde bir adet 30 ml s\u0131v\u0131 \u015fi\u015fe, bir adet sprey \u015fi\u015fe, bir adet \u015fampuan kab\u0131 ve iki adet krem muhafaza kab\u0131 yer al\u0131r.\u015eeffaf tasar\u0131m\u0131 sayesinde i\u00e7erisine doldurdu\u011funuz \u00fcr\u00fcn\u00fc net \u015fekilde g\u00f6rebilir, doluluk oran\u0131n\u0131 kolayca&#8230;<\/p>\n","protected":false},"featured_media":128717,"comment_status":"open","ping_status":"closed","template":"","meta":{"_kad_post_transparent":"","_kad_post_title":"","_kad_post_layout":"","_kad_post_sidebar_id":"","_kad_post_content_style":"","_kad_post_vertical_padding":"","_kad_post_feature":"","_kad_post_feature_position":"","_kad_post_header":false,"_kad_post_footer":false,"_kad_post_classname":""},"product_brand":[],"product_cat":[15290],"product_tag":[],"class_list":{"0":"post-128718","1":"product","2":"type-product","3":"status-publish","4":"has-post-thumbnail","6":"product_cat-seyahat-sisesi-seyahat-sisesi","8":"first","9":"instock","10":"purchasable","11":"product-type-simple","12":"entry","13":"content-bg","14":"loop-entry"},"_links":{"self":[{"href":"https:\/\/www.hediyepazar.com\/index.php?rest_route=\/wp\/v2\/product\/128718","targetHints":{"allow":["GET"]}}],"collection":[{"href":"https:\/\/www.hediyepazar.com\/index.php?rest_route=\/wp\/v2\/product"}],"about":[{"href":"https:\/\/www.hediyepazar.com\/index.php?rest_route=\/wp\/v2\/types\/product"}],"replies":[{"embeddable":true,"href":"https:\/\/www.hediyepazar.com\/index.php?rest_route=%2Fwp%2Fv2%2Fcomments&post=128718"}],"wp:featuredmedia":[{"embeddable":true,"href":"https:\/\/www.hediyepazar.com\/index.php?rest_route=\/wp\/v2\/media\/128717"}],"wp:attachment":[{"href":"https:\/\/www.hediyepazar.com\/index.php?rest_route=%2Fwp%2Fv2%2Fmedia&parent=128718"}],"wp:term":[{"taxonomy":"product_brand","embeddable":true,"href":"https:\/\/www.hediyepazar.com\/index.php?rest_route=%2Fwp%2Fv2%2Fproduct_brand&post=128718"},{"taxonomy":"product_cat","embeddable":true,"href":"https:\/\/www.hediyepazar.com\/index.php?rest_route=%2Fwp%2Fv2%2Fproduct_cat&post=128718"},{"taxonomy":"product_tag","embeddable":true,"href":"https:\/\/www.hediyepazar.com\/index.php?rest_route=%2Fwp%2Fv2%2Fproduct_tag&post=128718"}],"curies":[{"name":"wp","href":"https:\/\/api.w.org\/{rel}","templated":true}]}}