{"id":128722,"date":"2026-05-07T02:36:31","date_gmt":"2026-05-07T05:36:31","guid":{"rendered":"https:\/\/www.hediyepazar.com\/?product=5-parca-seffaf-seyahat-kozmetik-seti-30-ml"},"modified":"2026-05-07T02:36:31","modified_gmt":"2026-05-07T05:36:31","slug":"5-parca-seffaf-seyahat-kozmetik-seti-30-ml","status":"publish","type":"product","link":"https:\/\/www.hediyepazar.com\/?product=5-parca-seffaf-seyahat-kozmetik-seti-30-ml","title":{"rendered":"5 Par\u00e7a \u015eeffaf Seyahat Kozmetik Seti 30 ml"},"content":{"rendered":"<p>5 par\u00e7a \u015feffaf seyahat kozmetik seti, minimal tasar\u0131m\u0131 ve pratik kullan\u0131m avantaj\u0131 ile \u00f6ne \u00e7\u0131kar. \u0130\u00e7eri\u011finde farkl\u0131 formda \u015fi\u015fe ve krem kaplar\u0131 bulunur.S\u0131zd\u0131rmaz sistem sayesinde g\u00fcvenli ta\u015f\u0131ma sa\u011flar. Kompakt boyutu sayesinde yer kaplamaz.Spor, tatil ve g\u00fcnl\u00fck kullan\u0131m i\u00e7in idealdir.<\/p>\n","protected":false},"excerpt":{"rendered":"<p>5 par\u00e7a \u015feffaf seyahat kozmetik seti, minimal tasar\u0131m\u0131 ve pratik kullan\u0131m avantaj\u0131 ile \u00f6ne \u00e7\u0131kar. \u0130\u00e7eri\u011finde farkl\u0131 formda \u015fi\u015fe ve krem kaplar\u0131 bulunur.S\u0131zd\u0131rmaz sistem sayesinde g\u00fcvenli ta\u015f\u0131ma sa\u011flar. Kompakt boyutu sayesinde yer kaplamaz.Spor, tatil ve g\u00fcnl\u00fck kullan\u0131m i\u00e7in idealdir.<\/p>\n","protected":false},"featured_media":128721,"comment_status":"open","ping_status":"closed","template":"","meta":{"_kad_post_transparent":"","_kad_post_title":"","_kad_post_layout":"","_kad_post_sidebar_id":"","_kad_post_content_style":"","_kad_post_vertical_padding":"","_kad_post_feature":"","_kad_post_feature_position":"","_kad_post_header":false,"_kad_post_footer":false,"_kad_post_classname":""},"product_brand":[],"product_cat":[15290],"product_tag":[],"class_list":{"0":"post-128722","1":"product","2":"type-product","3":"status-publish","4":"has-post-thumbnail","6":"product_cat-seyahat-sisesi-seyahat-sisesi","8":"first","9":"instock","10":"purchasable","11":"product-type-simple","12":"entry","13":"content-bg","14":"loop-entry"},"_links":{"self":[{"href":"https:\/\/www.hediyepazar.com\/index.php?rest_route=\/wp\/v2\/product\/128722","targetHints":{"allow":["GET"]}}],"collection":[{"href":"https:\/\/www.hediyepazar.com\/index.php?rest_route=\/wp\/v2\/product"}],"about":[{"href":"https:\/\/www.hediyepazar.com\/index.php?rest_route=\/wp\/v2\/types\/product"}],"replies":[{"embeddable":true,"href":"https:\/\/www.hediyepazar.com\/index.php?rest_route=%2Fwp%2Fv2%2Fcomments&post=128722"}],"wp:featuredmedia":[{"embeddable":true,"href":"https:\/\/www.hediyepazar.com\/index.php?rest_route=\/wp\/v2\/media\/128721"}],"wp:attachment":[{"href":"https:\/\/www.hediyepazar.com\/index.php?rest_route=%2Fwp%2Fv2%2Fmedia&parent=128722"}],"wp:term":[{"taxonomy":"product_brand","embeddable":true,"href":"https:\/\/www.hediyepazar.com\/index.php?rest_route=%2Fwp%2Fv2%2Fproduct_brand&post=128722"},{"taxonomy":"product_cat","embeddable":true,"href":"https:\/\/www.hediyepazar.com\/index.php?rest_route=%2Fwp%2Fv2%2Fproduct_cat&post=128722"},{"taxonomy":"product_tag","embeddable":true,"href":"https:\/\/www.hediyepazar.com\/index.php?rest_route=%2Fwp%2Fv2%2Fproduct_tag&post=128722"}],"curies":[{"name":"wp","href":"https:\/\/api.w.org\/{rel}","templated":true}]}}