{"id":128724,"date":"2026-05-07T02:36:35","date_gmt":"2026-05-07T05:36:35","guid":{"rendered":"https:\/\/www.hediyepazar.com\/?product=tasinabilir-5li-seyahat-banyo-seti-seffaf-kozmetik-kaplari"},"modified":"2026-05-07T02:36:35","modified_gmt":"2026-05-07T05:36:35","slug":"tasinabilir-5li-seyahat-banyo-seti-seffaf-kozmetik-kaplari","status":"publish","type":"product","link":"https:\/\/www.hediyepazar.com\/?product=tasinabilir-5li-seyahat-banyo-seti-seffaf-kozmetik-kaplari","title":{"rendered":"Ta\u015f\u0131nabilir 5\u2019li Seyahat Banyo Seti \u015eeffaf Kozmetik Kaplar\u0131"},"content":{"rendered":"<p>Ta\u015f\u0131nabilir 5\u2019li seyahat banyo seti, ki\u015fisel bak\u0131m \u00fcr\u00fcnlerinizi d\u00fczenli ta\u015f\u0131man\u0131z\u0131 sa\u011flar. 30 ml boyut avantaj\u0131 ile el bagaj\u0131 i\u00e7in uygundur.\u015eeffaf ve esnek yap\u0131s\u0131 sayesinde i\u00e7eri\u011fi g\u00f6rebilir, g\u00fcvenli \u015fekilde kullanabilirsiniz. S\u0131zd\u0131rmaz kapak sistemi ile d\u00f6k\u00fclme yapmaz.Fermuarl\u0131 ta\u015f\u0131ma \u00e7antas\u0131 ile hijyenik saklama sunar. G\u00fcnl\u00fck ve seyahat kullan\u0131m\u0131na uygundur.<\/p>\n","protected":false},"excerpt":{"rendered":"<p>Ta\u015f\u0131nabilir 5\u2019li seyahat banyo seti, ki\u015fisel bak\u0131m \u00fcr\u00fcnlerinizi d\u00fczenli ta\u015f\u0131man\u0131z\u0131 sa\u011flar. 30 ml boyut avantaj\u0131 ile el bagaj\u0131 i\u00e7in uygundur.\u015eeffaf ve esnek yap\u0131s\u0131 sayesinde i\u00e7eri\u011fi g\u00f6rebilir, g\u00fcvenli \u015fekilde kullanabilirsiniz. S\u0131zd\u0131rmaz kapak sistemi ile d\u00f6k\u00fclme yapmaz.Fermuarl\u0131 ta\u015f\u0131ma \u00e7antas\u0131 ile hijyenik saklama sunar. G\u00fcnl\u00fck ve seyahat kullan\u0131m\u0131na uygundur.<\/p>\n","protected":false},"featured_media":128723,"comment_status":"open","ping_status":"closed","template":"","meta":{"_kad_post_transparent":"","_kad_post_title":"","_kad_post_layout":"","_kad_post_sidebar_id":"","_kad_post_content_style":"","_kad_post_vertical_padding":"","_kad_post_feature":"","_kad_post_feature_position":"","_kad_post_header":false,"_kad_post_footer":false,"_kad_post_classname":""},"product_brand":[],"product_cat":[15290],"product_tag":[],"class_list":{"0":"post-128724","1":"product","2":"type-product","3":"status-publish","4":"has-post-thumbnail","6":"product_cat-seyahat-sisesi-seyahat-sisesi","8":"first","9":"instock","10":"purchasable","11":"product-type-simple","12":"entry","13":"content-bg","14":"loop-entry"},"_links":{"self":[{"href":"https:\/\/www.hediyepazar.com\/index.php?rest_route=\/wp\/v2\/product\/128724","targetHints":{"allow":["GET"]}}],"collection":[{"href":"https:\/\/www.hediyepazar.com\/index.php?rest_route=\/wp\/v2\/product"}],"about":[{"href":"https:\/\/www.hediyepazar.com\/index.php?rest_route=\/wp\/v2\/types\/product"}],"replies":[{"embeddable":true,"href":"https:\/\/www.hediyepazar.com\/index.php?rest_route=%2Fwp%2Fv2%2Fcomments&post=128724"}],"wp:featuredmedia":[{"embeddable":true,"href":"https:\/\/www.hediyepazar.com\/index.php?rest_route=\/wp\/v2\/media\/128723"}],"wp:attachment":[{"href":"https:\/\/www.hediyepazar.com\/index.php?rest_route=%2Fwp%2Fv2%2Fmedia&parent=128724"}],"wp:term":[{"taxonomy":"product_brand","embeddable":true,"href":"https:\/\/www.hediyepazar.com\/index.php?rest_route=%2Fwp%2Fv2%2Fproduct_brand&post=128724"},{"taxonomy":"product_cat","embeddable":true,"href":"https:\/\/www.hediyepazar.com\/index.php?rest_route=%2Fwp%2Fv2%2Fproduct_cat&post=128724"},{"taxonomy":"product_tag","embeddable":true,"href":"https:\/\/www.hediyepazar.com\/index.php?rest_route=%2Fwp%2Fv2%2Fproduct_tag&post=128724"}],"curies":[{"name":"wp","href":"https:\/\/api.w.org\/{rel}","templated":true}]}}