{"id":128728,"date":"2026-05-07T02:36:44","date_gmt":"2026-05-07T05:36:44","guid":{"rendered":"https:\/\/www.hediyepazar.com\/?product=seyahat-icin-5li-seffaf-kozmetik-sise-seti-30-ml"},"modified":"2026-05-07T02:36:44","modified_gmt":"2026-05-07T05:36:44","slug":"seyahat-icin-5li-seffaf-kozmetik-sise-seti-30-ml","status":"publish","type":"product","link":"https:\/\/www.hediyepazar.com\/?product=seyahat-icin-5li-seffaf-kozmetik-sise-seti-30-ml","title":{"rendered":"Seyahat \u0130\u00e7in 5\u2019li \u015eeffaf Kozmetik \u015ei\u015fe Seti 30 ml"},"content":{"rendered":"<p>Seyahat i\u00e7in \u00f6zel olarak tasarlanan 5\u2019li \u015feffaf kozmetik \u015fi\u015fe seti, ki\u015fisel bak\u0131m \u00fcr\u00fcnlerinizi g\u00fcvenli ve d\u00fczenli \u015fekilde ta\u015f\u0131man\u0131z\u0131 sa\u011flar. Set i\u00e7erisinde bir adet 30 ml s\u0131v\u0131 \u015fi\u015fe, bir adet sprey \u015fi\u015fe, bir adet \u015fampuan kab\u0131 ve iki adet krem kutusu yer al\u0131r. Farkl\u0131 ba\u015fl\u0131k tipleri sayesinde s\u0131v\u0131 ve krem formundaki \u00fcr\u00fcnler i\u00e7in uygun kullan\u0131m sunar.\u015eeffaf tasar\u0131m\u0131 sayesinde i\u00e7ine koydu\u011funuz \u00fcr\u00fcn\u00fc kolayca g\u00f6rebilir ve kontrol edebilirsiniz. Esnek ve dayan\u0131kl\u0131 materyal yap\u0131s\u0131 sayesinde uzun s\u00fcreli kullan\u0131m sa\u011flar. S\u0131zd\u0131rmaz kapak sistemi, \u00e7antan\u0131z\u0131n i\u00e7inde d\u00f6k\u00fclme riskini \u00f6nler.Kompakt boyutu sayesinde u\u00e7ak seyahatlerinde el bagaj\u0131na uygundur. Spor salonu, kamp, g\u00fcnl\u00fck kullan\u0131m ve i\u015f seyahatleri i\u00e7in idealdir. Fermuarl\u0131 ta\u015f\u0131ma \u00e7antas\u0131 sayesinde \u00fcr\u00fcnler d\u00fczenli kal\u0131r ve hijyenik \u015fekilde muhafaza edilir.<\/p>\n","protected":false},"excerpt":{"rendered":"<p>Seyahat i\u00e7in \u00f6zel olarak tasarlanan 5\u2019li \u015feffaf kozmetik \u015fi\u015fe seti, ki\u015fisel bak\u0131m \u00fcr\u00fcnlerinizi g\u00fcvenli ve d\u00fczenli \u015fekilde ta\u015f\u0131man\u0131z\u0131 sa\u011flar. Set i\u00e7erisinde bir adet 30 ml s\u0131v\u0131 \u015fi\u015fe, bir adet sprey \u015fi\u015fe, bir adet \u015fampuan kab\u0131 ve iki adet krem kutusu yer al\u0131r. Farkl\u0131 ba\u015fl\u0131k tipleri sayesinde s\u0131v\u0131 ve krem formundaki \u00fcr\u00fcnler i\u00e7in uygun kullan\u0131m sunar.\u015eeffaf&#8230;<\/p>\n","protected":false},"featured_media":128727,"comment_status":"open","ping_status":"closed","template":"","meta":{"_kad_post_transparent":"","_kad_post_title":"","_kad_post_layout":"","_kad_post_sidebar_id":"","_kad_post_content_style":"","_kad_post_vertical_padding":"","_kad_post_feature":"","_kad_post_feature_position":"","_kad_post_header":false,"_kad_post_footer":false,"_kad_post_classname":""},"product_brand":[],"product_cat":[15290],"product_tag":[],"class_list":{"0":"post-128728","1":"product","2":"type-product","3":"status-publish","4":"has-post-thumbnail","6":"product_cat-seyahat-sisesi-seyahat-sisesi","8":"first","9":"instock","10":"purchasable","11":"product-type-simple","12":"entry","13":"content-bg","14":"loop-entry"},"_links":{"self":[{"href":"https:\/\/www.hediyepazar.com\/index.php?rest_route=\/wp\/v2\/product\/128728","targetHints":{"allow":["GET"]}}],"collection":[{"href":"https:\/\/www.hediyepazar.com\/index.php?rest_route=\/wp\/v2\/product"}],"about":[{"href":"https:\/\/www.hediyepazar.com\/index.php?rest_route=\/wp\/v2\/types\/product"}],"replies":[{"embeddable":true,"href":"https:\/\/www.hediyepazar.com\/index.php?rest_route=%2Fwp%2Fv2%2Fcomments&post=128728"}],"wp:featuredmedia":[{"embeddable":true,"href":"https:\/\/www.hediyepazar.com\/index.php?rest_route=\/wp\/v2\/media\/128727"}],"wp:attachment":[{"href":"https:\/\/www.hediyepazar.com\/index.php?rest_route=%2Fwp%2Fv2%2Fmedia&parent=128728"}],"wp:term":[{"taxonomy":"product_brand","embeddable":true,"href":"https:\/\/www.hediyepazar.com\/index.php?rest_route=%2Fwp%2Fv2%2Fproduct_brand&post=128728"},{"taxonomy":"product_cat","embeddable":true,"href":"https:\/\/www.hediyepazar.com\/index.php?rest_route=%2Fwp%2Fv2%2Fproduct_cat&post=128728"},{"taxonomy":"product_tag","embeddable":true,"href":"https:\/\/www.hediyepazar.com\/index.php?rest_route=%2Fwp%2Fv2%2Fproduct_tag&post=128728"}],"curies":[{"name":"wp","href":"https:\/\/api.w.org\/{rel}","templated":true}]}}