{"id":128734,"date":"2026-05-07T02:37:03","date_gmt":"2026-05-07T05:37:03","guid":{"rendered":"https:\/\/www.hediyepazar.com\/?product=tasinabilir-kopek-ayak-temizleme-aparati-silikon-fircali"},"modified":"2026-05-07T02:37:03","modified_gmt":"2026-05-07T05:37:03","slug":"tasinabilir-kopek-ayak-temizleme-aparati-silikon-fircali","status":"publish","type":"product","link":"https:\/\/www.hediyepazar.com\/?product=tasinabilir-kopek-ayak-temizleme-aparati-silikon-fircali","title":{"rendered":"Ta\u015f\u0131nabilir K\u00f6pek Ayak Temizleme Aparat\u0131 Silikon F\u0131r\u00e7al\u0131"},"content":{"rendered":"<p>K\u00f6pek pati y\u0131kama kab\u0131, ev temizli\u011fini kolayla\u015ft\u0131ran pratik bir yard\u0131mc\u0131d\u0131r. \u00d6zellikle ya\u011fmurlu g\u00fcnlerde \u00e7amurlu patilerin olu\u015fturdu\u011fu kirlili\u011fi \u00f6nlemek i\u00e7in tasarlanm\u0131\u015ft\u0131r.Yumu\u015fak silikon f\u0131r\u00e7alar patiye zarar vermez ve nazik bir temizlik sa\u011flar. Yuvarlak ba\u015fl\u0131kl\u0131 tasar\u0131m sayesinde temizlik performans\u0131 art\u0131r\u0131lm\u0131\u015ft\u0131r.Kullan\u0131m\u0131 basittir ve k\u0131sa s\u00fcrede sonu\u00e7 verir. Ev ve ara\u00e7 i\u00e7inde rahatl\u0131kla kullan\u0131labilir.<\/p>\n","protected":false},"excerpt":{"rendered":"<p>K\u00f6pek pati y\u0131kama kab\u0131, ev temizli\u011fini kolayla\u015ft\u0131ran pratik bir yard\u0131mc\u0131d\u0131r. \u00d6zellikle ya\u011fmurlu g\u00fcnlerde \u00e7amurlu patilerin olu\u015fturdu\u011fu kirlili\u011fi \u00f6nlemek i\u00e7in tasarlanm\u0131\u015ft\u0131r.Yumu\u015fak silikon f\u0131r\u00e7alar patiye zarar vermez ve nazik bir temizlik sa\u011flar. Yuvarlak ba\u015fl\u0131kl\u0131 tasar\u0131m sayesinde temizlik performans\u0131 art\u0131r\u0131lm\u0131\u015ft\u0131r.Kullan\u0131m\u0131 basittir ve k\u0131sa s\u00fcrede sonu\u00e7 verir. Ev ve ara\u00e7 i\u00e7inde rahatl\u0131kla kullan\u0131labilir.<\/p>\n","protected":false},"featured_media":128733,"comment_status":"open","ping_status":"closed","template":"","meta":{"_kad_post_transparent":"","_kad_post_title":"","_kad_post_layout":"","_kad_post_sidebar_id":"","_kad_post_content_style":"","_kad_post_vertical_padding":"","_kad_post_feature":"","_kad_post_feature_position":"","_kad_post_header":false,"_kad_post_footer":false,"_kad_post_classname":""},"product_brand":[],"product_cat":[14338],"product_tag":[],"class_list":{"0":"post-128734","1":"product","2":"type-product","3":"status-publish","4":"has-post-thumbnail","6":"product_cat-evcil-hayvan-urunleri-pet-shop-supermarket-evcil-hayvan-urunleri","8":"first","9":"instock","10":"purchasable","11":"product-type-simple","12":"entry","13":"content-bg","14":"loop-entry"},"_links":{"self":[{"href":"https:\/\/www.hediyepazar.com\/index.php?rest_route=\/wp\/v2\/product\/128734","targetHints":{"allow":["GET"]}}],"collection":[{"href":"https:\/\/www.hediyepazar.com\/index.php?rest_route=\/wp\/v2\/product"}],"about":[{"href":"https:\/\/www.hediyepazar.com\/index.php?rest_route=\/wp\/v2\/types\/product"}],"replies":[{"embeddable":true,"href":"https:\/\/www.hediyepazar.com\/index.php?rest_route=%2Fwp%2Fv2%2Fcomments&post=128734"}],"wp:featuredmedia":[{"embeddable":true,"href":"https:\/\/www.hediyepazar.com\/index.php?rest_route=\/wp\/v2\/media\/128733"}],"wp:attachment":[{"href":"https:\/\/www.hediyepazar.com\/index.php?rest_route=%2Fwp%2Fv2%2Fmedia&parent=128734"}],"wp:term":[{"taxonomy":"product_brand","embeddable":true,"href":"https:\/\/www.hediyepazar.com\/index.php?rest_route=%2Fwp%2Fv2%2Fproduct_brand&post=128734"},{"taxonomy":"product_cat","embeddable":true,"href":"https:\/\/www.hediyepazar.com\/index.php?rest_route=%2Fwp%2Fv2%2Fproduct_cat&post=128734"},{"taxonomy":"product_tag","embeddable":true,"href":"https:\/\/www.hediyepazar.com\/index.php?rest_route=%2Fwp%2Fv2%2Fproduct_tag&post=128734"}],"curies":[{"name":"wp","href":"https:\/\/api.w.org\/{rel}","templated":true}]}}