{"id":128786,"date":"2026-05-07T02:45:04","date_gmt":"2026-05-07T05:45:04","guid":{"rendered":"https:\/\/www.hediyepazar.com\/?product=3u-1-arada-kablosuz-hava-mouse-mini-klavye-kumanda"},"modified":"2026-05-07T02:45:04","modified_gmt":"2026-05-07T05:45:04","slug":"3u-1-arada-kablosuz-hava-mouse-mini-klavye-kumanda","status":"publish","type":"product","link":"https:\/\/www.hediyepazar.com\/?product=3u-1-arada-kablosuz-hava-mouse-mini-klavye-kumanda","title":{"rendered":"3\u2019\u00fc 1 Arada Kablosuz Hava Mouse Mini Klavye Kumanda"},"content":{"rendered":"<p>Tak ve \u00e7al\u0131\u015ft\u0131r \u00f6zelli\u011fi ile \u00f6ne \u00e7\u0131kan bu kablosuz hava mouse, kurulum gerektirmeden an\u0131nda kullan\u0131ma haz\u0131rd\u0131r. USB al\u0131c\u0131y\u0131 cihaz\u0131n\u0131za takman\u0131z yeterlidir. Otomatik uyku modu sayesinde pil tasarrufu sa\u011flar ve herhangi bir tu\u015fa bas\u0131ld\u0131\u011f\u0131nda an\u0131nda uyan\u0131r. Ev sinema sistemleri, sunumlar ve g\u00fcnl\u00fck bilgisayar kullan\u0131m\u0131 i\u00e7in pratik bir \u00e7\u00f6z\u00fcmd\u00fcr.<\/p>\n","protected":false},"excerpt":{"rendered":"<p>Tak ve \u00e7al\u0131\u015ft\u0131r \u00f6zelli\u011fi ile \u00f6ne \u00e7\u0131kan bu kablosuz hava mouse, kurulum gerektirmeden an\u0131nda kullan\u0131ma haz\u0131rd\u0131r. USB al\u0131c\u0131y\u0131 cihaz\u0131n\u0131za takman\u0131z yeterlidir. Otomatik uyku modu sayesinde pil tasarrufu sa\u011flar ve herhangi bir tu\u015fa bas\u0131ld\u0131\u011f\u0131nda an\u0131nda uyan\u0131r. Ev sinema sistemleri, sunumlar ve g\u00fcnl\u00fck bilgisayar kullan\u0131m\u0131 i\u00e7in pratik bir \u00e7\u00f6z\u00fcmd\u00fcr.<\/p>\n","protected":false},"featured_media":128785,"comment_status":"open","ping_status":"closed","template":"","meta":{"_kad_post_transparent":"","_kad_post_title":"","_kad_post_layout":"","_kad_post_sidebar_id":"","_kad_post_content_style":"","_kad_post_vertical_padding":"","_kad_post_feature":"","_kad_post_feature_position":"","_kad_post_header":false,"_kad_post_footer":false,"_kad_post_classname":""},"product_brand":[],"product_cat":[15302],"product_tag":[],"class_list":{"0":"post-128786","1":"product","2":"type-product","3":"status-publish","4":"has-post-thumbnail","6":"product_cat-tv-aksesuarlari-tv-goruntu-ses-sistemleri-elektronik-aksesuarlar-elektronik-uzaktan-kumanda","8":"first","9":"instock","10":"purchasable","11":"product-type-simple","12":"entry","13":"content-bg","14":"loop-entry"},"_links":{"self":[{"href":"https:\/\/www.hediyepazar.com\/index.php?rest_route=\/wp\/v2\/product\/128786","targetHints":{"allow":["GET"]}}],"collection":[{"href":"https:\/\/www.hediyepazar.com\/index.php?rest_route=\/wp\/v2\/product"}],"about":[{"href":"https:\/\/www.hediyepazar.com\/index.php?rest_route=\/wp\/v2\/types\/product"}],"replies":[{"embeddable":true,"href":"https:\/\/www.hediyepazar.com\/index.php?rest_route=%2Fwp%2Fv2%2Fcomments&post=128786"}],"wp:featuredmedia":[{"embeddable":true,"href":"https:\/\/www.hediyepazar.com\/index.php?rest_route=\/wp\/v2\/media\/128785"}],"wp:attachment":[{"href":"https:\/\/www.hediyepazar.com\/index.php?rest_route=%2Fwp%2Fv2%2Fmedia&parent=128786"}],"wp:term":[{"taxonomy":"product_brand","embeddable":true,"href":"https:\/\/www.hediyepazar.com\/index.php?rest_route=%2Fwp%2Fv2%2Fproduct_brand&post=128786"},{"taxonomy":"product_cat","embeddable":true,"href":"https:\/\/www.hediyepazar.com\/index.php?rest_route=%2Fwp%2Fv2%2Fproduct_cat&post=128786"},{"taxonomy":"product_tag","embeddable":true,"href":"https:\/\/www.hediyepazar.com\/index.php?rest_route=%2Fwp%2Fv2%2Fproduct_tag&post=128786"}],"curies":[{"name":"wp","href":"https:\/\/api.w.org\/{rel}","templated":true}]}}