{"id":128788,"date":"2026-05-07T02:45:10","date_gmt":"2026-05-07T05:45:10","guid":{"rendered":"https:\/\/www.hediyepazar.com\/?product=android-tv-ve-pc-uyumlu-kablosuz-hava-fareli-kumanda"},"modified":"2026-05-07T02:45:10","modified_gmt":"2026-05-07T05:45:10","slug":"android-tv-ve-pc-uyumlu-kablosuz-hava-fareli-kumanda","status":"publish","type":"product","link":"https:\/\/www.hediyepazar.com\/?product=android-tv-ve-pc-uyumlu-kablosuz-hava-fareli-kumanda","title":{"rendered":"Android TV ve PC Uyumlu Kablosuz Hava Fareli Kumanda"},"content":{"rendered":"<p>Kablosuz mini klavye ve hava fare kombinasyonu, oyun ve multimedya deneyimini \u00fcst seviyeye ta\u015f\u0131r. 6 eksenli MEMS jiroskop teknolojisi sayesinde oyunlarda daha hassas ve h\u0131zl\u0131 tepki verir. Film, dizi ve uygulamalar aras\u0131nda rahat ge\u00e7i\u015f sa\u011flar. \u015earj edilebilir 200mAh lityum pil ile donat\u0131lm\u0131\u015ft\u0131r ve tek \u015farjla uzun s\u00fcreli kullan\u0131m sunar. Kabloya ihtiya\u00e7 duymadan \u00f6zg\u00fcr kullan\u0131m imk\u00e2n\u0131 sa\u011flar.<\/p>\n","protected":false},"excerpt":{"rendered":"<p>Kablosuz mini klavye ve hava fare kombinasyonu, oyun ve multimedya deneyimini \u00fcst seviyeye ta\u015f\u0131r. 6 eksenli MEMS jiroskop teknolojisi sayesinde oyunlarda daha hassas ve h\u0131zl\u0131 tepki verir. Film, dizi ve uygulamalar aras\u0131nda rahat ge\u00e7i\u015f sa\u011flar. \u015earj edilebilir 200mAh lityum pil ile donat\u0131lm\u0131\u015ft\u0131r ve tek \u015farjla uzun s\u00fcreli kullan\u0131m sunar. Kabloya ihtiya\u00e7 duymadan \u00f6zg\u00fcr kullan\u0131m imk\u00e2n\u0131&#8230;<\/p>\n","protected":false},"featured_media":128787,"comment_status":"open","ping_status":"closed","template":"","meta":{"_kad_post_transparent":"","_kad_post_title":"","_kad_post_layout":"","_kad_post_sidebar_id":"","_kad_post_content_style":"","_kad_post_vertical_padding":"","_kad_post_feature":"","_kad_post_feature_position":"","_kad_post_header":false,"_kad_post_footer":false,"_kad_post_classname":""},"product_brand":[],"product_cat":[15302],"product_tag":[],"class_list":{"0":"post-128788","1":"product","2":"type-product","3":"status-publish","4":"has-post-thumbnail","6":"product_cat-tv-aksesuarlari-tv-goruntu-ses-sistemleri-elektronik-aksesuarlar-elektronik-uzaktan-kumanda","8":"first","9":"instock","10":"purchasable","11":"product-type-simple","12":"entry","13":"content-bg","14":"loop-entry"},"_links":{"self":[{"href":"https:\/\/www.hediyepazar.com\/index.php?rest_route=\/wp\/v2\/product\/128788","targetHints":{"allow":["GET"]}}],"collection":[{"href":"https:\/\/www.hediyepazar.com\/index.php?rest_route=\/wp\/v2\/product"}],"about":[{"href":"https:\/\/www.hediyepazar.com\/index.php?rest_route=\/wp\/v2\/types\/product"}],"replies":[{"embeddable":true,"href":"https:\/\/www.hediyepazar.com\/index.php?rest_route=%2Fwp%2Fv2%2Fcomments&post=128788"}],"wp:featuredmedia":[{"embeddable":true,"href":"https:\/\/www.hediyepazar.com\/index.php?rest_route=\/wp\/v2\/media\/128787"}],"wp:attachment":[{"href":"https:\/\/www.hediyepazar.com\/index.php?rest_route=%2Fwp%2Fv2%2Fmedia&parent=128788"}],"wp:term":[{"taxonomy":"product_brand","embeddable":true,"href":"https:\/\/www.hediyepazar.com\/index.php?rest_route=%2Fwp%2Fv2%2Fproduct_brand&post=128788"},{"taxonomy":"product_cat","embeddable":true,"href":"https:\/\/www.hediyepazar.com\/index.php?rest_route=%2Fwp%2Fv2%2Fproduct_cat&post=128788"},{"taxonomy":"product_tag","embeddable":true,"href":"https:\/\/www.hediyepazar.com\/index.php?rest_route=%2Fwp%2Fv2%2Fproduct_tag&post=128788"}],"curies":[{"name":"wp","href":"https:\/\/api.w.org\/{rel}","templated":true}]}}