{"id":128790,"date":"2026-05-07T02:45:17","date_gmt":"2026-05-07T05:45:17","guid":{"rendered":"https:\/\/www.hediyepazar.com\/?product=kablosuz-air-mouse-mini-klavye-cok-fonksiyonlu"},"modified":"2026-05-07T02:45:17","modified_gmt":"2026-05-07T05:45:17","slug":"kablosuz-air-mouse-mini-klavye-cok-fonksiyonlu","status":"publish","type":"product","link":"https:\/\/www.hediyepazar.com\/?product=kablosuz-air-mouse-mini-klavye-cok-fonksiyonlu","title":{"rendered":"Kablosuz Air Mouse Mini Klavye \u00c7ok Fonksiyonlu"},"content":{"rendered":"<p>Mini ve ta\u015f\u0131nabilir yap\u0131s\u0131 sayesinde her ortamda rahatl\u0131kla kullan\u0131labilen bu hava mouse, 360 derece y\u00f6ns\u00fcz kontrol imk\u00e2n\u0131 sunar. Hafif sallama hareketleriyle imle\u00e7 kontrol\u00fc yap\u0131labilir. Ak\u0131ll\u0131 TV, Android TV box, HTPC ve PC sistemleriyle geni\u015f uyumluluk sa\u011flar. Ergonomik tasar\u0131m\u0131 uzun s\u00fcreli kullan\u0131mlarda bile el yorgunlu\u011funu minimuma indirir. Ev e\u011flencesi ve ofis kullan\u0131m\u0131 i\u00e7in ideal bir yard\u0131mc\u0131d\u0131r.<\/p>\n","protected":false},"excerpt":{"rendered":"<p>Mini ve ta\u015f\u0131nabilir yap\u0131s\u0131 sayesinde her ortamda rahatl\u0131kla kullan\u0131labilen bu hava mouse, 360 derece y\u00f6ns\u00fcz kontrol imk\u00e2n\u0131 sunar. Hafif sallama hareketleriyle imle\u00e7 kontrol\u00fc yap\u0131labilir. Ak\u0131ll\u0131 TV, Android TV box, HTPC ve PC sistemleriyle geni\u015f uyumluluk sa\u011flar. Ergonomik tasar\u0131m\u0131 uzun s\u00fcreli kullan\u0131mlarda bile el yorgunlu\u011funu minimuma indirir. Ev e\u011flencesi ve ofis kullan\u0131m\u0131 i\u00e7in ideal bir yard\u0131mc\u0131d\u0131r.<\/p>\n","protected":false},"featured_media":128789,"comment_status":"open","ping_status":"closed","template":"","meta":{"_kad_post_transparent":"","_kad_post_title":"","_kad_post_layout":"","_kad_post_sidebar_id":"","_kad_post_content_style":"","_kad_post_vertical_padding":"","_kad_post_feature":"","_kad_post_feature_position":"","_kad_post_header":false,"_kad_post_footer":false,"_kad_post_classname":""},"product_brand":[],"product_cat":[15302],"product_tag":[],"class_list":{"0":"post-128790","1":"product","2":"type-product","3":"status-publish","4":"has-post-thumbnail","6":"product_cat-tv-aksesuarlari-tv-goruntu-ses-sistemleri-elektronik-aksesuarlar-elektronik-uzaktan-kumanda","8":"first","9":"instock","10":"purchasable","11":"product-type-simple","12":"entry","13":"content-bg","14":"loop-entry"},"_links":{"self":[{"href":"https:\/\/www.hediyepazar.com\/index.php?rest_route=\/wp\/v2\/product\/128790","targetHints":{"allow":["GET"]}}],"collection":[{"href":"https:\/\/www.hediyepazar.com\/index.php?rest_route=\/wp\/v2\/product"}],"about":[{"href":"https:\/\/www.hediyepazar.com\/index.php?rest_route=\/wp\/v2\/types\/product"}],"replies":[{"embeddable":true,"href":"https:\/\/www.hediyepazar.com\/index.php?rest_route=%2Fwp%2Fv2%2Fcomments&post=128790"}],"wp:featuredmedia":[{"embeddable":true,"href":"https:\/\/www.hediyepazar.com\/index.php?rest_route=\/wp\/v2\/media\/128789"}],"wp:attachment":[{"href":"https:\/\/www.hediyepazar.com\/index.php?rest_route=%2Fwp%2Fv2%2Fmedia&parent=128790"}],"wp:term":[{"taxonomy":"product_brand","embeddable":true,"href":"https:\/\/www.hediyepazar.com\/index.php?rest_route=%2Fwp%2Fv2%2Fproduct_brand&post=128790"},{"taxonomy":"product_cat","embeddable":true,"href":"https:\/\/www.hediyepazar.com\/index.php?rest_route=%2Fwp%2Fv2%2Fproduct_cat&post=128790"},{"taxonomy":"product_tag","embeddable":true,"href":"https:\/\/www.hediyepazar.com\/index.php?rest_route=%2Fwp%2Fv2%2Fproduct_tag&post=128790"}],"curies":[{"name":"wp","href":"https:\/\/api.w.org\/{rel}","templated":true}]}}