{"id":128792,"date":"2026-05-07T02:46:00","date_gmt":"2026-05-07T05:46:00","guid":{"rendered":"https:\/\/www.hediyepazar.com\/?product=cift-tarafli-hava-mouse-kablosuz-klavye-ve-uzaktan-kumanda"},"modified":"2026-05-07T02:46:00","modified_gmt":"2026-05-07T05:46:00","slug":"cift-tarafli-hava-mouse-kablosuz-klavye-ve-uzaktan-kumanda","status":"publish","type":"product","link":"https:\/\/www.hediyepazar.com\/?product=cift-tarafli-hava-mouse-kablosuz-klavye-ve-uzaktan-kumanda","title":{"rendered":"\u00c7ift Tarafl\u0131 Hava Mouse Kablosuz Klavye ve Uzaktan Kumanda"},"content":{"rendered":"<p>Bu \u00e7ok fonksiyonlu kablosuz kumanda, 2.4G kablosuz ba\u011flant\u0131 ile h\u0131zl\u0131 ve stabil ileti\u015fim sa\u011flar. Kapal\u0131 alanlarda 10 metreye, a\u00e7\u0131k alanlarda 30 metreye kadar \u00e7al\u0131\u015fma mesafesi sunar. Somatosens\u00f6r jiroskop sistemi sayesinde fare imlecini sadece bilek hareketleriyle kontrol edebilirsiniz. Film izlerken, sunum yaparken veya oyun oynarken maksimum kullan\u0131m kolayl\u0131\u011f\u0131 sa\u011flar. D\u00fc\u015f\u00fck g\u00fc\u00e7 t\u00fcketimi ve otomatik uyku modu ile uzun s\u00fcreli kullan\u0131m i\u00e7in idealdir.<\/p>\n","protected":false},"excerpt":{"rendered":"<p>Bu \u00e7ok fonksiyonlu kablosuz kumanda, 2.4G kablosuz ba\u011flant\u0131 ile h\u0131zl\u0131 ve stabil ileti\u015fim sa\u011flar. Kapal\u0131 alanlarda 10 metreye, a\u00e7\u0131k alanlarda 30 metreye kadar \u00e7al\u0131\u015fma mesafesi sunar. Somatosens\u00f6r jiroskop sistemi sayesinde fare imlecini sadece bilek hareketleriyle kontrol edebilirsiniz. Film izlerken, sunum yaparken veya oyun oynarken maksimum kullan\u0131m kolayl\u0131\u011f\u0131 sa\u011flar. D\u00fc\u015f\u00fck g\u00fc\u00e7 t\u00fcketimi ve otomatik uyku modu&#8230;<\/p>\n","protected":false},"featured_media":128791,"comment_status":"open","ping_status":"closed","template":"","meta":{"_kad_post_transparent":"","_kad_post_title":"","_kad_post_layout":"","_kad_post_sidebar_id":"","_kad_post_content_style":"","_kad_post_vertical_padding":"","_kad_post_feature":"","_kad_post_feature_position":"","_kad_post_header":false,"_kad_post_footer":false,"_kad_post_classname":""},"product_brand":[],"product_cat":[15302],"product_tag":[],"class_list":{"0":"post-128792","1":"product","2":"type-product","3":"status-publish","4":"has-post-thumbnail","6":"product_cat-tv-aksesuarlari-tv-goruntu-ses-sistemleri-elektronik-aksesuarlar-elektronik-uzaktan-kumanda","8":"first","9":"instock","10":"purchasable","11":"product-type-simple","12":"entry","13":"content-bg","14":"loop-entry"},"_links":{"self":[{"href":"https:\/\/www.hediyepazar.com\/index.php?rest_route=\/wp\/v2\/product\/128792","targetHints":{"allow":["GET"]}}],"collection":[{"href":"https:\/\/www.hediyepazar.com\/index.php?rest_route=\/wp\/v2\/product"}],"about":[{"href":"https:\/\/www.hediyepazar.com\/index.php?rest_route=\/wp\/v2\/types\/product"}],"replies":[{"embeddable":true,"href":"https:\/\/www.hediyepazar.com\/index.php?rest_route=%2Fwp%2Fv2%2Fcomments&post=128792"}],"wp:featuredmedia":[{"embeddable":true,"href":"https:\/\/www.hediyepazar.com\/index.php?rest_route=\/wp\/v2\/media\/128791"}],"wp:attachment":[{"href":"https:\/\/www.hediyepazar.com\/index.php?rest_route=%2Fwp%2Fv2%2Fmedia&parent=128792"}],"wp:term":[{"taxonomy":"product_brand","embeddable":true,"href":"https:\/\/www.hediyepazar.com\/index.php?rest_route=%2Fwp%2Fv2%2Fproduct_brand&post=128792"},{"taxonomy":"product_cat","embeddable":true,"href":"https:\/\/www.hediyepazar.com\/index.php?rest_route=%2Fwp%2Fv2%2Fproduct_cat&post=128792"},{"taxonomy":"product_tag","embeddable":true,"href":"https:\/\/www.hediyepazar.com\/index.php?rest_route=%2Fwp%2Fv2%2Fproduct_tag&post=128792"}],"curies":[{"name":"wp","href":"https:\/\/api.w.org\/{rel}","templated":true}]}}